{"id":3539,"date":"2021-11-08T12:42:27","date_gmt":"2021-11-08T12:42:27","guid":{"rendered":"https:\/\/www.adpetros.com\/?page_id=3539"},"modified":"2023-12-12T09:56:19","modified_gmt":"2023-12-12T09:56:19","slug":"flare-power-generation","status":"publish","type":"page","link":"https:\/\/www.adpetros.com\/es\/flare-power-generation\/","title":{"rendered":"Flare Power Generation"},"content":{"rendered":"\t\t<div data-elementor-type=\"wp-page\" data-elementor-id=\"3539\" class=\"elementor elementor-3539\" data-elementor-settings=\"{&quot;ha_cmc_init_switcher&quot;:&quot;no&quot;}\">\n\t\t\t\t\t\t<section class=\"has_eae_slider elementor-section elementor-top-section elementor-element elementor-element-161e505 elementor-section-boxed elementor-section-height-default elementor-section-height-default jltma-glass-effect-no\" data-eae-slider=\"58906\" data-id=\"161e505\" data-element_type=\"section\" data-e-type=\"section\" data-settings=\"{&quot;background_background&quot;:&quot;classic&quot;,&quot;_ha_eqh_enable&quot;:false}\">\n\t\t\t\t\t\t\t<div class=\"elementor-background-overlay\"><\/div>\n\t\t\t\t\t\t\t<div class=\"elementor-container elementor-column-gap-no\">\n\t\t\t\t\t<div class=\"has_eae_slider elementor-column elementor-col-100 elementor-top-column elementor-element elementor-element-f5e0bdc jltma-glass-effect-no\" data-eae-slider=\"65767\" data-id=\"f5e0bdc\" data-element_type=\"column\" data-e-type=\"column\">\n\t\t\t<div class=\"elementor-widget-wrap elementor-element-populated\">\n\t\t\t\t\t\t<div class=\"elementor-element elementor-element-7fc6a98 jltma-glass-effect-no elementor-widget elementor-widget-heading\" data-id=\"7fc6a98\" data-element_type=\"widget\" data-e-type=\"widget\" data-widget_type=\"heading.default\">\n\t\t\t\t<div class=\"elementor-widget-container\">\n\t\t\t\t\t<h2 class=\"elementor-heading-title elementor-size-default\">ADPetros - Flare Power Generation<\/h2>\t\t\t\t<\/div>\n\t\t\t\t<\/div>\n\t\t\t\t\t<\/div>\n\t\t<\/div>\n\t\t\t\t\t<\/div>\n\t\t<\/section>\n\t\t\t\t<section class=\"has_eae_slider elementor-section elementor-top-section elementor-element elementor-element-9eb77b6 elementor-section-full_width triangle-divider-container triangle-divider-container-2 elementor-hidden-phone elementor-section-height-default elementor-section-height-default jltma-glass-effect-no\" data-eae-slider=\"52572\" data-id=\"9eb77b6\" data-element_type=\"section\" data-e-type=\"section\" data-settings=\"{&quot;background_background&quot;:&quot;classic&quot;,&quot;shape_divider_bottom&quot;:&quot;triangle&quot;}\">\n\t\t\t\t\t<div class=\"elementor-shape elementor-shape-bottom\" aria-hidden=\"true\" data-negative=\"false\">\n\t\t\t<svg xmlns=\"http:\/\/www.w3.org\/2000\/svg\" viewBox=\"0 0 1000 100\" preserveAspectRatio=\"none\">\n\t<path class=\"elementor-shape-fill\" d=\"M500,98.9L0,6.1V0h1000v6.1L500,98.9z\"\/>\n<\/svg>\t\t<\/div>\n\t\t\t\t\t<div class=\"elementor-container elementor-column-gap-default\">\n\t\t\t\t\t<div class=\"has_eae_slider elementor-column elementor-col-50 elementor-top-column elementor-element elementor-element-ff1be08 jltma-glass-effect-no\" data-eae-slider=\"24860\" data-id=\"ff1be08\" data-element_type=\"column\" data-e-type=\"column\" data-settings=\"{&quot;background_background&quot;:&quot;classic&quot;}\">\n\t\t\t<div class=\"elementor-widget-wrap\">\n\t\t\t\t\t\t\t<\/div>\n\t\t<\/div>\n\t\t\t\t<div class=\"has_eae_slider elementor-column elementor-col-50 elementor-top-column elementor-element elementor-element-56cabfd jltma-glass-effect-no\" data-eae-slider=\"68902\" data-id=\"56cabfd\" data-element_type=\"column\" data-e-type=\"column\" data-settings=\"{&quot;background_background&quot;:&quot;classic&quot;}\">\n\t\t\t<div class=\"elementor-widget-wrap elementor-element-populated\">\n\t\t\t\t\t\t<section class=\"has_eae_slider elementor-section elementor-inner-section elementor-element elementor-element-778e568 elementor-section-full_width transparent-inner elementor-section-height-default elementor-section-height-default jltma-glass-effect-no\" data-eae-slider=\"37117\" data-id=\"778e568\" data-element_type=\"section\" data-e-type=\"section\" data-settings=\"{&quot;background_background&quot;:&quot;classic&quot;,&quot;_ha_eqh_enable&quot;:false}\">\n\t\t\t\t\t\t<div class=\"elementor-container elementor-column-gap-default\">\n\t\t\t\t\t<div class=\"has_eae_slider elementor-column elementor-col-50 elementor-inner-column elementor-element elementor-element-b25a26f jltma-glass-effect-no\" data-eae-slider=\"18213\" data-id=\"b25a26f\" data-element_type=\"column\" data-e-type=\"column\">\n\t\t\t<div class=\"elementor-widget-wrap\">\n\t\t\t\t\t\t\t<\/div>\n\t\t<\/div>\n\t\t\t\t<div class=\"has_eae_slider elementor-column elementor-col-50 elementor-inner-column elementor-element elementor-element-7525903 jltma-glass-effect-no\" data-eae-slider=\"66779\" data-id=\"7525903\" data-element_type=\"column\" data-e-type=\"column\">\n\t\t\t<div class=\"elementor-widget-wrap\">\n\t\t\t\t\t\t\t<\/div>\n\t\t<\/div>\n\t\t\t\t\t<\/div>\n\t\t<\/section>\n\t\t\t\t<section class=\"has_eae_slider elementor-section elementor-inner-section elementor-element elementor-element-250959b elementor-section-full_width not-transparent-inner elementor-section-height-default elementor-section-height-default jltma-glass-effect-no\" data-eae-slider=\"61098\" data-id=\"250959b\" data-element_type=\"section\" data-e-type=\"section\" data-settings=\"{&quot;background_background&quot;:&quot;classic&quot;,&quot;_ha_eqh_enable&quot;:false}\">\n\t\t\t\t\t\t<div class=\"elementor-container elementor-column-gap-default\">\n\t\t\t\t\t<div class=\"has_eae_slider elementor-column elementor-col-50 elementor-inner-column elementor-element elementor-element-87b8241 jltma-glass-effect-no\" data-eae-slider=\"93798\" data-id=\"87b8241\" data-element_type=\"column\" data-e-type=\"column\">\n\t\t\t<div class=\"elementor-widget-wrap\">\n\t\t\t\t\t\t\t<\/div>\n\t\t<\/div>\n\t\t\t\t<div class=\"has_eae_slider elementor-column elementor-col-50 elementor-inner-column elementor-element elementor-element-4040a56 jltma-glass-effect-no\" data-eae-slider=\"35507\" data-id=\"4040a56\" data-element_type=\"column\" data-e-type=\"column\">\n\t\t\t<div class=\"elementor-widget-wrap\">\n\t\t\t\t\t\t\t<\/div>\n\t\t<\/div>\n\t\t\t\t\t<\/div>\n\t\t<\/section>\n\t\t\t\t\t<\/div>\n\t\t<\/div>\n\t\t\t\t\t<\/div>\n\t\t<\/section>\n\t\t\t\t<section class=\"has_eae_slider elementor-section elementor-top-section elementor-element elementor-element-8df02d3 elementor-section-full_width elementor-section-height-default elementor-section-height-default jltma-glass-effect-no\" data-eae-slider=\"77734\" data-id=\"8df02d3\" data-element_type=\"section\" data-e-type=\"section\" data-settings=\"{&quot;_ha_eqh_enable&quot;:false}\">\n\t\t\t\t\t\t<div class=\"elementor-container elementor-column-gap-default\">\n\t\t\t\t\t<div class=\"has_eae_slider elementor-column elementor-col-50 elementor-top-column elementor-element elementor-element-974cd55 jltma-glass-effect-no\" data-eae-slider=\"42825\" data-id=\"974cd55\" data-element_type=\"column\" data-e-type=\"column\" data-settings=\"{&quot;background_background&quot;:&quot;classic&quot;}\">\n\t\t\t<div class=\"elementor-widget-wrap elementor-element-populated\">\n\t\t\t\t\t\t<div class=\"elementor-element elementor-element-c9e38ba jltma-glass-effect-no elementor-widget elementor-widget-image\" data-id=\"c9e38ba\" data-element_type=\"widget\" data-e-type=\"widget\" data-widget_type=\"image.default\">\n\t\t\t\t<div class=\"elementor-widget-container\">\n\t\t\t\t\t\t\t\t\t\t\t\t\t\t\t<img fetchpriority=\"high\" decoding=\"async\" width=\"1024\" height=\"484\" src=\"https:\/\/www.adpetros.com\/wp-content\/uploads\/2023\/12\/adpetros-flare-power-1024x484.jpg\" class=\"attachment-large size-large wp-image-3625\" alt=\"\" srcset=\"https:\/\/www.adpetros.com\/wp-content\/uploads\/2023\/12\/adpetros-flare-power-1024x484.jpg 1024w, https:\/\/www.adpetros.com\/wp-content\/uploads\/2023\/12\/adpetros-flare-power-300x142.jpg 300w, https:\/\/www.adpetros.com\/wp-content\/uploads\/2023\/12\/adpetros-flare-power-768x363.jpg 768w, https:\/\/www.adpetros.com\/wp-content\/uploads\/2023\/12\/adpetros-flare-power.jpg 1217w\" sizes=\"(max-width: 1024px) 100vw, 1024px\" \/>\t\t\t\t\t\t\t\t\t\t\t\t\t\t\t<\/div>\n\t\t\t\t<\/div>\n\t\t\t\t<div class=\"elementor-element elementor-element-29ab16e jltma-glass-effect-no elementor-widget elementor-widget-text-editor\" data-id=\"29ab16e\" data-element_type=\"widget\" data-e-type=\"widget\" data-widget_type=\"text-editor.default\">\n\t\t\t\t<div class=\"elementor-widget-container\">\n\t\t\t\t\t\t\t\t\t<p>Usamos gas de flare para producir electricidad, reduciendo 98% de las emiciones de CH\u2084, 63% de CO\u2082 y 93% (VOC) C\u2082H\u2086, C\u2083H\u2088, C\u2084H\u2081\u2080, C5H12, C6H6, C6H5CH3, C\u2088H\u2081\u2080 y C2H4, que la industria del petroleo emite. Como opcion ADETROS puede juntar la tecnolog\u00eda que aprovecha los humos calientes generados en el escape para ahorrar en cada MW de electricidad mas 2.800 toneladas de CO2 y 1.400 toneladas de combustible equivalente al a\u00f1o. Esta alta eficiencia reduce el consumo energ\u00e9tico de la planta y reduce la huella de carbono.<\/p>\t\t\t\t\t\t\t\t<\/div>\n\t\t\t\t<\/div>\n\t\t\t\t<div class=\"elementor-element elementor-element-0d558fd jltma-glass-effect-no elementor-widget elementor-widget-image\" data-id=\"0d558fd\" data-element_type=\"widget\" data-e-type=\"widget\" data-widget_type=\"image.default\">\n\t\t\t\t<div class=\"elementor-widget-container\">\n\t\t\t\t\t\t\t\t\t\t\t\t\t\t\t<img decoding=\"async\" width=\"1024\" height=\"654\" src=\"https:\/\/www.adpetros.com\/wp-content\/uploads\/2023\/12\/adpetros-flare-zero2-1024x654.jpg\" class=\"attachment-large size-large wp-image-3637\" alt=\"\" srcset=\"https:\/\/www.adpetros.com\/wp-content\/uploads\/2023\/12\/adpetros-flare-zero2-1024x654.jpg 1024w, https:\/\/www.adpetros.com\/wp-content\/uploads\/2023\/12\/adpetros-flare-zero2-300x192.jpg 300w, https:\/\/www.adpetros.com\/wp-content\/uploads\/2023\/12\/adpetros-flare-zero2-768x490.jpg 768w, https:\/\/www.adpetros.com\/wp-content\/uploads\/2023\/12\/adpetros-flare-zero2-1536x981.jpg 1536w, https:\/\/www.adpetros.com\/wp-content\/uploads\/2023\/12\/adpetros-flare-zero2.jpg 1696w\" sizes=\"(max-width: 1024px) 100vw, 1024px\" \/>\t\t\t\t\t\t\t\t\t\t\t\t\t\t\t<\/div>\n\t\t\t\t<\/div>\n\t\t\t\t<div class=\"elementor-element elementor-element-99532d7 jltma-glass-effect-no elementor-widget elementor-widget-text-editor\" data-id=\"99532d7\" data-element_type=\"widget\" data-e-type=\"widget\" data-widget_type=\"text-editor.default\">\n\t\t\t\t<div class=\"elementor-widget-container\">\n\t\t\t\t\t\t\t\t\t<p>El impacto clim\u00e1tico de la quema de gases asociados es el mismo que el de las emisiones anuales de 77 millones de autom\u00f3viles. Si se convirtieran en cr\u00e9ditos de carbono a 75 d\u00f3lares por tonelada m\u00e9trica, las emisiones valdr\u00edan 30 mil millones de d\u00f3lares.<\/p>\t\t\t\t\t\t\t\t<\/div>\n\t\t\t\t<\/div>\n\t\t\t\t<div class=\"elementor-element elementor-element-ce4768b jltma-glass-effect-no elementor-widget elementor-widget-text-editor\" data-id=\"ce4768b\" data-element_type=\"widget\" data-e-type=\"widget\" data-widget_type=\"text-editor.default\">\n\t\t\t\t<div class=\"elementor-widget-container\">\n\t\t\t\t\t\t\t\t\t<p>ADPETROS al integrar el sistema de recuperaci\u00f3n de gas de quema propuesto, con la utilizacion de 6000 m3\\dia, por MW, posiblita la recuperacion del 87% del poder calor\u00edfico disponible en el gas associado. Adem\u00e1s, los aspectos medioambientales que se mejoran considerablemente al evitar la liberaci\u00f3n de 14 mtCO2 equivalentes al d\u00eda a la atm\u00f3sfera. Debido a los efectos superpuestos de los par\u00e1metros operativos del sistema, se lleva a cabo una optimizaci\u00f3n multiobjetivo ecologico, optimizacion del proceso, con autoconsumo en el campo o refineria de petrolero, suministro de energia electrica a la industria, agricultura, comercio y a las poblaciones locales, evitando tambi\u00e9n las hospitalizaciones por enfermedades respiratorias de las personas que viven a hasta 90 km de los mechurrios, afectados por los contaminantes nocivos que provocan enfermedades, p\u00e9rdida de vidas y da\u00f1os a propiedades en las comunidades donde se quema gas.<\/p>\t\t\t\t\t\t\t\t<\/div>\n\t\t\t\t<\/div>\n\t\t\t\t\t<\/div>\n\t\t<\/div>\n\t\t\t\t<div class=\"has_eae_slider elementor-column elementor-col-50 elementor-top-column elementor-element elementor-element-296b78f elementor-hidden-phone jltma-glass-effect-no\" data-eae-slider=\"71682\" data-id=\"296b78f\" data-element_type=\"column\" data-e-type=\"column\" data-settings=\"{&quot;background_background&quot;:&quot;classic&quot;}\">\n\t\t\t<div class=\"elementor-widget-wrap elementor-element-populated\">\n\t\t\t\t\t\t<div class=\"elementor-element elementor-element-5d0aef7 jltma-glass-effect-no elementor-widget elementor-widget-image\" data-id=\"5d0aef7\" data-element_type=\"widget\" data-e-type=\"widget\" data-widget_type=\"image.default\">\n\t\t\t\t<div class=\"elementor-widget-container\">\n\t\t\t\t\t\t\t\t\t\t\t\t\t\t\t<img decoding=\"async\" width=\"512\" height=\"512\" src=\"https:\/\/www.adpetros.com\/wp-content\/uploads\/2023\/12\/adpetros-flare-power-01.jpg\" class=\"attachment-large size-large wp-image-3646\" alt=\"\" srcset=\"https:\/\/www.adpetros.com\/wp-content\/uploads\/2023\/12\/adpetros-flare-power-01.jpg 512w, https:\/\/www.adpetros.com\/wp-content\/uploads\/2023\/12\/adpetros-flare-power-01-300x300.jpg 300w, https:\/\/www.adpetros.com\/wp-content\/uploads\/2023\/12\/adpetros-flare-power-01-150x150.jpg 150w\" sizes=\"(max-width: 512px) 100vw, 512px\" \/>\t\t\t\t\t\t\t\t\t\t\t\t\t\t\t<\/div>\n\t\t\t\t<\/div>\n\t\t\t\t<div class=\"elementor-element elementor-element-a53001a jltma-glass-effect-no elementor-widget elementor-widget-image\" data-id=\"a53001a\" data-element_type=\"widget\" data-e-type=\"widget\" data-widget_type=\"image.default\">\n\t\t\t\t<div class=\"elementor-widget-container\">\n\t\t\t\t\t\t\t\t\t\t\t\t\t\t\t<img loading=\"lazy\" decoding=\"async\" width=\"512\" height=\"512\" src=\"https:\/\/www.adpetros.com\/wp-content\/uploads\/2023\/12\/adpetros-flare-power-02.jpg\" class=\"attachment-large size-large wp-image-3648\" alt=\"\" srcset=\"https:\/\/www.adpetros.com\/wp-content\/uploads\/2023\/12\/adpetros-flare-power-02.jpg 512w, https:\/\/www.adpetros.com\/wp-content\/uploads\/2023\/12\/adpetros-flare-power-02-300x300.jpg 300w, https:\/\/www.adpetros.com\/wp-content\/uploads\/2023\/12\/adpetros-flare-power-02-150x150.jpg 150w\" sizes=\"(max-width: 512px) 100vw, 512px\" \/>\t\t\t\t\t\t\t\t\t\t\t\t\t\t\t<\/div>\n\t\t\t\t<\/div>\n\t\t\t\t<div class=\"elementor-element elementor-element-98ec8ac jltma-glass-effect-no elementor-widget elementor-widget-image\" data-id=\"98ec8ac\" data-element_type=\"widget\" data-e-type=\"widget\" data-widget_type=\"image.default\">\n\t\t\t\t<div class=\"elementor-widget-container\">\n\t\t\t\t\t\t\t\t\t\t\t\t\t\t\t<img loading=\"lazy\" decoding=\"async\" width=\"512\" height=\"512\" src=\"https:\/\/www.adpetros.com\/wp-content\/uploads\/2023\/12\/adpetros-flare-power-04.jpg\" class=\"attachment-large size-large wp-image-3653\" alt=\"\" srcset=\"https:\/\/www.adpetros.com\/wp-content\/uploads\/2023\/12\/adpetros-flare-power-04.jpg 512w, https:\/\/www.adpetros.com\/wp-content\/uploads\/2023\/12\/adpetros-flare-power-04-300x300.jpg 300w, https:\/\/www.adpetros.com\/wp-content\/uploads\/2023\/12\/adpetros-flare-power-04-150x150.jpg 150w\" sizes=\"(max-width: 512px) 100vw, 512px\" \/>\t\t\t\t\t\t\t\t\t\t\t\t\t\t\t<\/div>\n\t\t\t\t<\/div>\n\t\t\t\t\t<\/div>\n\t\t<\/div>\n\t\t\t\t\t<\/div>\n\t\t<\/section>\n\t\t\t\t<\/div>\n\t\t","protected":false},"excerpt":{"rendered":"<p>ADPetros &#8211; Flare Power Generation Usamos gas de flare para producir electricidad, reduciendo 98% de las emiciones de CH\u2084, 63% de CO\u2082 y 93% (VOC) C\u2082H\u2086, C\u2083H\u2088, C\u2084H\u2081\u2080, C5H12, C6H6, C6H5CH3, C\u2088H\u2081\u2080 y C2H4, que la industria del petroleo emite. Como opcion ADETROS puede juntar la tecnolog\u00eda que aprovecha los humos calientes generados en el [&hellip;]<\/p>\n","protected":false},"author":11,"featured_media":0,"parent":0,"menu_order":0,"comment_status":"closed","ping_status":"closed","template":"","meta":{"site-sidebar-layout":"no-sidebar","site-content-layout":"page-builder","ast-site-content-layout":"default","site-content-style":"default","site-sidebar-style":"default","ast-global-header-display":"","ast-banner-title-visibility":"","ast-main-header-display":"","ast-hfb-above-header-display":"","ast-hfb-below-header-display":"","ast-hfb-mobile-header-display":"","site-post-title":"disabled","ast-breadcrumbs-content":"","ast-featured-img":"disabled","footer-sml-layout":"","ast-disable-related-posts":"","theme-transparent-header-meta":"enabled","adv-header-id-meta":"","stick-header-meta":"default","header-above-stick-meta":"","header-main-stick-meta":"","header-below-stick-meta":"","astra-migrate-meta-layouts":"default","ast-page-background-enabled":"default","ast-page-background-meta":{"desktop":{"background-color":"var(--ast-global-color-4)","background-image":"","background-repeat":"repeat","background-position":"center center","background-size":"auto","background-attachment":"scroll","background-type":"","background-media":"","overlay-type":"","overlay-color":"","overlay-opacity":"","overlay-gradient":""},"tablet":{"background-color":"","background-image":"","background-repeat":"repeat","background-position":"center center","background-size":"auto","background-attachment":"scroll","background-type":"","background-media":"","overlay-type":"","overlay-color":"","overlay-opacity":"","overlay-gradient":""},"mobile":{"background-color":"","background-image":"","background-repeat":"repeat","background-position":"center center","background-size":"auto","background-attachment":"scroll","background-type":"","background-media":"","overlay-type":"","overlay-color":"","overlay-opacity":"","overlay-gradient":""}},"ast-content-background-meta":{"desktop":{"background-color":"var(--ast-global-color-5)","background-image":"","background-repeat":"repeat","background-position":"center center","background-size":"auto","background-attachment":"scroll","background-type":"","background-media":"","overlay-type":"","overlay-color":"","overlay-opacity":"","overlay-gradient":""},"tablet":{"background-color":"var(--ast-global-color-5)","background-image":"","background-repeat":"repeat","background-position":"center center","background-size":"auto","background-attachment":"scroll","background-type":"","background-media":"","overlay-type":"","overlay-color":"","overlay-opacity":"","overlay-gradient":""},"mobile":{"background-color":"var(--ast-global-color-5)","background-image":"","background-repeat":"repeat","background-position":"center center","background-size":"auto","background-attachment":"scroll","background-type":"","background-media":"","overlay-type":"","overlay-color":"","overlay-opacity":"","overlay-gradient":""}},"footnotes":""},"class_list":["post-3539","page","type-page","status-publish","hentry"],"_links":{"self":[{"href":"https:\/\/www.adpetros.com\/es\/wp-json\/wp\/v2\/pages\/3539","targetHints":{"allow":["GET"]}}],"collection":[{"href":"https:\/\/www.adpetros.com\/es\/wp-json\/wp\/v2\/pages"}],"about":[{"href":"https:\/\/www.adpetros.com\/es\/wp-json\/wp\/v2\/types\/page"}],"author":[{"embeddable":true,"href":"https:\/\/www.adpetros.com\/es\/wp-json\/wp\/v2\/users\/11"}],"replies":[{"embeddable":true,"href":"https:\/\/www.adpetros.com\/es\/wp-json\/wp\/v2\/comments?post=3539"}],"version-history":[{"count":13,"href":"https:\/\/www.adpetros.com\/es\/wp-json\/wp\/v2\/pages\/3539\/revisions"}],"predecessor-version":[{"id":3661,"href":"https:\/\/www.adpetros.com\/es\/wp-json\/wp\/v2\/pages\/3539\/revisions\/3661"}],"wp:attachment":[{"href":"https:\/\/www.adpetros.com\/es\/wp-json\/wp\/v2\/media?parent=3539"}],"curies":[{"name":"wp","href":"https:\/\/api.w.org\/{rel}","templated":true}]}}