{"id":2032,"date":"2021-03-25T15:53:17","date_gmt":"2021-03-25T15:53:17","guid":{"rendered":"https:\/\/www.adpetros.com\/o-processo-da-mini-refinaria\/"},"modified":"2021-05-04T12:06:35","modified_gmt":"2021-05-04T11:06:35","slug":"el-proceso-de-la-minirefineria","status":"publish","type":"page","link":"https:\/\/www.adpetros.com\/es\/el-proceso-de-la-minirefineria\/","title":{"rendered":"El Proceso de la Mini Refiner\u00eda"},"content":{"rendered":"\t\t<div data-elementor-type=\"wp-page\" data-elementor-id=\"2032\" class=\"elementor elementor-2032\" data-elementor-settings=\"{&quot;ha_cmc_init_switcher&quot;:&quot;no&quot;}\">\n\t\t\t\t\t\t<section class=\"has_eae_slider elementor-section elementor-top-section elementor-element elementor-element-161e505 elementor-section-boxed elementor-section-height-default elementor-section-height-default jltma-glass-effect-no\" data-eae-slider=\"33491\" data-id=\"161e505\" data-element_type=\"section\" data-e-type=\"section\" data-settings=\"{&quot;background_background&quot;:&quot;classic&quot;,&quot;_ha_eqh_enable&quot;:false}\">\n\t\t\t\t\t\t\t<div class=\"elementor-background-overlay\"><\/div>\n\t\t\t\t\t\t\t<div class=\"elementor-container elementor-column-gap-no\">\n\t\t\t\t\t<div class=\"has_eae_slider elementor-column elementor-col-100 elementor-top-column elementor-element elementor-element-f5e0bdc jltma-glass-effect-no\" data-eae-slider=\"70658\" data-id=\"f5e0bdc\" data-element_type=\"column\" data-e-type=\"column\">\n\t\t\t<div class=\"elementor-widget-wrap elementor-element-populated\">\n\t\t\t\t\t\t<div class=\"elementor-element elementor-element-c313b9b jltma-glass-effect-no elementor-widget elementor-widget-heading\" data-id=\"c313b9b\" data-element_type=\"widget\" data-e-type=\"widget\" data-widget_type=\"heading.default\">\n\t\t\t\t<div class=\"elementor-widget-container\">\n\t\t\t\t\t<h2 class=\"elementor-heading-title elementor-size-default\">ADPetros - El Proceso<br>de la Mini Refiner\u00eda<\/h2>\t\t\t\t<\/div>\n\t\t\t\t<\/div>\n\t\t\t\t\t<\/div>\n\t\t<\/div>\n\t\t\t\t\t<\/div>\n\t\t<\/section>\n\t\t\t\t<section class=\"has_eae_slider elementor-section elementor-top-section elementor-element elementor-element-9eb77b6 elementor-section-full_width triangle-divider-container triangle-divider-container-2 elementor-hidden-phone elementor-section-height-default elementor-section-height-default jltma-glass-effect-no\" data-eae-slider=\"11435\" data-id=\"9eb77b6\" data-element_type=\"section\" data-e-type=\"section\" data-settings=\"{&quot;background_background&quot;:&quot;classic&quot;,&quot;shape_divider_bottom&quot;:&quot;triangle&quot;}\">\n\t\t\t\t\t<div class=\"elementor-shape elementor-shape-bottom\" aria-hidden=\"true\" data-negative=\"false\">\n\t\t\t<svg xmlns=\"http:\/\/www.w3.org\/2000\/svg\" viewBox=\"0 0 1000 100\" preserveAspectRatio=\"none\">\n\t<path class=\"elementor-shape-fill\" d=\"M500,98.9L0,6.1V0h1000v6.1L500,98.9z\"\/>\n<\/svg>\t\t<\/div>\n\t\t\t\t\t<div class=\"elementor-container elementor-column-gap-default\">\n\t\t\t\t\t<div class=\"has_eae_slider elementor-column elementor-col-50 elementor-top-column elementor-element elementor-element-ff1be08 jltma-glass-effect-no\" data-eae-slider=\"15667\" data-id=\"ff1be08\" data-element_type=\"column\" data-e-type=\"column\" data-settings=\"{&quot;background_background&quot;:&quot;classic&quot;}\">\n\t\t\t<div class=\"elementor-widget-wrap\">\n\t\t\t\t\t\t\t<\/div>\n\t\t<\/div>\n\t\t\t\t<div class=\"has_eae_slider elementor-column elementor-col-50 elementor-top-column elementor-element elementor-element-56cabfd jltma-glass-effect-no\" data-eae-slider=\"4998\" data-id=\"56cabfd\" data-element_type=\"column\" data-e-type=\"column\" data-settings=\"{&quot;background_background&quot;:&quot;classic&quot;}\">\n\t\t\t<div class=\"elementor-widget-wrap elementor-element-populated\">\n\t\t\t\t\t\t<section class=\"has_eae_slider elementor-section elementor-inner-section elementor-element elementor-element-778e568 elementor-section-full_width transparent-inner elementor-section-height-default elementor-section-height-default jltma-glass-effect-no\" data-eae-slider=\"60451\" data-id=\"778e568\" data-element_type=\"section\" data-e-type=\"section\" data-settings=\"{&quot;background_background&quot;:&quot;classic&quot;,&quot;_ha_eqh_enable&quot;:false}\">\n\t\t\t\t\t\t<div class=\"elementor-container elementor-column-gap-default\">\n\t\t\t\t\t<div class=\"has_eae_slider elementor-column elementor-col-50 elementor-inner-column elementor-element elementor-element-b25a26f jltma-glass-effect-no\" data-eae-slider=\"99897\" data-id=\"b25a26f\" data-element_type=\"column\" data-e-type=\"column\">\n\t\t\t<div class=\"elementor-widget-wrap\">\n\t\t\t\t\t\t\t<\/div>\n\t\t<\/div>\n\t\t\t\t<div class=\"has_eae_slider elementor-column elementor-col-50 elementor-inner-column elementor-element elementor-element-7525903 jltma-glass-effect-no\" data-eae-slider=\"81850\" data-id=\"7525903\" data-element_type=\"column\" data-e-type=\"column\">\n\t\t\t<div class=\"elementor-widget-wrap\">\n\t\t\t\t\t\t\t<\/div>\n\t\t<\/div>\n\t\t\t\t\t<\/div>\n\t\t<\/section>\n\t\t\t\t<section class=\"has_eae_slider elementor-section elementor-inner-section elementor-element elementor-element-250959b elementor-section-full_width not-transparent-inner elementor-section-height-default elementor-section-height-default jltma-glass-effect-no\" data-eae-slider=\"8524\" data-id=\"250959b\" data-element_type=\"section\" data-e-type=\"section\" data-settings=\"{&quot;background_background&quot;:&quot;classic&quot;,&quot;_ha_eqh_enable&quot;:false}\">\n\t\t\t\t\t\t<div class=\"elementor-container elementor-column-gap-default\">\n\t\t\t\t\t<div class=\"has_eae_slider elementor-column elementor-col-50 elementor-inner-column elementor-element elementor-element-87b8241 jltma-glass-effect-no\" data-eae-slider=\"36992\" data-id=\"87b8241\" data-element_type=\"column\" data-e-type=\"column\">\n\t\t\t<div class=\"elementor-widget-wrap\">\n\t\t\t\t\t\t\t<\/div>\n\t\t<\/div>\n\t\t\t\t<div class=\"has_eae_slider elementor-column elementor-col-50 elementor-inner-column elementor-element elementor-element-4040a56 jltma-glass-effect-no\" data-eae-slider=\"41773\" data-id=\"4040a56\" data-element_type=\"column\" data-e-type=\"column\">\n\t\t\t<div class=\"elementor-widget-wrap\">\n\t\t\t\t\t\t\t<\/div>\n\t\t<\/div>\n\t\t\t\t\t<\/div>\n\t\t<\/section>\n\t\t\t\t\t<\/div>\n\t\t<\/div>\n\t\t\t\t\t<\/div>\n\t\t<\/section>\n\t\t\t\t<section class=\"has_eae_slider elementor-section elementor-top-section elementor-element elementor-element-f1420d1 elementor-section-full_width elementor-section-height-default elementor-section-height-default jltma-glass-effect-no\" data-eae-slider=\"5590\" data-id=\"f1420d1\" data-element_type=\"section\" data-e-type=\"section\" data-settings=\"{&quot;_ha_eqh_enable&quot;:false}\">\n\t\t\t\t\t\t<div class=\"elementor-container elementor-column-gap-default\">\n\t\t\t\t\t<div class=\"has_eae_slider elementor-column elementor-col-50 elementor-top-column elementor-element elementor-element-233bce5 jltma-glass-effect-no\" data-eae-slider=\"40767\" data-id=\"233bce5\" data-element_type=\"column\" data-e-type=\"column\" data-settings=\"{&quot;background_background&quot;:&quot;classic&quot;}\">\n\t\t\t<div class=\"elementor-widget-wrap elementor-element-populated\">\n\t\t\t\t\t\t<div class=\"elementor-element elementor-element-c109c5c jltma-glass-effect-no elementor-widget elementor-widget-heading\" data-id=\"c109c5c\" data-element_type=\"widget\" data-e-type=\"widget\" data-widget_type=\"heading.default\">\n\t\t\t\t<div class=\"elementor-widget-container\">\n\t\t\t\t\t<h2 class=\"elementor-heading-title elementor-size-default\">Mini Refiner\u00eda de g\u00e1s de flare - Proceso<\/h2>\t\t\t\t<\/div>\n\t\t\t\t<\/div>\n\t\t\t\t<div class=\"elementor-element elementor-element-98d6a49 jltma-glass-effect-no elementor-widget elementor-widget-text-editor\" data-id=\"98d6a49\" data-element_type=\"widget\" data-e-type=\"widget\" data-widget_type=\"text-editor.default\">\n\t\t\t\t<div class=\"elementor-widget-container\">\n\t\t\t\t\t\t\t\t\t<ul><li>La tecnolog\u00eda \u201cGas to Liquid\u201d (GTL) de ADPetros convierte el gas natural o otro gas asociado en un hidrocarburo sint\u00e9tico ligero. Este l\u00edquido se produce directamente en un reactor, sin necesidad de hidrocraqueo, y da como resultado una mezcla de componentes a base de diesel.<\/li><\/ul>\t\t\t\t\t\t\t\t<\/div>\n\t\t\t\t<\/div>\n\t\t\t\t<div class=\"elementor-element elementor-element-11a6f67 jltma-glass-effect-no elementor-widget elementor-widget-text-editor\" data-id=\"11a6f67\" data-element_type=\"widget\" data-e-type=\"widget\" data-widget_type=\"text-editor.default\">\n\t\t\t\t<div class=\"elementor-widget-container\">\n\t\t\t\t\t\t\t\t\t<ul><li>La unidad GTL de ADPetros se compone de varios bloques de proceso:<ul><li>Reforma (reforma del metano de vapor);<\/li><li>Acondicionamiento de gas de s\u00edntesis;<\/li><li>Reactores;<\/li><li>Separador de agua.<\/li><\/ul><\/li><\/ul>\t\t\t\t\t\t\t\t<\/div>\n\t\t\t\t<\/div>\n\t\t\t\t<div class=\"elementor-element elementor-element-00625dc jltma-glass-effect-no elementor-widget elementor-widget-image\" data-id=\"00625dc\" data-element_type=\"widget\" data-e-type=\"widget\" data-widget_type=\"image.default\">\n\t\t\t\t<div class=\"elementor-widget-container\">\n\t\t\t\t\t\t\t\t\t\t\t\t\t\t\t<img fetchpriority=\"high\" decoding=\"async\" width=\"741\" height=\"509\" src=\"https:\/\/www.adpetros.com\/wp-content\/uploads\/2021\/03\/mini-refinaria-processo.png\" class=\"attachment-large size-large wp-image-1721\" alt=\"\" srcset=\"https:\/\/www.adpetros.com\/wp-content\/uploads\/2021\/03\/mini-refinaria-processo.png 741w, https:\/\/www.adpetros.com\/wp-content\/uploads\/2021\/03\/mini-refinaria-processo-300x206.png 300w\" sizes=\"(max-width: 741px) 100vw, 741px\" \/>\t\t\t\t\t\t\t\t\t\t\t\t\t\t\t<\/div>\n\t\t\t\t<\/div>\n\t\t\t\t<div class=\"elementor-element elementor-element-2488a6e jltma-glass-effect-no elementor-widget elementor-widget-heading\" data-id=\"2488a6e\" data-element_type=\"widget\" data-e-type=\"widget\" data-widget_type=\"heading.default\">\n\t\t\t\t<div class=\"elementor-widget-container\">\n\t\t\t\t\t<h2 class=\"elementor-heading-title elementor-size-default\">Mini Refinar\u00eda de g\u00e1s flare - Resumem<\/h2>\t\t\t\t<\/div>\n\t\t\t\t<\/div>\n\t\t\t\t<div class=\"elementor-element elementor-element-1a6d469 jltma-glass-effect-no elementor-widget elementor-widget-text-editor\" data-id=\"1a6d469\" data-element_type=\"widget\" data-e-type=\"widget\" data-widget_type=\"text-editor.default\">\n\t\t\t\t<div class=\"elementor-widget-container\">\n\t\t\t\t\t\t\t\t\t<ul>\n \t<li>En este proceso, el gas natural liberado se transforma en un gas\u00f3leo muy limpio, ya que los productos son hidrocarburos incoloros e inodoros con un nivel muy bajo de impurezas.<\/li>\n<\/ul>\t\t\t\t\t\t\t\t<\/div>\n\t\t\t\t<\/div>\n\t\t\t\t<div class=\"elementor-element elementor-element-64f3ab2 jltma-glass-effect-no elementor-widget elementor-widget-text-editor\" data-id=\"64f3ab2\" data-element_type=\"widget\" data-e-type=\"widget\" data-widget_type=\"text-editor.default\">\n\t\t\t\t<div class=\"elementor-widget-container\">\n\t\t\t\t\t\t\t\t\t<ul>\n \t<li>El petr\u00f3leo sint\u00e9tico es el resultado de un proceso de conversi\u00f3n de gas a petr\u00f3leo en el que alrededor de 28.000 m\u00b3 de gas de combusti\u00f3n producen 100 barriles de petr\u00f3leo crudo sint\u00e9tico (API 59), es decir, un hidrocarburo ligero.<\/li>\n<\/ul>\t\t\t\t\t\t\t\t<\/div>\n\t\t\t\t<\/div>\n\t\t\t\t<div class=\"elementor-element elementor-element-8a6a10a jltma-glass-effect-no elementor-widget elementor-widget-text-editor\" data-id=\"8a6a10a\" data-element_type=\"widget\" data-e-type=\"widget\" data-widget_type=\"text-editor.default\">\n\t\t\t\t<div class=\"elementor-widget-container\">\n\t\t\t\t\t\t\t\t\t<ul><li>En Respecto a la de protecci\u00f3n y reducci\u00f3n del impacto ambiental&#8230;<ul><li>Se logra una integraci\u00f3n adecuada del gas residual para el uso de combustible, con emisiones m\u00e1ximas de CO2 de 0,15 toneladas por 100 barriles de aceite sint\u00e9tico producido;<\/li><\/ul><\/li><\/ul><ul><li style=\"list-style-type: none;\"><ul><li>El efluente gaseoso del proceso proviene \u00fanicamente de los gases de combusti\u00f3n en los quemadores o, excepcionalmente, del gas quemado durante una parada de emergencia y posterior arranque;<\/li><\/ul><\/li><\/ul><ul><li style=\"list-style-type: none;\"><ul><li>El gas natural se utiliza como combustible en este proyecto. El exceso de hidr\u00f3geno producido se utiliza como combustible durante el proceso, lo que proporciona una combusti\u00f3n m\u00e1s limpia;<\/li><\/ul><\/li><\/ul><ul><li style=\"list-style-type: none;\"><ul><li>No existe contaminaci\u00f3n ambiental por la liberaci\u00f3n de efluentes l\u00edquidos de este proceso. Cualquier agua, soluci\u00f3n de amina o aceite contaminado se env\u00eda al tanque de desechos para su tratamiento de acuerdo con las regulaciones internacionales y las normas nacionales;<\/li><\/ul><\/li><\/ul><ul><li style=\"list-style-type: none;\"><ul><li>El agua se recupera y recicla en el separador de gas de s\u00edntesis, luego se env\u00eda al sistema de tratamiento de alimentaci\u00f3n de la caldera para la generaci\u00f3n de vapor.<\/li><\/ul><\/li><\/ul>\t\t\t\t\t\t\t\t<\/div>\n\t\t\t\t<\/div>\n\t\t\t\t\t<\/div>\n\t\t<\/div>\n\t\t\t\t<div class=\"has_eae_slider elementor-column elementor-col-50 elementor-top-column elementor-element elementor-element-939fab9 elementor-hidden-phone jltma-glass-effect-no\" data-eae-slider=\"26682\" data-id=\"939fab9\" data-element_type=\"column\" data-e-type=\"column\" data-settings=\"{&quot;background_background&quot;:&quot;classic&quot;}\">\n\t\t\t<div class=\"elementor-widget-wrap elementor-element-populated\">\n\t\t\t\t\t\t<div class=\"elementor-element elementor-element-cf20a64 jltma-glass-effect-no elementor-widget elementor-widget-image\" data-id=\"cf20a64\" data-element_type=\"widget\" data-e-type=\"widget\" data-widget_type=\"image.default\">\n\t\t\t\t<div class=\"elementor-widget-container\">\n\t\t\t\t\t\t\t\t\t\t\t\t\t\t\t<img decoding=\"async\" width=\"1024\" height=\"541\" src=\"https:\/\/www.adpetros.com\/wp-content\/uploads\/2021\/04\/structure-1024x541.png\" class=\"attachment-large size-large wp-image-3349\" alt=\"\" srcset=\"https:\/\/www.adpetros.com\/wp-content\/uploads\/2021\/04\/structure-1024x541.png 1024w, https:\/\/www.adpetros.com\/wp-content\/uploads\/2021\/04\/structure-300x159.png 300w, https:\/\/www.adpetros.com\/wp-content\/uploads\/2021\/04\/structure-768x406.png 768w, https:\/\/www.adpetros.com\/wp-content\/uploads\/2021\/04\/structure.png 1277w\" sizes=\"(max-width: 1024px) 100vw, 1024px\" \/>\t\t\t\t\t\t\t\t\t\t\t\t\t\t\t<\/div>\n\t\t\t\t<\/div>\n\t\t\t\t<div class=\"elementor-element elementor-element-d913bdd jltma-glass-effect-no elementor-widget elementor-widget-image\" data-id=\"d913bdd\" data-element_type=\"widget\" data-e-type=\"widget\" data-widget_type=\"image.default\">\n\t\t\t\t<div class=\"elementor-widget-container\">\n\t\t\t\t\t\t\t\t\t\t\t\t\t\t\t<img decoding=\"async\" width=\"1024\" height=\"538\" src=\"https:\/\/www.adpetros.com\/wp-content\/uploads\/2021\/04\/gtl-1024x538.png\" class=\"attachment-large size-large wp-image-3308\" alt=\"\" srcset=\"https:\/\/www.adpetros.com\/wp-content\/uploads\/2021\/04\/gtl-1024x538.png 1024w, https:\/\/www.adpetros.com\/wp-content\/uploads\/2021\/04\/gtl-300x158.png 300w, https:\/\/www.adpetros.com\/wp-content\/uploads\/2021\/04\/gtl-768x404.png 768w, https:\/\/www.adpetros.com\/wp-content\/uploads\/2021\/04\/gtl.png 1277w\" sizes=\"(max-width: 1024px) 100vw, 1024px\" \/>\t\t\t\t\t\t\t\t\t\t\t\t\t\t\t<\/div>\n\t\t\t\t<\/div>\n\t\t\t\t<div class=\"elementor-element elementor-element-adbd47f jltma-glass-effect-no elementor-widget elementor-widget-image\" data-id=\"adbd47f\" data-element_type=\"widget\" data-e-type=\"widget\" data-widget_type=\"image.default\">\n\t\t\t\t<div class=\"elementor-widget-container\">\n\t\t\t\t\t\t\t\t\t\t\t\t\t\t\t<img loading=\"lazy\" decoding=\"async\" width=\"1024\" height=\"538\" src=\"https:\/\/www.adpetros.com\/wp-content\/uploads\/2021\/04\/structureinfra-1024x538.png\" class=\"attachment-large size-large wp-image-3354\" alt=\"\" srcset=\"https:\/\/www.adpetros.com\/wp-content\/uploads\/2021\/04\/structureinfra-1024x538.png 1024w, https:\/\/www.adpetros.com\/wp-content\/uploads\/2021\/04\/structureinfra-300x158.png 300w, https:\/\/www.adpetros.com\/wp-content\/uploads\/2021\/04\/structureinfra-768x404.png 768w, https:\/\/www.adpetros.com\/wp-content\/uploads\/2021\/04\/structureinfra.png 1277w\" sizes=\"(max-width: 1024px) 100vw, 1024px\" \/>\t\t\t\t\t\t\t\t\t\t\t\t\t\t\t<\/div>\n\t\t\t\t<\/div>\n\t\t\t\t<div class=\"elementor-element elementor-element-08a2031 jltma-glass-effect-no elementor-widget elementor-widget-image\" data-id=\"08a2031\" data-element_type=\"widget\" data-e-type=\"widget\" data-widget_type=\"image.default\">\n\t\t\t\t<div class=\"elementor-widget-container\">\n\t\t\t\t\t\t\t\t\t\t\t\t\t\t\t<img loading=\"lazy\" decoding=\"async\" width=\"1024\" height=\"537\" src=\"https:\/\/www.adpetros.com\/wp-content\/uploads\/2021\/04\/stage2-1024x537.png\" class=\"attachment-large size-large wp-image-3356\" alt=\"\" srcset=\"https:\/\/www.adpetros.com\/wp-content\/uploads\/2021\/04\/stage2-1024x537.png 1024w, https:\/\/www.adpetros.com\/wp-content\/uploads\/2021\/04\/stage2-300x157.png 300w, https:\/\/www.adpetros.com\/wp-content\/uploads\/2021\/04\/stage2-768x403.png 768w, https:\/\/www.adpetros.com\/wp-content\/uploads\/2021\/04\/stage2.png 1277w\" sizes=\"(max-width: 1024px) 100vw, 1024px\" \/>\t\t\t\t\t\t\t\t\t\t\t\t\t\t\t<\/div>\n\t\t\t\t<\/div>\n\t\t\t\t<div class=\"elementor-element elementor-element-a81f905 jltma-glass-effect-no elementor-widget elementor-widget-image\" data-id=\"a81f905\" data-element_type=\"widget\" data-e-type=\"widget\" data-widget_type=\"image.default\">\n\t\t\t\t<div class=\"elementor-widget-container\">\n\t\t\t\t\t\t\t\t\t\t\t\t\t\t\t<img loading=\"lazy\" decoding=\"async\" width=\"1024\" height=\"576\" src=\"https:\/\/www.adpetros.com\/wp-content\/uploads\/2021\/05\/MR-10-1024x576.jpg\" class=\"attachment-large size-large wp-image-3401\" alt=\"\" srcset=\"https:\/\/www.adpetros.com\/wp-content\/uploads\/2021\/05\/MR-10-1024x576.jpg 1024w, https:\/\/www.adpetros.com\/wp-content\/uploads\/2021\/05\/MR-10-300x169.jpg 300w, https:\/\/www.adpetros.com\/wp-content\/uploads\/2021\/05\/MR-10-768x432.jpg 768w, https:\/\/www.adpetros.com\/wp-content\/uploads\/2021\/05\/MR-10.jpg 1366w\" sizes=\"(max-width: 1024px) 100vw, 1024px\" \/>\t\t\t\t\t\t\t\t\t\t\t\t\t\t\t<\/div>\n\t\t\t\t<\/div>\n\t\t\t\t\t<\/div>\n\t\t<\/div>\n\t\t\t\t\t<\/div>\n\t\t<\/section>\n\t\t\t\t<\/div>\n\t\t","protected":false},"excerpt":{"rendered":"<p>ADPetros &#8211; El Procesode la Mini Refiner\u00eda Mini Refiner\u00eda de g\u00e1s de flare &#8211; Proceso La tecnolog\u00eda \u201cGas to Liquid\u201d (GTL) de ADPetros convierte el gas natural o otro gas asociado en un hidrocarburo sint\u00e9tico ligero. Este l\u00edquido se produce directamente en un reactor, sin necesidad de hidrocraqueo, y da como resultado una mezcla de [&hellip;]<\/p>\n","protected":false},"author":11,"featured_media":0,"parent":0,"menu_order":0,"comment_status":"closed","ping_status":"closed","template":"","meta":{"site-sidebar-layout":"no-sidebar","site-content-layout":"page-builder","ast-site-content-layout":"default","site-content-style":"default","site-sidebar-style":"default","ast-global-header-display":"","ast-banner-title-visibility":"","ast-main-header-display":"","ast-hfb-above-header-display":"","ast-hfb-below-header-display":"","ast-hfb-mobile-header-display":"","site-post-title":"disabled","ast-breadcrumbs-content":"","ast-featured-img":"disabled","footer-sml-layout":"","ast-disable-related-posts":"","theme-transparent-header-meta":"enabled","adv-header-id-meta":"","stick-header-meta":"default","header-above-stick-meta":"","header-main-stick-meta":"","header-below-stick-meta":"","astra-migrate-meta-layouts":"default","ast-page-background-enabled":"default","ast-page-background-meta":{"desktop":{"background-color":"var(--ast-global-color-4)","background-image":"","background-repeat":"repeat","background-position":"center center","background-size":"auto","background-attachment":"scroll","background-type":"","background-media":"","overlay-type":"","overlay-color":"","overlay-opacity":"","overlay-gradient":""},"tablet":{"background-color":"","background-image":"","background-repeat":"repeat","background-position":"center center","background-size":"auto","background-attachment":"scroll","background-type":"","background-media":"","overlay-type":"","overlay-color":"","overlay-opacity":"","overlay-gradient":""},"mobile":{"background-color":"","background-image":"","background-repeat":"repeat","background-position":"center center","background-size":"auto","background-attachment":"scroll","background-type":"","background-media":"","overlay-type":"","overlay-color":"","overlay-opacity":"","overlay-gradient":""}},"ast-content-background-meta":{"desktop":{"background-color":"var(--ast-global-color-5)","background-image":"","background-repeat":"repeat","background-position":"center center","background-size":"auto","background-attachment":"scroll","background-type":"","background-media":"","overlay-type":"","overlay-color":"","overlay-opacity":"","overlay-gradient":""},"tablet":{"background-color":"var(--ast-global-color-5)","background-image":"","background-repeat":"repeat","background-position":"center center","background-size":"auto","background-attachment":"scroll","background-type":"","background-media":"","overlay-type":"","overlay-color":"","overlay-opacity":"","overlay-gradient":""},"mobile":{"background-color":"var(--ast-global-color-5)","background-image":"","background-repeat":"repeat","background-position":"center center","background-size":"auto","background-attachment":"scroll","background-type":"","background-media":"","overlay-type":"","overlay-color":"","overlay-opacity":"","overlay-gradient":""}},"footnotes":""},"class_list":["post-2032","page","type-page","status-publish","hentry"],"_links":{"self":[{"href":"https:\/\/www.adpetros.com\/es\/wp-json\/wp\/v2\/pages\/2032","targetHints":{"allow":["GET"]}}],"collection":[{"href":"https:\/\/www.adpetros.com\/es\/wp-json\/wp\/v2\/pages"}],"about":[{"href":"https:\/\/www.adpetros.com\/es\/wp-json\/wp\/v2\/types\/page"}],"author":[{"embeddable":true,"href":"https:\/\/www.adpetros.com\/es\/wp-json\/wp\/v2\/users\/11"}],"replies":[{"embeddable":true,"href":"https:\/\/www.adpetros.com\/es\/wp-json\/wp\/v2\/comments?post=2032"}],"version-history":[{"count":41,"href":"https:\/\/www.adpetros.com\/es\/wp-json\/wp\/v2\/pages\/2032\/revisions"}],"predecessor-version":[{"id":3520,"href":"https:\/\/www.adpetros.com\/es\/wp-json\/wp\/v2\/pages\/2032\/revisions\/3520"}],"wp:attachment":[{"href":"https:\/\/www.adpetros.com\/es\/wp-json\/wp\/v2\/media?parent=2032"}],"curies":[{"name":"wp","href":"https:\/\/api.w.org\/{rel}","templated":true}]}}