{"id":2024,"date":"2021-03-25T15:34:58","date_gmt":"2021-03-25T15:34:58","guid":{"rendered":"https:\/\/www.adpetros.com\/preocupacoes-associadas\/"},"modified":"2021-05-03T22:25:34","modified_gmt":"2021-05-03T21:25:34","slug":"preocupaciones-asociadas","status":"publish","type":"page","link":"https:\/\/www.adpetros.com\/es\/preocupaciones-asociadas\/","title":{"rendered":"Preocupaciones asociadas"},"content":{"rendered":"\t\t<div data-elementor-type=\"wp-page\" data-elementor-id=\"2024\" class=\"elementor elementor-2024\" data-elementor-settings=\"{&quot;ha_cmc_init_switcher&quot;:&quot;no&quot;}\">\n\t\t\t\t\t\t<section class=\"has_eae_slider elementor-section elementor-top-section elementor-element elementor-element-161e505 elementor-section-boxed elementor-section-height-default elementor-section-height-default jltma-glass-effect-no\" data-eae-slider=\"9244\" data-id=\"161e505\" data-element_type=\"section\" data-e-type=\"section\" data-settings=\"{&quot;background_background&quot;:&quot;classic&quot;,&quot;_ha_eqh_enable&quot;:false}\">\n\t\t\t\t\t\t\t<div class=\"elementor-background-overlay\"><\/div>\n\t\t\t\t\t\t\t<div class=\"elementor-container elementor-column-gap-no\">\n\t\t\t\t\t<div class=\"has_eae_slider elementor-column elementor-col-100 elementor-top-column elementor-element elementor-element-f5e0bdc jltma-glass-effect-no\" data-eae-slider=\"36220\" data-id=\"f5e0bdc\" data-element_type=\"column\" data-e-type=\"column\">\n\t\t\t<div class=\"elementor-widget-wrap elementor-element-populated\">\n\t\t\t\t\t\t<div class=\"elementor-element elementor-element-84ba1ff jltma-glass-effect-no elementor-widget elementor-widget-heading\" data-id=\"84ba1ff\" data-element_type=\"widget\" data-e-type=\"widget\" data-widget_type=\"heading.default\">\n\t\t\t\t<div class=\"elementor-widget-container\">\n\t\t\t\t\t<h2 class=\"elementor-heading-title elementor-size-default\">ADPetros - Preocupaciones Asociadas<\/h2>\t\t\t\t<\/div>\n\t\t\t\t<\/div>\n\t\t\t\t\t<\/div>\n\t\t<\/div>\n\t\t\t\t\t<\/div>\n\t\t<\/section>\n\t\t\t\t<section class=\"has_eae_slider elementor-section elementor-top-section elementor-element elementor-element-9eb77b6 elementor-section-full_width triangle-divider-container triangle-divider-container-2 elementor-hidden-phone elementor-section-height-default elementor-section-height-default jltma-glass-effect-no\" data-eae-slider=\"39905\" data-id=\"9eb77b6\" data-element_type=\"section\" data-e-type=\"section\" data-settings=\"{&quot;background_background&quot;:&quot;classic&quot;,&quot;shape_divider_bottom&quot;:&quot;triangle&quot;}\">\n\t\t\t\t\t<div class=\"elementor-shape elementor-shape-bottom\" aria-hidden=\"true\" data-negative=\"false\">\n\t\t\t<svg xmlns=\"http:\/\/www.w3.org\/2000\/svg\" viewBox=\"0 0 1000 100\" preserveAspectRatio=\"none\">\n\t<path class=\"elementor-shape-fill\" d=\"M500,98.9L0,6.1V0h1000v6.1L500,98.9z\"\/>\n<\/svg>\t\t<\/div>\n\t\t\t\t\t<div class=\"elementor-container elementor-column-gap-default\">\n\t\t\t\t\t<div class=\"has_eae_slider elementor-column elementor-col-50 elementor-top-column elementor-element elementor-element-ff1be08 jltma-glass-effect-no\" data-eae-slider=\"70230\" data-id=\"ff1be08\" data-element_type=\"column\" data-e-type=\"column\" data-settings=\"{&quot;background_background&quot;:&quot;classic&quot;}\">\n\t\t\t<div class=\"elementor-widget-wrap\">\n\t\t\t\t\t\t\t<\/div>\n\t\t<\/div>\n\t\t\t\t<div class=\"has_eae_slider elementor-column elementor-col-50 elementor-top-column elementor-element elementor-element-56cabfd jltma-glass-effect-no\" data-eae-slider=\"17781\" data-id=\"56cabfd\" data-element_type=\"column\" data-e-type=\"column\" data-settings=\"{&quot;background_background&quot;:&quot;classic&quot;}\">\n\t\t\t<div class=\"elementor-widget-wrap elementor-element-populated\">\n\t\t\t\t\t\t<section class=\"has_eae_slider elementor-section elementor-inner-section elementor-element elementor-element-778e568 elementor-section-full_width transparent-inner elementor-section-height-default elementor-section-height-default jltma-glass-effect-no\" data-eae-slider=\"27677\" data-id=\"778e568\" data-element_type=\"section\" data-e-type=\"section\" data-settings=\"{&quot;background_background&quot;:&quot;classic&quot;,&quot;_ha_eqh_enable&quot;:false}\">\n\t\t\t\t\t\t<div class=\"elementor-container elementor-column-gap-default\">\n\t\t\t\t\t<div class=\"has_eae_slider elementor-column elementor-col-50 elementor-inner-column elementor-element elementor-element-b25a26f jltma-glass-effect-no\" data-eae-slider=\"364\" data-id=\"b25a26f\" data-element_type=\"column\" data-e-type=\"column\">\n\t\t\t<div class=\"elementor-widget-wrap\">\n\t\t\t\t\t\t\t<\/div>\n\t\t<\/div>\n\t\t\t\t<div class=\"has_eae_slider elementor-column elementor-col-50 elementor-inner-column elementor-element elementor-element-7525903 jltma-glass-effect-no\" data-eae-slider=\"78883\" data-id=\"7525903\" data-element_type=\"column\" data-e-type=\"column\">\n\t\t\t<div class=\"elementor-widget-wrap\">\n\t\t\t\t\t\t\t<\/div>\n\t\t<\/div>\n\t\t\t\t\t<\/div>\n\t\t<\/section>\n\t\t\t\t<section class=\"has_eae_slider elementor-section elementor-inner-section elementor-element elementor-element-250959b elementor-section-full_width not-transparent-inner elementor-section-height-default elementor-section-height-default jltma-glass-effect-no\" data-eae-slider=\"9494\" data-id=\"250959b\" data-element_type=\"section\" data-e-type=\"section\" data-settings=\"{&quot;background_background&quot;:&quot;classic&quot;,&quot;_ha_eqh_enable&quot;:false}\">\n\t\t\t\t\t\t<div class=\"elementor-container elementor-column-gap-default\">\n\t\t\t\t\t<div class=\"has_eae_slider elementor-column elementor-col-50 elementor-inner-column elementor-element elementor-element-87b8241 jltma-glass-effect-no\" data-eae-slider=\"31886\" data-id=\"87b8241\" data-element_type=\"column\" data-e-type=\"column\">\n\t\t\t<div class=\"elementor-widget-wrap\">\n\t\t\t\t\t\t\t<\/div>\n\t\t<\/div>\n\t\t\t\t<div class=\"has_eae_slider elementor-column elementor-col-50 elementor-inner-column elementor-element elementor-element-4040a56 jltma-glass-effect-no\" data-eae-slider=\"53005\" data-id=\"4040a56\" data-element_type=\"column\" data-e-type=\"column\">\n\t\t\t<div class=\"elementor-widget-wrap\">\n\t\t\t\t\t\t\t<\/div>\n\t\t<\/div>\n\t\t\t\t\t<\/div>\n\t\t<\/section>\n\t\t\t\t\t<\/div>\n\t\t<\/div>\n\t\t\t\t\t<\/div>\n\t\t<\/section>\n\t\t\t\t<section class=\"has_eae_slider elementor-section elementor-top-section elementor-element elementor-element-f1420d1 elementor-section-full_width elementor-section-height-default elementor-section-height-default jltma-glass-effect-no\" data-eae-slider=\"86544\" data-id=\"f1420d1\" data-element_type=\"section\" data-e-type=\"section\" data-settings=\"{&quot;_ha_eqh_enable&quot;:false}\">\n\t\t\t\t\t\t<div class=\"elementor-container elementor-column-gap-default\">\n\t\t\t\t\t<div class=\"has_eae_slider elementor-column elementor-col-50 elementor-top-column elementor-element elementor-element-233bce5 jltma-glass-effect-no\" data-eae-slider=\"64769\" data-id=\"233bce5\" data-element_type=\"column\" data-e-type=\"column\" data-settings=\"{&quot;background_background&quot;:&quot;classic&quot;}\">\n\t\t\t<div class=\"elementor-widget-wrap elementor-element-populated\">\n\t\t\t\t\t\t<div class=\"elementor-element elementor-element-c109c5c jltma-glass-effect-no elementor-widget elementor-widget-heading\" data-id=\"c109c5c\" data-element_type=\"widget\" data-e-type=\"widget\" data-widget_type=\"heading.default\">\n\t\t\t\t<div class=\"elementor-widget-container\">\n\t\t\t\t\t<h2 class=\"elementor-heading-title elementor-size-default\">Principales preocupaciones asociadas con g\u00e1s de flare<\/h2>\t\t\t\t<\/div>\n\t\t\t\t<\/div>\n\t\t\t\t<div class=\"elementor-element elementor-element-98d6a49 jltma-glass-effect-no elementor-widget elementor-widget-text-editor\" data-id=\"98d6a49\" data-element_type=\"widget\" data-e-type=\"widget\" data-widget_type=\"text-editor.default\">\n\t\t\t\t<div class=\"elementor-widget-container\">\n\t\t\t\t\t\t\t\t\t<ul><li style=\"list-style-type: none;\"><ul><li>Los gases de combusti\u00f3n liberados a la atm\u00f3sfera provocan contaminaci\u00f3n en forma de llama de combusti\u00f3n y los productos resultantes de esa combusti\u00f3n;<\/li><\/ul><\/li><\/ul><p>\u00a0<\/p><ul><li style=\"list-style-type: none;\"><ul><li>Altos riesgos de seguridad asociados con una fuerte combusti\u00f3n de gas;<\/li><\/ul><\/li><\/ul><p>\u00a0<\/p><ul><li style=\"list-style-type: none;\"><ul><li>Energ\u00eda desperdiciada que podr\u00eda convertirse en combustible;<\/li><\/ul><\/li><\/ul><p>\u00a0<\/p><ul><li style=\"list-style-type: none;\"><ul><li>Los organismos reguladores internacionales, las normas ambientales y la OPEP preparan legislaci\u00f3n para imponer pronto el tratamiento de Gas de Flare a los productores;<\/li><\/ul><\/li><\/ul><p>\u00a0<\/p><ul><li style=\"list-style-type: none;\"><ul><li>Las soluciones t\u00e9cnicas disponibles est\u00e1n limitadas a unas pocas empresas (solo unas pocas cuentan con tecnolog\u00edas recomendadas por el Banco Mundial), ya que se trata de una nueva soluci\u00f3n tecnol\u00f3gica;<\/li><\/ul><\/li><\/ul><p>\u00a0<\/p><ul><li style=\"list-style-type: none;\"><ul><li>Hay gas que se libera sin quemarse, que \u00e9s 25 veces m\u00e1s toxico y nocivo para la salud que los gases resultantes de la combusti\u00f3n misma.<\/li><\/ul><\/li><\/ul>\t\t\t\t\t\t\t\t<\/div>\n\t\t\t\t<\/div>\n\t\t\t\t\t<\/div>\n\t\t<\/div>\n\t\t\t\t<div class=\"has_eae_slider elementor-column elementor-col-50 elementor-top-column elementor-element elementor-element-939fab9 elementor-hidden-phone jltma-glass-effect-no\" data-eae-slider=\"83496\" data-id=\"939fab9\" data-element_type=\"column\" data-e-type=\"column\" data-settings=\"{&quot;background_background&quot;:&quot;classic&quot;}\">\n\t\t\t<div class=\"elementor-widget-wrap elementor-element-populated\">\n\t\t\t\t\t\t<div class=\"elementor-element elementor-element-add4f13 jltma-glass-effect-no elementor-widget elementor-widget-image\" data-id=\"add4f13\" data-element_type=\"widget\" data-e-type=\"widget\" data-widget_type=\"image.default\">\n\t\t\t\t<div class=\"elementor-widget-container\">\n\t\t\t\t\t\t\t\t\t\t\t\t\t\t\t<img fetchpriority=\"high\" decoding=\"async\" width=\"1024\" height=\"576\" src=\"https:\/\/www.adpetros.com\/wp-content\/uploads\/2021\/05\/MR-19-1024x576.jpg\" class=\"attachment-large size-large wp-image-3410\" alt=\"\" srcset=\"https:\/\/www.adpetros.com\/wp-content\/uploads\/2021\/05\/MR-19-1024x576.jpg 1024w, https:\/\/www.adpetros.com\/wp-content\/uploads\/2021\/05\/MR-19-300x169.jpg 300w, https:\/\/www.adpetros.com\/wp-content\/uploads\/2021\/05\/MR-19-768x432.jpg 768w, https:\/\/www.adpetros.com\/wp-content\/uploads\/2021\/05\/MR-19.jpg 1366w\" sizes=\"(max-width: 1024px) 100vw, 1024px\" \/>\t\t\t\t\t\t\t\t\t\t\t\t\t\t\t<\/div>\n\t\t\t\t<\/div>\n\t\t\t\t<div class=\"elementor-element elementor-element-697f773 jltma-glass-effect-no elementor-widget elementor-widget-image\" data-id=\"697f773\" data-element_type=\"widget\" data-e-type=\"widget\" data-widget_type=\"image.default\">\n\t\t\t\t<div class=\"elementor-widget-container\">\n\t\t\t\t\t\t\t\t\t\t\t\t\t\t\t<img decoding=\"async\" width=\"331\" height=\"1024\" src=\"https:\/\/www.adpetros.com\/wp-content\/uploads\/2021\/04\/preocupacoes-side-img-331x1024.jpg\" class=\"attachment-large size-large wp-image-2693\" alt=\"\" srcset=\"https:\/\/www.adpetros.com\/wp-content\/uploads\/2021\/04\/preocupacoes-side-img-331x1024.jpg 331w, https:\/\/www.adpetros.com\/wp-content\/uploads\/2021\/04\/preocupacoes-side-img-97x300.jpg 97w, https:\/\/www.adpetros.com\/wp-content\/uploads\/2021\/04\/preocupacoes-side-img-497x1536.jpg 497w, https:\/\/www.adpetros.com\/wp-content\/uploads\/2021\/04\/preocupacoes-side-img-662x2048.jpg 662w, https:\/\/www.adpetros.com\/wp-content\/uploads\/2021\/04\/preocupacoes-side-img.jpg 689w\" sizes=\"(max-width: 331px) 100vw, 331px\" \/>\t\t\t\t\t\t\t\t\t\t\t\t\t\t\t<\/div>\n\t\t\t\t<\/div>\n\t\t\t\t\t<\/div>\n\t\t<\/div>\n\t\t\t\t\t<\/div>\n\t\t<\/section>\n\t\t\t\t<\/div>\n\t\t","protected":false},"excerpt":{"rendered":"<p>ADPetros &#8211; Preocupaciones Asociadas Principales preocupaciones asociadas con g\u00e1s de flare Los gases de combusti\u00f3n liberados a la atm\u00f3sfera provocan contaminaci\u00f3n en forma de llama de combusti\u00f3n y los productos resultantes de esa combusti\u00f3n; \u00a0 Altos riesgos de seguridad asociados con una fuerte combusti\u00f3n de gas; \u00a0 Energ\u00eda desperdiciada que podr\u00eda convertirse en combustible; \u00a0 [&hellip;]<\/p>\n","protected":false},"author":11,"featured_media":0,"parent":0,"menu_order":0,"comment_status":"closed","ping_status":"closed","template":"","meta":{"site-sidebar-layout":"no-sidebar","site-content-layout":"page-builder","ast-site-content-layout":"default","site-content-style":"default","site-sidebar-style":"default","ast-global-header-display":"","ast-banner-title-visibility":"","ast-main-header-display":"","ast-hfb-above-header-display":"","ast-hfb-below-header-display":"","ast-hfb-mobile-header-display":"","site-post-title":"disabled","ast-breadcrumbs-content":"","ast-featured-img":"disabled","footer-sml-layout":"","ast-disable-related-posts":"","theme-transparent-header-meta":"enabled","adv-header-id-meta":"","stick-header-meta":"default","header-above-stick-meta":"","header-main-stick-meta":"","header-below-stick-meta":"","astra-migrate-meta-layouts":"default","ast-page-background-enabled":"default","ast-page-background-meta":{"desktop":{"background-color":"var(--ast-global-color-4)","background-image":"","background-repeat":"repeat","background-position":"center center","background-size":"auto","background-attachment":"scroll","background-type":"","background-media":"","overlay-type":"","overlay-color":"","overlay-opacity":"","overlay-gradient":""},"tablet":{"background-color":"","background-image":"","background-repeat":"repeat","background-position":"center center","background-size":"auto","background-attachment":"scroll","background-type":"","background-media":"","overlay-type":"","overlay-color":"","overlay-opacity":"","overlay-gradient":""},"mobile":{"background-color":"","background-image":"","background-repeat":"repeat","background-position":"center center","background-size":"auto","background-attachment":"scroll","background-type":"","background-media":"","overlay-type":"","overlay-color":"","overlay-opacity":"","overlay-gradient":""}},"ast-content-background-meta":{"desktop":{"background-color":"var(--ast-global-color-5)","background-image":"","background-repeat":"repeat","background-position":"center center","background-size":"auto","background-attachment":"scroll","background-type":"","background-media":"","overlay-type":"","overlay-color":"","overlay-opacity":"","overlay-gradient":""},"tablet":{"background-color":"var(--ast-global-color-5)","background-image":"","background-repeat":"repeat","background-position":"center center","background-size":"auto","background-attachment":"scroll","background-type":"","background-media":"","overlay-type":"","overlay-color":"","overlay-opacity":"","overlay-gradient":""},"mobile":{"background-color":"var(--ast-global-color-5)","background-image":"","background-repeat":"repeat","background-position":"center center","background-size":"auto","background-attachment":"scroll","background-type":"","background-media":"","overlay-type":"","overlay-color":"","overlay-opacity":"","overlay-gradient":""}},"footnotes":""},"class_list":["post-2024","page","type-page","status-publish","hentry"],"_links":{"self":[{"href":"https:\/\/www.adpetros.com\/es\/wp-json\/wp\/v2\/pages\/2024","targetHints":{"allow":["GET"]}}],"collection":[{"href":"https:\/\/www.adpetros.com\/es\/wp-json\/wp\/v2\/pages"}],"about":[{"href":"https:\/\/www.adpetros.com\/es\/wp-json\/wp\/v2\/types\/page"}],"author":[{"embeddable":true,"href":"https:\/\/www.adpetros.com\/es\/wp-json\/wp\/v2\/users\/11"}],"replies":[{"embeddable":true,"href":"https:\/\/www.adpetros.com\/es\/wp-json\/wp\/v2\/comments?post=2024"}],"version-history":[{"count":26,"href":"https:\/\/www.adpetros.com\/es\/wp-json\/wp\/v2\/pages\/2024\/revisions"}],"predecessor-version":[{"id":3448,"href":"https:\/\/www.adpetros.com\/es\/wp-json\/wp\/v2\/pages\/2024\/revisions\/3448"}],"wp:attachment":[{"href":"https:\/\/www.adpetros.com\/es\/wp-json\/wp\/v2\/media?parent=2024"}],"curies":[{"name":"wp","href":"https:\/\/api.w.org\/{rel}","templated":true}]}}