{"id":1395,"date":"2021-03-05T16:21:26","date_gmt":"2021-03-05T16:21:26","guid":{"rendered":"https:\/\/www.adpetros.com\/sms-2\/"},"modified":"2021-05-03T22:58:03","modified_gmt":"2021-05-03T21:58:03","slug":"sms-es","status":"publish","type":"page","link":"https:\/\/www.adpetros.com\/es\/sms-es\/","title":{"rendered":"SMS"},"content":{"rendered":"\t\t<div data-elementor-type=\"wp-page\" data-elementor-id=\"1395\" class=\"elementor elementor-1395\" data-elementor-settings=\"{&quot;ha_cmc_init_switcher&quot;:&quot;no&quot;}\">\n\t\t\t\t\t\t<section class=\"has_eae_slider elementor-section elementor-top-section elementor-element elementor-element-161e505 elementor-section-full_width elementor-section-height-default elementor-section-height-default jltma-glass-effect-no\" data-eae-slider=\"76082\" data-id=\"161e505\" data-element_type=\"section\" data-e-type=\"section\" data-settings=\"{&quot;background_background&quot;:&quot;classic&quot;,&quot;_ha_eqh_enable&quot;:false}\">\n\t\t\t\t\t\t\t<div class=\"elementor-background-overlay\"><\/div>\n\t\t\t\t\t\t\t<div class=\"elementor-container elementor-column-gap-no\">\n\t\t\t\t\t<div class=\"has_eae_slider elementor-column elementor-col-100 elementor-top-column elementor-element elementor-element-d2eba0a jltma-glass-effect-no\" data-eae-slider=\"12285\" data-id=\"d2eba0a\" data-element_type=\"column\" data-e-type=\"column\">\n\t\t\t<div class=\"elementor-widget-wrap elementor-element-populated\">\n\t\t\t\t\t\t<div class=\"elementor-element elementor-element-07c73de jltma-glass-effect-no elementor-widget elementor-widget-heading\" data-id=\"07c73de\" data-element_type=\"widget\" data-e-type=\"widget\" data-widget_type=\"heading.default\">\n\t\t\t\t<div class=\"elementor-widget-container\">\n\t\t\t\t\t<h2 class=\"elementor-heading-title elementor-size-default\">ADPetros - Salud,<br>Medio Ambiente\ny Seguridad<\/h2>\t\t\t\t<\/div>\n\t\t\t\t<\/div>\n\t\t\t\t\t<\/div>\n\t\t<\/div>\n\t\t\t\t\t<\/div>\n\t\t<\/section>\n\t\t\t\t<section class=\"has_eae_slider elementor-section elementor-top-section elementor-element elementor-element-89e9453 elementor-section-full_width elementor-section-height-default elementor-section-height-default jltma-glass-effect-no\" data-eae-slider=\"66052\" data-id=\"89e9453\" data-element_type=\"section\" data-e-type=\"section\" data-settings=\"{&quot;_ha_eqh_enable&quot;:false}\">\n\t\t\t\t\t\t<div class=\"elementor-container elementor-column-gap-default\">\n\t\t\t\t\t<div class=\"has_eae_slider elementor-column elementor-col-100 elementor-top-column elementor-element elementor-element-9768772 jltma-glass-effect-no\" data-eae-slider=\"77225\" data-id=\"9768772\" data-element_type=\"column\" data-e-type=\"column\">\n\t\t\t<div class=\"elementor-widget-wrap elementor-element-populated\">\n\t\t\t\t\t\t<div class=\"elementor-element elementor-element-9a755d9 jltma-glass-effect-no ha-has-bg-overlay elementor-widget elementor-widget-spacer\" data-id=\"9a755d9\" data-element_type=\"widget\" data-e-type=\"widget\" data-widget_type=\"spacer.default\">\n\t\t\t\t<div class=\"elementor-widget-container\">\n\t\t\t\t\t\t\t<div class=\"elementor-spacer\">\n\t\t\t<div class=\"elementor-spacer-inner\"><\/div>\n\t\t<\/div>\n\t\t\t\t\t\t<\/div>\n\t\t\t\t<\/div>\n\t\t\t\t\t<\/div>\n\t\t<\/div>\n\t\t\t\t\t<\/div>\n\t\t<\/section>\n\t\t\t\t<section class=\"has_eae_slider elementor-section elementor-top-section elementor-element elementor-element-efe8c6d elementor-hidden-desktop elementor-hidden-tablet elementor-section-boxed elementor-section-height-default elementor-section-height-default jltma-glass-effect-no\" data-eae-slider=\"55254\" data-id=\"efe8c6d\" data-element_type=\"section\" data-e-type=\"section\" data-settings=\"{&quot;background_background&quot;:&quot;classic&quot;,&quot;_ha_eqh_enable&quot;:false}\">\n\t\t\t\t\t\t<div class=\"elementor-container elementor-column-gap-default\">\n\t\t\t\t\t<div class=\"has_eae_slider elementor-column elementor-col-100 elementor-top-column elementor-element elementor-element-dca2ed4 jltma-glass-effect-no\" data-eae-slider=\"58538\" data-id=\"dca2ed4\" data-element_type=\"column\" data-e-type=\"column\">\n\t\t\t<div class=\"elementor-widget-wrap elementor-element-populated\">\n\t\t\t\t\t\t<div class=\"elementor-element elementor-element-099ae57 jltma-glass-effect-no elementor-widget elementor-widget-text-editor\" data-id=\"099ae57\" data-element_type=\"widget\" data-e-type=\"widget\" data-widget_type=\"text-editor.default\">\n\t\t\t\t<div class=\"elementor-widget-container\">\n\t\t\t\t\t\t\t\t\tAdpetros realiza la Gesti\u00f3n de SMS buscando acciones preventivas que minimicen las desviaciones y sus consecuencias, respetando las especificidades de la fuerza laboral contratada y cumpliendo los requisitos de la legislaci\u00f3n brasile\u00f1a y los convenios internacionales en Salud Ocupacional, Medio Ambiente y Seguridad Laboral.\t\t\t\t\t\t\t\t<\/div>\n\t\t\t\t<\/div>\n\t\t\t\t\t<\/div>\n\t\t<\/div>\n\t\t\t\t\t<\/div>\n\t\t<\/section>\n\t\t\t\t<section class=\"has_eae_slider elementor-section elementor-top-section elementor-element elementor-element-9eb77b6 elementor-section-full_width triangle-divider-container elementor-hidden-phone elementor-section-height-default elementor-section-height-default jltma-glass-effect-no\" data-eae-slider=\"37445\" data-id=\"9eb77b6\" data-element_type=\"section\" data-e-type=\"section\" data-settings=\"{&quot;background_background&quot;:&quot;classic&quot;,&quot;shape_divider_bottom&quot;:&quot;triangle&quot;}\">\n\t\t\t\t\t<div class=\"elementor-shape elementor-shape-bottom\" aria-hidden=\"true\" data-negative=\"false\">\n\t\t\t<svg xmlns=\"http:\/\/www.w3.org\/2000\/svg\" viewBox=\"0 0 1000 100\" preserveAspectRatio=\"none\">\n\t<path class=\"elementor-shape-fill\" d=\"M500,98.9L0,6.1V0h1000v6.1L500,98.9z\"\/>\n<\/svg>\t\t<\/div>\n\t\t\t\t\t<div class=\"elementor-container elementor-column-gap-default\">\n\t\t\t\t\t<div class=\"has_eae_slider elementor-column elementor-col-50 elementor-top-column elementor-element elementor-element-ff1be08 jltma-glass-effect-no\" data-eae-slider=\"60083\" data-id=\"ff1be08\" data-element_type=\"column\" data-e-type=\"column\" data-settings=\"{&quot;background_background&quot;:&quot;classic&quot;}\">\n\t\t\t<div class=\"elementor-widget-wrap\">\n\t\t\t\t\t\t\t<\/div>\n\t\t<\/div>\n\t\t\t\t<div class=\"has_eae_slider elementor-column elementor-col-50 elementor-top-column elementor-element elementor-element-56cabfd jltma-glass-effect-no\" data-eae-slider=\"8626\" data-id=\"56cabfd\" data-element_type=\"column\" data-e-type=\"column\" data-settings=\"{&quot;background_background&quot;:&quot;classic&quot;}\">\n\t\t\t<div class=\"elementor-widget-wrap elementor-element-populated\">\n\t\t\t\t\t\t<div class=\"elementor-element elementor-element-3a899c2 ha-css-transform-yes jltma-glass-effect-no elementor-widget elementor-widget-text-editor\" data-id=\"3a899c2\" data-element_type=\"widget\" data-e-type=\"widget\" data-widget_type=\"text-editor.default\">\n\t\t\t\t<div class=\"elementor-widget-container\">\n\t\t\t\t\t\t\t\t\t<p>ADPetros realiza la Gesti\u00f3n de SMS buscando acciones preventivas que minimicen las desviaciones y sus consecuencias, respetando las especificidades de la fuerza laboral contratada y cumpliendo los requisitos de la legislaci\u00f3n y los convenios internacionales en Salud Ocupacional, Medio Ambiente y Seguridad Laboral.<\/p>\t\t\t\t\t\t\t\t<\/div>\n\t\t\t\t<\/div>\n\t\t\t\t\t<\/div>\n\t\t<\/div>\n\t\t\t\t\t<\/div>\n\t\t<\/section>\n\t\t\t\t<section class=\"has_eae_slider elementor-section elementor-top-section elementor-element elementor-element-1e70c28 elementor-section-full_width elementor-section-height-default elementor-section-height-default jltma-glass-effect-no\" data-eae-slider=\"57233\" data-id=\"1e70c28\" data-element_type=\"section\" data-e-type=\"section\" data-settings=\"{&quot;_ha_eqh_enable&quot;:false}\">\n\t\t\t\t\t\t<div class=\"elementor-container elementor-column-gap-default\">\n\t\t\t\t\t<div class=\"has_eae_slider elementor-column elementor-col-50 elementor-top-column elementor-element elementor-element-5da6b34 jltma-glass-effect-no\" data-eae-slider=\"27198\" data-id=\"5da6b34\" data-element_type=\"column\" data-e-type=\"column\" data-settings=\"{&quot;background_background&quot;:&quot;classic&quot;}\">\n\t\t\t<div class=\"elementor-widget-wrap elementor-element-populated\">\n\t\t\t\t\t\t<div class=\"elementor-element elementor-element-f678d2b jltma-glass-effect-no elementor-widget elementor-widget-heading\" data-id=\"f678d2b\" data-element_type=\"widget\" data-e-type=\"widget\" data-widget_type=\"heading.default\">\n\t\t\t\t<div class=\"elementor-widget-container\">\n\t\t\t\t\t<h2 class=\"elementor-heading-title elementor-size-default\">Estrategias<\/h2>\t\t\t\t<\/div>\n\t\t\t\t<\/div>\n\t\t\t\t<div class=\"elementor-element elementor-element-beae632 jltma-glass-effect-no elementor-widget elementor-widget-text-editor\" data-id=\"beae632\" data-element_type=\"widget\" data-e-type=\"widget\" data-widget_type=\"text-editor.default\">\n\t\t\t\t<div class=\"elementor-widget-container\">\n\t\t\t\t\t\t\t\t\t<ul><li>Realizaci\u00f3n de un tratamiento sist\u00e9mico organizado de las desviaciones de SMS;<\/li><li>Realizaci\u00f3n de capacitaciones con enfoque en el tratamiento de no conformidades con mayor incidencia en informes de auditor\u00eda;<\/li><li>Desarrollo de un plan de mejora del clima organizacional con el objetivo de fomentar las buenas pr\u00e1cticas de HSE e integrar equipos en el entorno FCC;<\/li><li>Consolidaci\u00f3n de la cultura SMS en las actividades de las empresas contratadas.<\/li><\/ul>\t\t\t\t\t\t\t\t<\/div>\n\t\t\t\t<\/div>\n\t\t\t\t<div class=\"elementor-element elementor-element-fab87e0 jltma-glass-effect-no elementor-widget elementor-widget-heading\" data-id=\"fab87e0\" data-element_type=\"widget\" data-e-type=\"widget\" data-widget_type=\"heading.default\">\n\t\t\t\t<div class=\"elementor-widget-container\">\n\t\t\t\t\t<h2 class=\"elementor-heading-title elementor-size-default\">Actividades Desarrolladas<\/h2>\t\t\t\t<\/div>\n\t\t\t\t<\/div>\n\t\t\t\t<div class=\"elementor-element elementor-element-282e34a jltma-glass-effect-no elementor-widget elementor-widget-text-editor\" data-id=\"282e34a\" data-element_type=\"widget\" data-e-type=\"widget\" data-widget_type=\"text-editor.default\">\n\t\t\t\t<div class=\"elementor-widget-container\">\n\t\t\t\t\t\t\t\t\t<ul><li>Gesti\u00f3n de SMS en entornos industriales (onshore y offshore);<\/li><li>An\u00e1lisis critico;<\/li><li>Auditor\u00edas de procesos;<\/li><li>Auditor\u00edas de comportamiento;<\/li><li>Gesti\u00f3n de residuos;<\/li><li>Verificaci\u00f3n de aspectos e impactos;<\/li><li>Licencia ambiental;<\/li><li>Planificaci\u00f3n integrada;<\/li><li>Elaboraci\u00f3n de procedimientos, informes y mediciones;<\/li><li>Capacitaciones y conferencias;<\/li><li>Gesti\u00f3n de la rutina de trabajo y Discusi\u00f3n de servicio diario (DDS);<\/li><li>Liberaci\u00f3n del permiso de trabajo (PT);<\/li><li>Programa de Prevenci\u00f3n de Riesgos Ambientales (PPRA);<\/li><li>Relevamiento estad\u00edstico de anomal\u00edas para aplicaci\u00f3n de manejo rutinario;<\/li><li>Soporte t\u00e9cnico en la estandarizaci\u00f3n de actividades;<\/li><li>Preparaci\u00f3n e inspecci\u00f3n de trabajos en espacios confinados y a bordo (incluido alpinismo);<\/li><li>Embalaje y conservaci\u00f3n de materiales y equipos SMS;<\/li><li>Manipulaci\u00f3n y mantenimiento de equipos sensibles;<\/li><li>Elaboraci\u00f3n de mapas de riesgos e implementaci\u00f3n de CIPA.<\/li><\/ul>\t\t\t\t\t\t\t\t<\/div>\n\t\t\t\t<\/div>\n\t\t\t\t\t<\/div>\n\t\t<\/div>\n\t\t\t\t<div class=\"has_eae_slider elementor-column elementor-col-50 elementor-top-column elementor-element elementor-element-75e0bce elementor-hidden-phone jltma-glass-effect-no\" data-eae-slider=\"46059\" data-id=\"75e0bce\" data-element_type=\"column\" data-e-type=\"column\" data-settings=\"{&quot;background_background&quot;:&quot;classic&quot;}\">\n\t\t\t<div class=\"elementor-widget-wrap elementor-element-populated\">\n\t\t\t\t\t\t<div class=\"elementor-element elementor-element-aeeeec0 jltma-glass-effect-no elementor-widget elementor-widget-image\" data-id=\"aeeeec0\" data-element_type=\"widget\" data-e-type=\"widget\" data-widget_type=\"image.default\">\n\t\t\t\t<div class=\"elementor-widget-container\">\n\t\t\t\t\t\t\t\t\t\t\t\t\t\t\t<img fetchpriority=\"high\" decoding=\"async\" width=\"1024\" height=\"540\" src=\"https:\/\/www.adpetros.com\/wp-content\/uploads\/2021\/04\/camp-1024x540.jpg\" class=\"attachment-large size-large wp-image-3237\" alt=\"\" srcset=\"https:\/\/www.adpetros.com\/wp-content\/uploads\/2021\/04\/camp-1024x540.jpg 1024w, https:\/\/www.adpetros.com\/wp-content\/uploads\/2021\/04\/camp-300x158.jpg 300w, https:\/\/www.adpetros.com\/wp-content\/uploads\/2021\/04\/camp-768x405.jpg 768w, https:\/\/www.adpetros.com\/wp-content\/uploads\/2021\/04\/camp.jpg 1279w\" sizes=\"(max-width: 1024px) 100vw, 1024px\" \/>\t\t\t\t\t\t\t\t\t\t\t\t\t\t\t<\/div>\n\t\t\t\t<\/div>\n\t\t\t\t<div class=\"elementor-element elementor-element-11e2a09 jltma-glass-effect-no elementor-widget elementor-widget-image\" data-id=\"11e2a09\" data-element_type=\"widget\" data-e-type=\"widget\" data-widget_type=\"image.default\">\n\t\t\t\t<div class=\"elementor-widget-container\">\n\t\t\t\t\t\t\t\t\t\t\t\t\t\t\t<img decoding=\"async\" width=\"380\" height=\"520\" src=\"https:\/\/www.adpetros.com\/wp-content\/uploads\/2018\/11\/automotive-1.jpg\" class=\"attachment-large size-large wp-image-480\" alt=\"\" srcset=\"https:\/\/www.adpetros.com\/wp-content\/uploads\/2018\/11\/automotive-1.jpg 380w, https:\/\/www.adpetros.com\/wp-content\/uploads\/2018\/11\/automotive-1-219x300.jpg 219w\" sizes=\"(max-width: 380px) 100vw, 380px\" \/>\t\t\t\t\t\t\t\t\t\t\t\t\t\t\t<\/div>\n\t\t\t\t<\/div>\n\t\t\t\t<div class=\"elementor-element elementor-element-31e927a jltma-glass-effect-no elementor-widget elementor-widget-image\" data-id=\"31e927a\" data-element_type=\"widget\" data-e-type=\"widget\" data-widget_type=\"image.default\">\n\t\t\t\t<div class=\"elementor-widget-container\">\n\t\t\t\t\t\t\t\t\t\t\t\t\t\t\t<img decoding=\"async\" width=\"1024\" height=\"540\" src=\"https:\/\/www.adpetros.com\/wp-content\/uploads\/2021\/04\/membrane-1024x540.jpg\" class=\"attachment-large size-large wp-image-3241\" alt=\"\" srcset=\"https:\/\/www.adpetros.com\/wp-content\/uploads\/2021\/04\/membrane-1024x540.jpg 1024w, https:\/\/www.adpetros.com\/wp-content\/uploads\/2021\/04\/membrane-300x158.jpg 300w, https:\/\/www.adpetros.com\/wp-content\/uploads\/2021\/04\/membrane-768x405.jpg 768w, https:\/\/www.adpetros.com\/wp-content\/uploads\/2021\/04\/membrane.jpg 1277w\" sizes=\"(max-width: 1024px) 100vw, 1024px\" \/>\t\t\t\t\t\t\t\t\t\t\t\t\t\t\t<\/div>\n\t\t\t\t<\/div>\n\t\t\t\t<div class=\"elementor-element elementor-element-de795d6 jltma-glass-effect-no elementor-widget elementor-widget-image\" data-id=\"de795d6\" data-element_type=\"widget\" data-e-type=\"widget\" data-widget_type=\"image.default\">\n\t\t\t\t<div class=\"elementor-widget-container\">\n\t\t\t\t\t\t\t\t\t\t\t\t\t\t\t<img loading=\"lazy\" decoding=\"async\" width=\"1024\" height=\"683\" src=\"https:\/\/www.adpetros.com\/wp-content\/uploads\/2021\/03\/aboutus-side-img-1024x683.jpg\" class=\"attachment-large size-large wp-image-2299\" alt=\"\" srcset=\"https:\/\/www.adpetros.com\/wp-content\/uploads\/2021\/03\/aboutus-side-img-1024x683.jpg 1024w, https:\/\/www.adpetros.com\/wp-content\/uploads\/2021\/03\/aboutus-side-img-300x200.jpg 300w, https:\/\/www.adpetros.com\/wp-content\/uploads\/2021\/03\/aboutus-side-img-768x512.jpg 768w, https:\/\/www.adpetros.com\/wp-content\/uploads\/2021\/03\/aboutus-side-img.jpg 1314w\" sizes=\"(max-width: 1024px) 100vw, 1024px\" \/>\t\t\t\t\t\t\t\t\t\t\t\t\t\t\t<\/div>\n\t\t\t\t<\/div>\n\t\t\t\t\t<\/div>\n\t\t<\/div>\n\t\t\t\t\t<\/div>\n\t\t<\/section>\n\t\t\t\t<\/div>\n\t\t","protected":false},"excerpt":{"rendered":"<p>ADPetros &#8211; Salud,Medio Ambiente y Seguridad Adpetros realiza la Gesti\u00f3n de SMS buscando acciones preventivas que minimicen las desviaciones y sus consecuencias, respetando las especificidades de la fuerza laboral contratada y cumpliendo los requisitos de la legislaci\u00f3n brasile\u00f1a y los convenios internacionales en Salud Ocupacional, Medio Ambiente y Seguridad Laboral. ADPetros realiza la Gesti\u00f3n de [&hellip;]<\/p>\n","protected":false},"author":11,"featured_media":0,"parent":0,"menu_order":0,"comment_status":"closed","ping_status":"closed","template":"","meta":{"site-sidebar-layout":"no-sidebar","site-content-layout":"page-builder","ast-site-content-layout":"default","site-content-style":"default","site-sidebar-style":"default","ast-global-header-display":"","ast-banner-title-visibility":"","ast-main-header-display":"","ast-hfb-above-header-display":"","ast-hfb-below-header-display":"","ast-hfb-mobile-header-display":"","site-post-title":"disabled","ast-breadcrumbs-content":"","ast-featured-img":"disabled","footer-sml-layout":"","ast-disable-related-posts":"","theme-transparent-header-meta":"enabled","adv-header-id-meta":"","stick-header-meta":"default","header-above-stick-meta":"","header-main-stick-meta":"","header-below-stick-meta":"","astra-migrate-meta-layouts":"default","ast-page-background-enabled":"default","ast-page-background-meta":{"desktop":{"background-color":"var(--ast-global-color-4)","background-image":"","background-repeat":"repeat","background-position":"center center","background-size":"auto","background-attachment":"scroll","background-type":"","background-media":"","overlay-type":"","overlay-color":"","overlay-opacity":"","overlay-gradient":""},"tablet":{"background-color":"","background-image":"","background-repeat":"repeat","background-position":"center center","background-size":"auto","background-attachment":"scroll","background-type":"","background-media":"","overlay-type":"","overlay-color":"","overlay-opacity":"","overlay-gradient":""},"mobile":{"background-color":"","background-image":"","background-repeat":"repeat","background-position":"center center","background-size":"auto","background-attachment":"scroll","background-type":"","background-media":"","overlay-type":"","overlay-color":"","overlay-opacity":"","overlay-gradient":""}},"ast-content-background-meta":{"desktop":{"background-color":"var(--ast-global-color-5)","background-image":"","background-repeat":"repeat","background-position":"center center","background-size":"auto","background-attachment":"scroll","background-type":"","background-media":"","overlay-type":"","overlay-color":"","overlay-opacity":"","overlay-gradient":""},"tablet":{"background-color":"var(--ast-global-color-5)","background-image":"","background-repeat":"repeat","background-position":"center center","background-size":"auto","background-attachment":"scroll","background-type":"","background-media":"","overlay-type":"","overlay-color":"","overlay-opacity":"","overlay-gradient":""},"mobile":{"background-color":"var(--ast-global-color-5)","background-image":"","background-repeat":"repeat","background-position":"center center","background-size":"auto","background-attachment":"scroll","background-type":"","background-media":"","overlay-type":"","overlay-color":"","overlay-opacity":"","overlay-gradient":""}},"footnotes":""},"class_list":["post-1395","page","type-page","status-publish","hentry"],"_links":{"self":[{"href":"https:\/\/www.adpetros.com\/es\/wp-json\/wp\/v2\/pages\/1395","targetHints":{"allow":["GET"]}}],"collection":[{"href":"https:\/\/www.adpetros.com\/es\/wp-json\/wp\/v2\/pages"}],"about":[{"href":"https:\/\/www.adpetros.com\/es\/wp-json\/wp\/v2\/types\/page"}],"author":[{"embeddable":true,"href":"https:\/\/www.adpetros.com\/es\/wp-json\/wp\/v2\/users\/11"}],"replies":[{"embeddable":true,"href":"https:\/\/www.adpetros.com\/es\/wp-json\/wp\/v2\/comments?post=1395"}],"version-history":[{"count":43,"href":"https:\/\/www.adpetros.com\/es\/wp-json\/wp\/v2\/pages\/1395\/revisions"}],"predecessor-version":[{"id":3490,"href":"https:\/\/www.adpetros.com\/es\/wp-json\/wp\/v2\/pages\/1395\/revisions\/3490"}],"wp:attachment":[{"href":"https:\/\/www.adpetros.com\/es\/wp-json\/wp\/v2\/media?parent=1395"}],"curies":[{"name":"wp","href":"https:\/\/api.w.org\/{rel}","templated":true}]}}