{"id":1384,"date":"2021-03-05T17:08:28","date_gmt":"2021-03-05T17:08:28","guid":{"rendered":"https:\/\/www.adpetros.com\/procurement-2\/"},"modified":"2021-05-03T22:38:52","modified_gmt":"2021-05-03T21:38:52","slug":"procurement-es","status":"publish","type":"page","link":"https:\/\/www.adpetros.com\/es\/procurement-es\/","title":{"rendered":"Procurement"},"content":{"rendered":"\t\t<div data-elementor-type=\"wp-page\" data-elementor-id=\"1384\" class=\"elementor elementor-1384\" data-elementor-settings=\"{&quot;ha_cmc_init_switcher&quot;:&quot;no&quot;}\">\n\t\t\t\t\t\t<section class=\"has_eae_slider elementor-section elementor-top-section elementor-element elementor-element-161e505 elementor-section-full_width elementor-section-height-default elementor-section-height-default jltma-glass-effect-no\" data-eae-slider=\"38588\" data-id=\"161e505\" data-element_type=\"section\" data-e-type=\"section\" data-settings=\"{&quot;background_background&quot;:&quot;classic&quot;,&quot;_ha_eqh_enable&quot;:false}\">\n\t\t\t\t\t\t\t<div class=\"elementor-background-overlay\"><\/div>\n\t\t\t\t\t\t\t<div class=\"elementor-container elementor-column-gap-no\">\n\t\t\t\t\t<div class=\"has_eae_slider elementor-column elementor-col-100 elementor-top-column elementor-element elementor-element-d2eba0a jltma-glass-effect-no\" data-eae-slider=\"66336\" data-id=\"d2eba0a\" data-element_type=\"column\" data-e-type=\"column\">\n\t\t\t<div class=\"elementor-widget-wrap elementor-element-populated\">\n\t\t\t\t\t\t<div class=\"elementor-element elementor-element-5b5e892 jltma-glass-effect-no elementor-widget elementor-widget-heading\" data-id=\"5b5e892\" data-element_type=\"widget\" data-e-type=\"widget\" data-widget_type=\"heading.default\">\n\t\t\t\t<div class=\"elementor-widget-container\">\n\t\t\t\t\t<h2 class=\"elementor-heading-title elementor-size-default\">ADPetros - Sourcing &amp; Procurement<\/h2>\t\t\t\t<\/div>\n\t\t\t\t<\/div>\n\t\t\t\t\t<\/div>\n\t\t<\/div>\n\t\t\t\t\t<\/div>\n\t\t<\/section>\n\t\t\t\t<section class=\"has_eae_slider elementor-section elementor-top-section elementor-element elementor-element-17f96a0 elementor-section-full_width elementor-section-height-default elementor-section-height-default jltma-glass-effect-no\" data-eae-slider=\"30569\" data-id=\"17f96a0\" data-element_type=\"section\" data-e-type=\"section\" data-settings=\"{&quot;_ha_eqh_enable&quot;:false}\">\n\t\t\t\t\t\t<div class=\"elementor-container elementor-column-gap-default\">\n\t\t\t\t\t<div class=\"has_eae_slider elementor-column elementor-col-100 elementor-top-column elementor-element elementor-element-5c7b095 jltma-glass-effect-no\" data-eae-slider=\"79355\" data-id=\"5c7b095\" data-element_type=\"column\" data-e-type=\"column\">\n\t\t\t<div class=\"elementor-widget-wrap elementor-element-populated\">\n\t\t\t\t\t\t<div class=\"elementor-element elementor-element-8a6b8f0 jltma-glass-effect-no ha-has-bg-overlay elementor-widget elementor-widget-spacer\" data-id=\"8a6b8f0\" data-element_type=\"widget\" data-e-type=\"widget\" data-widget_type=\"spacer.default\">\n\t\t\t\t<div class=\"elementor-widget-container\">\n\t\t\t\t\t\t\t<div class=\"elementor-spacer\">\n\t\t\t<div class=\"elementor-spacer-inner\"><\/div>\n\t\t<\/div>\n\t\t\t\t\t\t<\/div>\n\t\t\t\t<\/div>\n\t\t\t\t\t<\/div>\n\t\t<\/div>\n\t\t\t\t\t<\/div>\n\t\t<\/section>\n\t\t\t\t<section class=\"has_eae_slider elementor-section elementor-top-section elementor-element elementor-element-efe8c6d elementor-hidden-desktop elementor-hidden-tablet elementor-section-boxed elementor-section-height-default elementor-section-height-default jltma-glass-effect-no\" data-eae-slider=\"95362\" data-id=\"efe8c6d\" data-element_type=\"section\" data-e-type=\"section\" data-settings=\"{&quot;background_background&quot;:&quot;classic&quot;,&quot;_ha_eqh_enable&quot;:false}\">\n\t\t\t\t\t\t<div class=\"elementor-container elementor-column-gap-default\">\n\t\t\t\t\t<div class=\"has_eae_slider elementor-column elementor-col-100 elementor-top-column elementor-element elementor-element-dca2ed4 jltma-glass-effect-no\" data-eae-slider=\"48126\" data-id=\"dca2ed4\" data-element_type=\"column\" data-e-type=\"column\">\n\t\t\t<div class=\"elementor-widget-wrap elementor-element-populated\">\n\t\t\t\t\t\t<div class=\"elementor-element elementor-element-099ae57 jltma-glass-effect-no elementor-widget elementor-widget-text-editor\" data-id=\"099ae57\" data-element_type=\"widget\" data-e-type=\"widget\" data-widget_type=\"text-editor.default\">\n\t\t\t\t<div class=\"elementor-widget-container\">\n\t\t\t\t\t\t\t\t\tTodos los proveedores de la lista de proveedores de Adpetros son evaluados y calificados peri\u00f3dicamente seg\u00fan criterios definidos y el historial de suministro pasado. Tambi\u00e9n trabajamos con la lista de proveedores del cliente. Los cronogramas y cronogramas de suministro se elaboran considerando los plazos y necesidades de la obra, con el fin de definir las prioridades para la adquisici\u00f3n de equipos cr\u00edticos. Se elaboran y actualizan mapas de control de la previsi\u00f3n y situaci\u00f3n de compras, as\u00ed como de todo el suministro, para tener un control global y detallado de los suministros realizados y por realizar.\t\t\t\t\t\t\t\t<\/div>\n\t\t\t\t<\/div>\n\t\t\t\t\t<\/div>\n\t\t<\/div>\n\t\t\t\t\t<\/div>\n\t\t<\/section>\n\t\t\t\t<section class=\"has_eae_slider elementor-section elementor-top-section elementor-element elementor-element-9eb77b6 elementor-section-full_width triangle-divider-container elementor-hidden-phone elementor-section-height-default elementor-section-height-default jltma-glass-effect-no\" data-eae-slider=\"32344\" data-id=\"9eb77b6\" data-element_type=\"section\" data-e-type=\"section\" data-settings=\"{&quot;background_background&quot;:&quot;classic&quot;,&quot;shape_divider_bottom&quot;:&quot;triangle&quot;}\">\n\t\t\t\t\t<div class=\"elementor-shape elementor-shape-bottom\" aria-hidden=\"true\" data-negative=\"false\">\n\t\t\t<svg xmlns=\"http:\/\/www.w3.org\/2000\/svg\" viewBox=\"0 0 1000 100\" preserveAspectRatio=\"none\">\n\t<path class=\"elementor-shape-fill\" d=\"M500,98.9L0,6.1V0h1000v6.1L500,98.9z\"\/>\n<\/svg>\t\t<\/div>\n\t\t\t\t\t<div class=\"elementor-container elementor-column-gap-default\">\n\t\t\t\t\t<div class=\"has_eae_slider elementor-column elementor-col-50 elementor-top-column elementor-element elementor-element-ff1be08 jltma-glass-effect-no\" data-eae-slider=\"12561\" data-id=\"ff1be08\" data-element_type=\"column\" data-e-type=\"column\" data-settings=\"{&quot;background_background&quot;:&quot;classic&quot;}\">\n\t\t\t<div class=\"elementor-widget-wrap\">\n\t\t\t\t\t\t\t<\/div>\n\t\t<\/div>\n\t\t\t\t<div class=\"has_eae_slider elementor-column elementor-col-50 elementor-top-column elementor-element elementor-element-56cabfd jltma-glass-effect-no\" data-eae-slider=\"47246\" data-id=\"56cabfd\" data-element_type=\"column\" data-e-type=\"column\" data-settings=\"{&quot;background_background&quot;:&quot;classic&quot;}\">\n\t\t\t<div class=\"elementor-widget-wrap elementor-element-populated\">\n\t\t\t\t\t\t<div class=\"elementor-element elementor-element-3a899c2 ha-css-transform-yes jltma-glass-effect-no elementor-widget elementor-widget-text-editor\" data-id=\"3a899c2\" data-element_type=\"widget\" data-e-type=\"widget\" data-widget_type=\"text-editor.default\">\n\t\t\t\t<div class=\"elementor-widget-container\">\n\t\t\t\t\t\t\t\t\t<p>Con un profundo conocimiento del mercado de proveedores de materiales y equipos nacionales e importados, ADPetros brinda servicios en todas las etapas del suministro: selecci\u00f3n de proveedores, emisi\u00f3n de cartas de invitaci\u00f3n, recepci\u00f3n de cotizaciones, an\u00e1lisis t\u00e9cnico y comercial, negociaciones, emisiones de \u00f3rdenes de compra. , inspecci\u00f3n, agilizaci\u00f3n de la fabricaci\u00f3n, transporte y entrega in situ.<\/p>\t\t\t\t\t\t\t\t<\/div>\n\t\t\t\t<\/div>\n\t\t\t\t\t<\/div>\n\t\t<\/div>\n\t\t\t\t\t<\/div>\n\t\t<\/section>\n\t\t\t\t<section class=\"has_eae_slider elementor-section elementor-top-section elementor-element elementor-element-1e70c28 elementor-section-full_width elementor-section-height-default elementor-section-height-default jltma-glass-effect-no\" data-eae-slider=\"4459\" data-id=\"1e70c28\" data-element_type=\"section\" data-e-type=\"section\" data-settings=\"{&quot;_ha_eqh_enable&quot;:false}\">\n\t\t\t\t\t\t<div class=\"elementor-container elementor-column-gap-default\">\n\t\t\t\t\t<div class=\"has_eae_slider elementor-column elementor-col-50 elementor-top-column elementor-element elementor-element-5da6b34 jltma-glass-effect-no\" data-eae-slider=\"25841\" data-id=\"5da6b34\" data-element_type=\"column\" data-e-type=\"column\" data-settings=\"{&quot;background_background&quot;:&quot;classic&quot;}\">\n\t\t\t<div class=\"elementor-widget-wrap elementor-element-populated\">\n\t\t\t\t\t\t<div class=\"elementor-element elementor-element-beae632 jltma-glass-effect-no elementor-widget elementor-widget-text-editor\" data-id=\"beae632\" data-element_type=\"widget\" data-e-type=\"widget\" data-widget_type=\"text-editor.default\">\n\t\t\t\t<div class=\"elementor-widget-container\">\n\t\t\t\t\t\t\t\t\t<p>Todos los proveedores de la lista de proveedores de ADPetros son evaluados y calificados peri\u00f3dicamente seg\u00fan criterios definidos y el historial de suministro pasado. Tambi\u00e9n trabajamos con la lista de proveedores del cliente. Los cronogramas y cronogramas de suministro se elaboran considerando los plazos y necesidades de la obra, con el fin de definir las prioridades para la adquisici\u00f3n de equipos cr\u00edticos. Se elaboran y actualizan mapas de control de la previsi\u00f3n y situaci\u00f3n de compras, as\u00ed como de todo el suministro, para tener un control global y detallado de los suministros realizados y por realizar.<\/p>\t\t\t\t\t\t\t\t<\/div>\n\t\t\t\t<\/div>\n\t\t\t\t<div class=\"elementor-element elementor-element-061d74a jltma-glass-effect-no elementor-widget elementor-widget-heading\" data-id=\"061d74a\" data-element_type=\"widget\" data-e-type=\"widget\" data-widget_type=\"heading.default\">\n\t\t\t\t<div class=\"elementor-widget-container\">\n\t\t\t\t\t<h2 class=\"elementor-heading-title elementor-size-default\">Ocupaciones<\/h2>\t\t\t\t<\/div>\n\t\t\t\t<\/div>\n\t\t\t\t<div class=\"elementor-element elementor-element-15e14bc jltma-glass-effect-no elementor-widget elementor-widget-text-editor\" data-id=\"15e14bc\" data-element_type=\"widget\" data-e-type=\"widget\" data-widget_type=\"text-editor.default\">\n\t\t\t\t<div class=\"elementor-widget-container\">\n\t\t\t\t\t\t\t\t\t<ul><li>Establecimiento del criterio de compra \/ contrato seg\u00fan valor;<\/li><li>Definici\u00f3n del alcance del proyecto \/ estrategia de compras;<\/li><li>Elaboraci\u00f3n de la solicitud de compra o listado de materiales;<\/li><li>Aprobaci\u00f3n de la solicitud de compra o listado de materiales o solicitud de material o especificaci\u00f3n t\u00e9cnica;<\/li><li>Selecci\u00f3n, evaluaci\u00f3n y registro de proveedores;<\/li><li>Solicitud, tabulaci\u00f3n y aprobaci\u00f3n de propuestas de proveedores;<\/li><li>Preparaci\u00f3n, env\u00edo, verificaci\u00f3n y aprobaci\u00f3n de la orden de compra;<\/li><li>Inspecci\u00f3n de f\u00e1brica;<\/li><li>Evaluaci\u00f3n del desempe\u00f1o del proveedor;<\/li><li>Control de la documentaci\u00f3n de compras;<\/li><li>Elaboraci\u00f3n de formularios b\u00e1sicos y documentos complementarios.<\/li><\/ul>\t\t\t\t\t\t\t\t<\/div>\n\t\t\t\t<\/div>\n\t\t\t\t<div class=\"elementor-element elementor-element-e805740 jltma-glass-effect-no elementor-widget elementor-widget-heading\" data-id=\"e805740\" data-element_type=\"widget\" data-e-type=\"widget\" data-widget_type=\"heading.default\">\n\t\t\t\t<div class=\"elementor-widget-container\">\n\t\t\t\t\t<h2 class=\"elementor-heading-title elementor-size-default\">Vista<\/h2>\t\t\t\t<\/div>\n\t\t\t\t<\/div>\n\t\t\t\t<div class=\"elementor-element elementor-element-bc1de65 jltma-glass-effect-no elementor-widget elementor-widget-text-editor\" data-id=\"bc1de65\" data-element_type=\"widget\" data-e-type=\"widget\" data-widget_type=\"text-editor.default\">\n\t\t\t\t<div class=\"elementor-widget-container\">\n\t\t\t\t\t\t\t\t\t<ul><li>Objetivo;<\/li><li>Plan de calidad;<\/li><li>Certificaci\u00f3n;<\/li><li>Rendimiento de inspecci\u00f3n;<\/li><li>An\u00e1lisis de inspecci\u00f3n con auditor\u00eda PNBV;<\/li><li>Tipos de an\u00e1lisis de inspecci\u00f3n.<\/li><\/ul>\t\t\t\t\t\t\t\t<\/div>\n\t\t\t\t<\/div>\n\t\t\t\t\t<\/div>\n\t\t<\/div>\n\t\t\t\t<div class=\"has_eae_slider elementor-column elementor-col-50 elementor-top-column elementor-element elementor-element-75e0bce elementor-hidden-phone jltma-glass-effect-no\" data-eae-slider=\"376\" data-id=\"75e0bce\" data-element_type=\"column\" data-e-type=\"column\" data-settings=\"{&quot;background_background&quot;:&quot;classic&quot;}\">\n\t\t\t<div class=\"elementor-widget-wrap elementor-element-populated\">\n\t\t\t\t\t\t<div class=\"elementor-element elementor-element-052a23a jltma-glass-effect-no elementor-widget elementor-widget-image\" data-id=\"052a23a\" data-element_type=\"widget\" data-e-type=\"widget\" data-widget_type=\"image.default\">\n\t\t\t\t<div class=\"elementor-widget-container\">\n\t\t\t\t\t\t\t\t\t\t\t\t\t\t\t<img fetchpriority=\"high\" decoding=\"async\" width=\"293\" height=\"500\" src=\"https:\/\/www.adpetros.com\/wp-content\/uploads\/2018\/11\/product-1.jpg\" class=\"attachment-large size-large wp-image-482\" alt=\"\" srcset=\"https:\/\/www.adpetros.com\/wp-content\/uploads\/2018\/11\/product-1.jpg 293w, https:\/\/www.adpetros.com\/wp-content\/uploads\/2018\/11\/product-1-176x300.jpg 176w\" sizes=\"(max-width: 293px) 100vw, 293px\" \/>\t\t\t\t\t\t\t\t\t\t\t\t\t\t\t<\/div>\n\t\t\t\t<\/div>\n\t\t\t\t<div class=\"elementor-element elementor-element-d7ae483 jltma-glass-effect-no elementor-widget elementor-widget-image\" data-id=\"d7ae483\" data-element_type=\"widget\" data-e-type=\"widget\" data-widget_type=\"image.default\">\n\t\t\t\t<div class=\"elementor-widget-container\">\n\t\t\t\t\t\t\t\t\t\t\t\t\t\t\t<img decoding=\"async\" width=\"1024\" height=\"538\" src=\"https:\/\/www.adpetros.com\/wp-content\/uploads\/2021\/04\/reactor-1024x538.jpg\" class=\"attachment-large size-large wp-image-3180\" alt=\"\" srcset=\"https:\/\/www.adpetros.com\/wp-content\/uploads\/2021\/04\/reactor-1024x538.jpg 1024w, https:\/\/www.adpetros.com\/wp-content\/uploads\/2021\/04\/reactor-300x158.jpg 300w, https:\/\/www.adpetros.com\/wp-content\/uploads\/2021\/04\/reactor-768x404.jpg 768w, https:\/\/www.adpetros.com\/wp-content\/uploads\/2021\/04\/reactor.jpg 1280w\" sizes=\"(max-width: 1024px) 100vw, 1024px\" \/>\t\t\t\t\t\t\t\t\t\t\t\t\t\t\t<\/div>\n\t\t\t\t<\/div>\n\t\t\t\t<div class=\"elementor-element elementor-element-4e45661 jltma-glass-effect-no elementor-widget elementor-widget-image\" data-id=\"4e45661\" data-element_type=\"widget\" data-e-type=\"widget\" data-widget_type=\"image.default\">\n\t\t\t\t<div class=\"elementor-widget-container\">\n\t\t\t\t\t\t\t\t\t\t\t\t\t\t\t<img decoding=\"async\" width=\"590\" height=\"400\" src=\"https:\/\/www.adpetros.com\/wp-content\/uploads\/2018\/11\/project-2.jpg\" class=\"attachment-large size-large wp-image-188\" alt=\"\" srcset=\"https:\/\/www.adpetros.com\/wp-content\/uploads\/2018\/11\/project-2.jpg 590w, https:\/\/www.adpetros.com\/wp-content\/uploads\/2018\/11\/project-2-300x203.jpg 300w\" sizes=\"(max-width: 590px) 100vw, 590px\" \/>\t\t\t\t\t\t\t\t\t\t\t\t\t\t\t<\/div>\n\t\t\t\t<\/div>\n\t\t\t\t<div class=\"elementor-element elementor-element-0ab6662 jltma-glass-effect-no elementor-widget elementor-widget-image\" data-id=\"0ab6662\" data-element_type=\"widget\" data-e-type=\"widget\" data-widget_type=\"image.default\">\n\t\t\t\t<div class=\"elementor-widget-container\">\n\t\t\t\t\t\t\t\t\t\t\t\t\t\t\t<img loading=\"lazy\" decoding=\"async\" width=\"293\" height=\"500\" src=\"https:\/\/www.adpetros.com\/wp-content\/uploads\/2018\/11\/img-05-free-img-1.jpg\" class=\"attachment-large size-large wp-image-202\" alt=\"\" srcset=\"https:\/\/www.adpetros.com\/wp-content\/uploads\/2018\/11\/img-05-free-img-1.jpg 293w, https:\/\/www.adpetros.com\/wp-content\/uploads\/2018\/11\/img-05-free-img-1-176x300.jpg 176w\" sizes=\"(max-width: 293px) 100vw, 293px\" \/>\t\t\t\t\t\t\t\t\t\t\t\t\t\t\t<\/div>\n\t\t\t\t<\/div>\n\t\t\t\t\t<\/div>\n\t\t<\/div>\n\t\t\t\t\t<\/div>\n\t\t<\/section>\n\t\t\t\t<\/div>\n\t\t","protected":false},"excerpt":{"rendered":"<p>ADPetros &#8211; Sourcing &#038; Procurement Todos los proveedores de la lista de proveedores de Adpetros son evaluados y calificados peri\u00f3dicamente seg\u00fan criterios definidos y el historial de suministro pasado. Tambi\u00e9n trabajamos con la lista de proveedores del cliente. Los cronogramas y cronogramas de suministro se elaboran considerando los plazos y necesidades de la obra, con [&hellip;]<\/p>\n","protected":false},"author":11,"featured_media":0,"parent":0,"menu_order":0,"comment_status":"closed","ping_status":"closed","template":"","meta":{"site-sidebar-layout":"no-sidebar","site-content-layout":"page-builder","ast-site-content-layout":"default","site-content-style":"default","site-sidebar-style":"default","ast-global-header-display":"","ast-banner-title-visibility":"","ast-main-header-display":"","ast-hfb-above-header-display":"","ast-hfb-below-header-display":"","ast-hfb-mobile-header-display":"","site-post-title":"disabled","ast-breadcrumbs-content":"","ast-featured-img":"disabled","footer-sml-layout":"","ast-disable-related-posts":"","theme-transparent-header-meta":"enabled","adv-header-id-meta":"","stick-header-meta":"default","header-above-stick-meta":"","header-main-stick-meta":"","header-below-stick-meta":"","astra-migrate-meta-layouts":"default","ast-page-background-enabled":"default","ast-page-background-meta":{"desktop":{"background-color":"var(--ast-global-color-4)","background-image":"","background-repeat":"repeat","background-position":"center center","background-size":"auto","background-attachment":"scroll","background-type":"","background-media":"","overlay-type":"","overlay-color":"","overlay-opacity":"","overlay-gradient":""},"tablet":{"background-color":"","background-image":"","background-repeat":"repeat","background-position":"center center","background-size":"auto","background-attachment":"scroll","background-type":"","background-media":"","overlay-type":"","overlay-color":"","overlay-opacity":"","overlay-gradient":""},"mobile":{"background-color":"","background-image":"","background-repeat":"repeat","background-position":"center center","background-size":"auto","background-attachment":"scroll","background-type":"","background-media":"","overlay-type":"","overlay-color":"","overlay-opacity":"","overlay-gradient":""}},"ast-content-background-meta":{"desktop":{"background-color":"var(--ast-global-color-5)","background-image":"","background-repeat":"repeat","background-position":"center center","background-size":"auto","background-attachment":"scroll","background-type":"","background-media":"","overlay-type":"","overlay-color":"","overlay-opacity":"","overlay-gradient":""},"tablet":{"background-color":"var(--ast-global-color-5)","background-image":"","background-repeat":"repeat","background-position":"center center","background-size":"auto","background-attachment":"scroll","background-type":"","background-media":"","overlay-type":"","overlay-color":"","overlay-opacity":"","overlay-gradient":""},"mobile":{"background-color":"var(--ast-global-color-5)","background-image":"","background-repeat":"repeat","background-position":"center center","background-size":"auto","background-attachment":"scroll","background-type":"","background-media":"","overlay-type":"","overlay-color":"","overlay-opacity":"","overlay-gradient":""}},"footnotes":""},"class_list":["post-1384","page","type-page","status-publish","hentry"],"_links":{"self":[{"href":"https:\/\/www.adpetros.com\/es\/wp-json\/wp\/v2\/pages\/1384","targetHints":{"allow":["GET"]}}],"collection":[{"href":"https:\/\/www.adpetros.com\/es\/wp-json\/wp\/v2\/pages"}],"about":[{"href":"https:\/\/www.adpetros.com\/es\/wp-json\/wp\/v2\/types\/page"}],"author":[{"embeddable":true,"href":"https:\/\/www.adpetros.com\/es\/wp-json\/wp\/v2\/users\/11"}],"replies":[{"embeddable":true,"href":"https:\/\/www.adpetros.com\/es\/wp-json\/wp\/v2\/comments?post=1384"}],"version-history":[{"count":40,"href":"https:\/\/www.adpetros.com\/es\/wp-json\/wp\/v2\/pages\/1384\/revisions"}],"predecessor-version":[{"id":3460,"href":"https:\/\/www.adpetros.com\/es\/wp-json\/wp\/v2\/pages\/1384\/revisions\/3460"}],"wp:attachment":[{"href":"https:\/\/www.adpetros.com\/es\/wp-json\/wp\/v2\/media?parent=1384"}],"curies":[{"name":"wp","href":"https:\/\/api.w.org\/{rel}","templated":true}]}}