{"id":1361,"date":"2021-03-05T12:08:39","date_gmt":"2021-03-05T12:08:39","guid":{"rendered":"https:\/\/www.adpetros.com\/mini-refinaria\/"},"modified":"2023-12-12T10:06:15","modified_gmt":"2023-12-12T10:06:15","slug":"mini-refinaria","status":"publish","type":"page","link":"https:\/\/www.adpetros.com\/es\/mini-refinaria\/","title":{"rendered":"Mini refiner\u00eda"},"content":{"rendered":"\t\t<div data-elementor-type=\"wp-page\" data-elementor-id=\"1361\" class=\"elementor elementor-1361\" data-elementor-settings=\"{&quot;ha_cmc_init_switcher&quot;:&quot;no&quot;}\">\n\t\t\t\t\t\t<section class=\"has_eae_slider elementor-section elementor-top-section elementor-element elementor-element-161e505 elementor-section-boxed elementor-section-height-default elementor-section-height-default jltma-glass-effect-no\" data-eae-slider=\"20981\" data-id=\"161e505\" data-element_type=\"section\" data-e-type=\"section\" data-settings=\"{&quot;background_background&quot;:&quot;classic&quot;,&quot;_ha_eqh_enable&quot;:false}\">\n\t\t\t\t\t\t\t<div class=\"elementor-background-overlay\"><\/div>\n\t\t\t\t\t\t\t<div class=\"elementor-container elementor-column-gap-no\">\n\t\t\t\t\t<div class=\"has_eae_slider elementor-column elementor-col-100 elementor-top-column elementor-element elementor-element-f5e0bdc jltma-glass-effect-no\" data-eae-slider=\"97672\" data-id=\"f5e0bdc\" data-element_type=\"column\" data-e-type=\"column\">\n\t\t\t<div class=\"elementor-widget-wrap elementor-element-populated\">\n\t\t\t\t\t\t<div class=\"elementor-element elementor-element-4efc91a jltma-glass-effect-no elementor-widget elementor-widget-heading\" data-id=\"4efc91a\" data-element_type=\"widget\" data-e-type=\"widget\" data-widget_type=\"heading.default\">\n\t\t\t\t<div class=\"elementor-widget-container\">\n\t\t\t\t\t<h2 class=\"elementor-heading-title elementor-size-default\">ADPetros - Potencial Flare Gas<\/h2>\t\t\t\t<\/div>\n\t\t\t\t<\/div>\n\t\t\t\t\t<\/div>\n\t\t<\/div>\n\t\t\t\t\t<\/div>\n\t\t<\/section>\n\t\t\t\t<section class=\"has_eae_slider elementor-section elementor-top-section elementor-element elementor-element-9eb77b6 elementor-section-full_width triangle-divider-container triangle-divider-container-2 elementor-hidden-phone elementor-section-height-default elementor-section-height-default jltma-glass-effect-no\" data-eae-slider=\"35723\" data-id=\"9eb77b6\" data-element_type=\"section\" data-e-type=\"section\" data-settings=\"{&quot;background_background&quot;:&quot;classic&quot;,&quot;shape_divider_bottom&quot;:&quot;triangle&quot;}\">\n\t\t\t\t\t<div class=\"elementor-shape elementor-shape-bottom\" aria-hidden=\"true\" data-negative=\"false\">\n\t\t\t<svg xmlns=\"http:\/\/www.w3.org\/2000\/svg\" viewBox=\"0 0 1000 100\" preserveAspectRatio=\"none\">\n\t<path class=\"elementor-shape-fill\" d=\"M500,98.9L0,6.1V0h1000v6.1L500,98.9z\"\/>\n<\/svg>\t\t<\/div>\n\t\t\t\t\t<div class=\"elementor-container elementor-column-gap-default\">\n\t\t\t\t\t<div class=\"has_eae_slider elementor-column elementor-col-50 elementor-top-column elementor-element elementor-element-ff1be08 jltma-glass-effect-no\" data-eae-slider=\"31145\" data-id=\"ff1be08\" data-element_type=\"column\" data-e-type=\"column\" data-settings=\"{&quot;background_background&quot;:&quot;classic&quot;}\">\n\t\t\t<div class=\"elementor-widget-wrap\">\n\t\t\t\t\t\t\t<\/div>\n\t\t<\/div>\n\t\t\t\t<div class=\"has_eae_slider elementor-column elementor-col-50 elementor-top-column elementor-element elementor-element-56cabfd jltma-glass-effect-no\" data-eae-slider=\"19288\" data-id=\"56cabfd\" data-element_type=\"column\" data-e-type=\"column\" data-settings=\"{&quot;background_background&quot;:&quot;classic&quot;}\">\n\t\t\t<div class=\"elementor-widget-wrap elementor-element-populated\">\n\t\t\t\t\t\t<section class=\"has_eae_slider elementor-section elementor-inner-section elementor-element elementor-element-778e568 elementor-section-full_width transparent-inner elementor-section-height-default elementor-section-height-default jltma-glass-effect-no\" data-eae-slider=\"75393\" data-id=\"778e568\" data-element_type=\"section\" data-e-type=\"section\" data-settings=\"{&quot;background_background&quot;:&quot;classic&quot;,&quot;_ha_eqh_enable&quot;:false}\">\n\t\t\t\t\t\t<div class=\"elementor-container elementor-column-gap-default\">\n\t\t\t\t\t<div class=\"has_eae_slider elementor-column elementor-col-50 elementor-inner-column elementor-element elementor-element-b25a26f jltma-glass-effect-no\" data-eae-slider=\"86473\" data-id=\"b25a26f\" data-element_type=\"column\" data-e-type=\"column\">\n\t\t\t<div class=\"elementor-widget-wrap\">\n\t\t\t\t\t\t\t<\/div>\n\t\t<\/div>\n\t\t\t\t<div class=\"has_eae_slider elementor-column elementor-col-50 elementor-inner-column elementor-element elementor-element-7525903 jltma-glass-effect-no\" data-eae-slider=\"36217\" data-id=\"7525903\" data-element_type=\"column\" data-e-type=\"column\">\n\t\t\t<div class=\"elementor-widget-wrap\">\n\t\t\t\t\t\t\t<\/div>\n\t\t<\/div>\n\t\t\t\t\t<\/div>\n\t\t<\/section>\n\t\t\t\t<section class=\"has_eae_slider elementor-section elementor-inner-section elementor-element elementor-element-250959b elementor-section-full_width not-transparent-inner elementor-section-height-default elementor-section-height-default jltma-glass-effect-no\" data-eae-slider=\"22812\" data-id=\"250959b\" data-element_type=\"section\" data-e-type=\"section\" data-settings=\"{&quot;background_background&quot;:&quot;classic&quot;,&quot;_ha_eqh_enable&quot;:false}\">\n\t\t\t\t\t\t<div class=\"elementor-container elementor-column-gap-default\">\n\t\t\t\t\t<div class=\"has_eae_slider elementor-column elementor-col-50 elementor-inner-column elementor-element elementor-element-87b8241 jltma-glass-effect-no\" data-eae-slider=\"12678\" data-id=\"87b8241\" data-element_type=\"column\" data-e-type=\"column\">\n\t\t\t<div class=\"elementor-widget-wrap\">\n\t\t\t\t\t\t\t<\/div>\n\t\t<\/div>\n\t\t\t\t<div class=\"has_eae_slider elementor-column elementor-col-50 elementor-inner-column elementor-element elementor-element-4040a56 jltma-glass-effect-no\" data-eae-slider=\"86672\" data-id=\"4040a56\" data-element_type=\"column\" data-e-type=\"column\">\n\t\t\t<div class=\"elementor-widget-wrap\">\n\t\t\t\t\t\t\t<\/div>\n\t\t<\/div>\n\t\t\t\t\t<\/div>\n\t\t<\/section>\n\t\t\t\t\t<\/div>\n\t\t<\/div>\n\t\t\t\t\t<\/div>\n\t\t<\/section>\n\t\t\t\t<section class=\"has_eae_slider elementor-section elementor-top-section elementor-element elementor-element-f1420d1 elementor-section-full_width elementor-section-height-default elementor-section-height-default jltma-glass-effect-no\" data-eae-slider=\"91321\" data-id=\"f1420d1\" data-element_type=\"section\" data-e-type=\"section\" data-settings=\"{&quot;_ha_eqh_enable&quot;:false}\">\n\t\t\t\t\t\t<div class=\"elementor-container elementor-column-gap-default\">\n\t\t\t\t\t<div class=\"has_eae_slider elementor-column elementor-col-50 elementor-top-column elementor-element elementor-element-233bce5 jltma-glass-effect-no\" data-eae-slider=\"2993\" data-id=\"233bce5\" data-element_type=\"column\" data-e-type=\"column\" data-settings=\"{&quot;background_background&quot;:&quot;classic&quot;}\">\n\t\t\t<div class=\"elementor-widget-wrap elementor-element-populated\">\n\t\t\t\t\t\t<div class=\"elementor-element elementor-element-98d6a49 jltma-glass-effect-no elementor-widget elementor-widget-text-editor\" data-id=\"98d6a49\" data-element_type=\"widget\" data-e-type=\"widget\" data-widget_type=\"text-editor.default\">\n\t\t\t\t<div class=\"elementor-widget-container\">\n\t\t\t\t\t\t\t\t\t<p>Ayudando a las naciones productoras de petr\u00f3leo, ADPETROS aplica su tecnolog\u00eda para mejorar su eficiencia energ\u00e9tica con respecto a la gesti\u00f3n de gases de combusti\u00f3n, dise\u00f1amos una combinaci\u00f3n energ\u00e9tica que utiliza gases residuales para generar electricidad. Al financiar nuestros proyectos con cr\u00e9ditos de carbono, combatimos la degradaci\u00f3n ambiental causada por la quema de gas. Cada a\u00f1o se queman alrededor de 140 BCM de gas natural en todo el mundo, podiendo generar 30 GW de electricidad, bajando las emisiones anuales de GEI de 7,8 BT de CO2 equivalente que subieron a la atmosfera en 2022.<\/p>\t\t\t\t\t\t\t\t<\/div>\n\t\t\t\t<\/div>\n\t\t\t\t<div class=\"elementor-element elementor-element-4c4ac9c jltma-glass-effect-no elementor-widget elementor-widget-image\" data-id=\"4c4ac9c\" data-element_type=\"widget\" data-e-type=\"widget\" data-widget_type=\"image.default\">\n\t\t\t\t<div class=\"elementor-widget-container\">\n\t\t\t\t\t\t\t\t\t\t\t\t\t\t\t<img fetchpriority=\"high\" decoding=\"async\" width=\"494\" height=\"701\" src=\"https:\/\/www.adpetros.com\/wp-content\/uploads\/2023\/12\/adpetros-potencial-flare-gas.png\" class=\"attachment-large size-large wp-image-3614\" alt=\"\" srcset=\"https:\/\/www.adpetros.com\/wp-content\/uploads\/2023\/12\/adpetros-potencial-flare-gas.png 494w, https:\/\/www.adpetros.com\/wp-content\/uploads\/2023\/12\/adpetros-potencial-flare-gas-211x300.png 211w\" sizes=\"(max-width: 494px) 100vw, 494px\" \/>\t\t\t\t\t\t\t\t\t\t\t\t\t\t\t<\/div>\n\t\t\t\t<\/div>\n\t\t\t\t\t<\/div>\n\t\t<\/div>\n\t\t\t\t<div class=\"has_eae_slider elementor-column elementor-col-50 elementor-top-column elementor-element elementor-element-939fab9 elementor-hidden-phone jltma-glass-effect-no\" data-eae-slider=\"38734\" data-id=\"939fab9\" data-element_type=\"column\" data-e-type=\"column\" data-settings=\"{&quot;background_background&quot;:&quot;classic&quot;}\">\n\t\t\t<div class=\"elementor-widget-wrap elementor-element-populated\">\n\t\t\t\t\t\t<div class=\"elementor-element elementor-element-5965e1f jltma-glass-effect-no elementor-widget elementor-widget-image\" data-id=\"5965e1f\" data-element_type=\"widget\" data-e-type=\"widget\" data-widget_type=\"image.default\">\n\t\t\t\t<div class=\"elementor-widget-container\">\n\t\t\t\t\t\t\t\t\t\t\t\t\t\t\t<img decoding=\"async\" width=\"512\" height=\"512\" src=\"https:\/\/www.adpetros.com\/wp-content\/uploads\/2023\/12\/adpetros-01.jpg\" class=\"attachment-large size-large wp-image-3663\" alt=\"\" srcset=\"https:\/\/www.adpetros.com\/wp-content\/uploads\/2023\/12\/adpetros-01.jpg 512w, https:\/\/www.adpetros.com\/wp-content\/uploads\/2023\/12\/adpetros-01-300x300.jpg 300w, https:\/\/www.adpetros.com\/wp-content\/uploads\/2023\/12\/adpetros-01-150x150.jpg 150w\" sizes=\"(max-width: 512px) 100vw, 512px\" \/>\t\t\t\t\t\t\t\t\t\t\t\t\t\t\t<\/div>\n\t\t\t\t<\/div>\n\t\t\t\t<div class=\"elementor-element elementor-element-a8bcad4 jltma-glass-effect-no elementor-widget elementor-widget-image\" data-id=\"a8bcad4\" data-element_type=\"widget\" data-e-type=\"widget\" data-widget_type=\"image.default\">\n\t\t\t\t<div class=\"elementor-widget-container\">\n\t\t\t\t\t\t\t\t\t\t\t\t\t\t\t<img decoding=\"async\" width=\"512\" height=\"512\" src=\"https:\/\/www.adpetros.com\/wp-content\/uploads\/2023\/12\/adpetros-02.jpg\" class=\"attachment-large size-large wp-image-3665\" alt=\"\" srcset=\"https:\/\/www.adpetros.com\/wp-content\/uploads\/2023\/12\/adpetros-02.jpg 512w, https:\/\/www.adpetros.com\/wp-content\/uploads\/2023\/12\/adpetros-02-300x300.jpg 300w, https:\/\/www.adpetros.com\/wp-content\/uploads\/2023\/12\/adpetros-02-150x150.jpg 150w\" sizes=\"(max-width: 512px) 100vw, 512px\" \/>\t\t\t\t\t\t\t\t\t\t\t\t\t\t\t<\/div>\n\t\t\t\t<\/div>\n\t\t\t\t<div class=\"elementor-element elementor-element-86a2691 jltma-glass-effect-no elementor-widget elementor-widget-image\" data-id=\"86a2691\" data-element_type=\"widget\" data-e-type=\"widget\" data-widget_type=\"image.default\">\n\t\t\t\t<div class=\"elementor-widget-container\">\n\t\t\t\t\t\t\t\t\t\t\t\t\t\t\t<img loading=\"lazy\" decoding=\"async\" width=\"512\" height=\"512\" src=\"https:\/\/www.adpetros.com\/wp-content\/uploads\/2023\/12\/adpetros-03.jpg\" class=\"attachment-large size-large wp-image-3667\" alt=\"\" srcset=\"https:\/\/www.adpetros.com\/wp-content\/uploads\/2023\/12\/adpetros-03.jpg 512w, https:\/\/www.adpetros.com\/wp-content\/uploads\/2023\/12\/adpetros-03-300x300.jpg 300w, https:\/\/www.adpetros.com\/wp-content\/uploads\/2023\/12\/adpetros-03-150x150.jpg 150w\" sizes=\"(max-width: 512px) 100vw, 512px\" \/>\t\t\t\t\t\t\t\t\t\t\t\t\t\t\t<\/div>\n\t\t\t\t<\/div>\n\t\t\t\t\t<\/div>\n\t\t<\/div>\n\t\t\t\t\t<\/div>\n\t\t<\/section>\n\t\t\t\t<\/div>\n\t\t","protected":false},"excerpt":{"rendered":"<p>ADPetros &#8211; Potencial Flare Gas Ayudando a las naciones productoras de petr\u00f3leo, ADPETROS aplica su tecnolog\u00eda para mejorar su eficiencia energ\u00e9tica con respecto a la gesti\u00f3n de gases de combusti\u00f3n, dise\u00f1amos una combinaci\u00f3n energ\u00e9tica que utiliza gases residuales para generar electricidad. Al financiar nuestros proyectos con cr\u00e9ditos de carbono, combatimos la degradaci\u00f3n ambiental causada por [&hellip;]<\/p>\n","protected":false},"author":11,"featured_media":0,"parent":0,"menu_order":0,"comment_status":"closed","ping_status":"closed","template":"","meta":{"site-sidebar-layout":"no-sidebar","site-content-layout":"page-builder","ast-site-content-layout":"default","site-content-style":"default","site-sidebar-style":"default","ast-global-header-display":"","ast-banner-title-visibility":"","ast-main-header-display":"","ast-hfb-above-header-display":"","ast-hfb-below-header-display":"","ast-hfb-mobile-header-display":"","site-post-title":"disabled","ast-breadcrumbs-content":"","ast-featured-img":"disabled","footer-sml-layout":"","ast-disable-related-posts":"","theme-transparent-header-meta":"enabled","adv-header-id-meta":"","stick-header-meta":"default","header-above-stick-meta":"","header-main-stick-meta":"","header-below-stick-meta":"","astra-migrate-meta-layouts":"default","ast-page-background-enabled":"default","ast-page-background-meta":{"desktop":{"background-color":"var(--ast-global-color-4)","background-image":"","background-repeat":"repeat","background-position":"center center","background-size":"auto","background-attachment":"scroll","background-type":"","background-media":"","overlay-type":"","overlay-color":"","overlay-opacity":"","overlay-gradient":""},"tablet":{"background-color":"","background-image":"","background-repeat":"repeat","background-position":"center center","background-size":"auto","background-attachment":"scroll","background-type":"","background-media":"","overlay-type":"","overlay-color":"","overlay-opacity":"","overlay-gradient":""},"mobile":{"background-color":"","background-image":"","background-repeat":"repeat","background-position":"center center","background-size":"auto","background-attachment":"scroll","background-type":"","background-media":"","overlay-type":"","overlay-color":"","overlay-opacity":"","overlay-gradient":""}},"ast-content-background-meta":{"desktop":{"background-color":"var(--ast-global-color-5)","background-image":"","background-repeat":"repeat","background-position":"center center","background-size":"auto","background-attachment":"scroll","background-type":"","background-media":"","overlay-type":"","overlay-color":"","overlay-opacity":"","overlay-gradient":""},"tablet":{"background-color":"var(--ast-global-color-5)","background-image":"","background-repeat":"repeat","background-position":"center center","background-size":"auto","background-attachment":"scroll","background-type":"","background-media":"","overlay-type":"","overlay-color":"","overlay-opacity":"","overlay-gradient":""},"mobile":{"background-color":"var(--ast-global-color-5)","background-image":"","background-repeat":"repeat","background-position":"center center","background-size":"auto","background-attachment":"scroll","background-type":"","background-media":"","overlay-type":"","overlay-color":"","overlay-opacity":"","overlay-gradient":""}},"footnotes":""},"class_list":["post-1361","page","type-page","status-publish","hentry"],"_links":{"self":[{"href":"https:\/\/www.adpetros.com\/es\/wp-json\/wp\/v2\/pages\/1361","targetHints":{"allow":["GET"]}}],"collection":[{"href":"https:\/\/www.adpetros.com\/es\/wp-json\/wp\/v2\/pages"}],"about":[{"href":"https:\/\/www.adpetros.com\/es\/wp-json\/wp\/v2\/types\/page"}],"author":[{"embeddable":true,"href":"https:\/\/www.adpetros.com\/es\/wp-json\/wp\/v2\/users\/11"}],"replies":[{"embeddable":true,"href":"https:\/\/www.adpetros.com\/es\/wp-json\/wp\/v2\/comments?post=1361"}],"version-history":[{"count":58,"href":"https:\/\/www.adpetros.com\/es\/wp-json\/wp\/v2\/pages\/1361\/revisions"}],"predecessor-version":[{"id":3673,"href":"https:\/\/www.adpetros.com\/es\/wp-json\/wp\/v2\/pages\/1361\/revisions\/3673"}],"wp:attachment":[{"href":"https:\/\/www.adpetros.com\/es\/wp-json\/wp\/v2\/media?parent=1361"}],"curies":[{"name":"wp","href":"https:\/\/api.w.org\/{rel}","templated":true}]}}