{"id":1336,"date":"2021-03-08T09:36:58","date_gmt":"2021-03-08T09:36:58","guid":{"rendered":"https:\/\/www.adpetros.com\/instrumentacao\/"},"modified":"2021-05-03T22:47:34","modified_gmt":"2021-05-03T21:47:34","slug":"instrumentacao","status":"publish","type":"page","link":"https:\/\/www.adpetros.com\/es\/instrumentacao\/","title":{"rendered":"instrumentaci\u00f3n"},"content":{"rendered":"\t\t<div data-elementor-type=\"wp-page\" data-elementor-id=\"1336\" class=\"elementor elementor-1336\" data-elementor-settings=\"{&quot;ha_cmc_init_switcher&quot;:&quot;no&quot;}\">\n\t\t\t\t\t\t<section class=\"has_eae_slider elementor-section elementor-top-section elementor-element elementor-element-161e505 elementor-section-boxed elementor-section-height-default elementor-section-height-default jltma-glass-effect-no\" data-eae-slider=\"47692\" data-id=\"161e505\" data-element_type=\"section\" data-e-type=\"section\" data-settings=\"{&quot;background_background&quot;:&quot;classic&quot;,&quot;_ha_eqh_enable&quot;:false}\">\n\t\t\t\t\t\t\t<div class=\"elementor-background-overlay\"><\/div>\n\t\t\t\t\t\t\t<div class=\"elementor-container elementor-column-gap-no\">\n\t\t\t\t\t<div class=\"has_eae_slider elementor-column elementor-col-100 elementor-top-column elementor-element elementor-element-f5e0bdc jltma-glass-effect-no\" data-eae-slider=\"62167\" data-id=\"f5e0bdc\" data-element_type=\"column\" data-e-type=\"column\">\n\t\t\t<div class=\"elementor-widget-wrap elementor-element-populated\">\n\t\t\t\t\t\t<div class=\"elementor-element elementor-element-0a9e9eb jltma-glass-effect-no elementor-widget elementor-widget-heading\" data-id=\"0a9e9eb\" data-element_type=\"widget\" data-e-type=\"widget\" data-widget_type=\"heading.default\">\n\t\t\t\t<div class=\"elementor-widget-container\">\n\t\t\t\t\t<h2 class=\"elementor-heading-title elementor-size-default\">ADPetros - Instrumentaci\u00f3n<\/h2>\t\t\t\t<\/div>\n\t\t\t\t<\/div>\n\t\t\t\t\t<\/div>\n\t\t<\/div>\n\t\t\t\t\t<\/div>\n\t\t<\/section>\n\t\t\t\t<section class=\"has_eae_slider elementor-section elementor-top-section elementor-element elementor-element-9eb77b6 elementor-section-full_width triangle-divider-container triangle-divider-container-2 elementor-hidden-phone elementor-section-height-default elementor-section-height-default jltma-glass-effect-no\" data-eae-slider=\"90362\" data-id=\"9eb77b6\" data-element_type=\"section\" data-e-type=\"section\" data-settings=\"{&quot;background_background&quot;:&quot;classic&quot;,&quot;shape_divider_bottom&quot;:&quot;triangle&quot;}\">\n\t\t\t\t\t<div class=\"elementor-shape elementor-shape-bottom\" aria-hidden=\"true\" data-negative=\"false\">\n\t\t\t<svg xmlns=\"http:\/\/www.w3.org\/2000\/svg\" viewBox=\"0 0 1000 100\" preserveAspectRatio=\"none\">\n\t<path class=\"elementor-shape-fill\" d=\"M500,98.9L0,6.1V0h1000v6.1L500,98.9z\"\/>\n<\/svg>\t\t<\/div>\n\t\t\t\t\t<div class=\"elementor-container elementor-column-gap-default\">\n\t\t\t\t\t<div class=\"has_eae_slider elementor-column elementor-col-50 elementor-top-column elementor-element elementor-element-ff1be08 jltma-glass-effect-no\" data-eae-slider=\"7101\" data-id=\"ff1be08\" data-element_type=\"column\" data-e-type=\"column\" data-settings=\"{&quot;background_background&quot;:&quot;classic&quot;}\">\n\t\t\t<div class=\"elementor-widget-wrap\">\n\t\t\t\t\t\t\t<\/div>\n\t\t<\/div>\n\t\t\t\t<div class=\"has_eae_slider elementor-column elementor-col-50 elementor-top-column elementor-element elementor-element-56cabfd jltma-glass-effect-no\" data-eae-slider=\"79493\" data-id=\"56cabfd\" data-element_type=\"column\" data-e-type=\"column\" data-settings=\"{&quot;background_background&quot;:&quot;classic&quot;}\">\n\t\t\t<div class=\"elementor-widget-wrap elementor-element-populated\">\n\t\t\t\t\t\t<section class=\"has_eae_slider elementor-section elementor-inner-section elementor-element elementor-element-778e568 elementor-section-full_width transparent-inner elementor-section-height-default elementor-section-height-default jltma-glass-effect-no\" data-eae-slider=\"44496\" data-id=\"778e568\" data-element_type=\"section\" data-e-type=\"section\" data-settings=\"{&quot;background_background&quot;:&quot;classic&quot;,&quot;_ha_eqh_enable&quot;:false}\">\n\t\t\t\t\t\t<div class=\"elementor-container elementor-column-gap-default\">\n\t\t\t\t\t<div class=\"has_eae_slider elementor-column elementor-col-50 elementor-inner-column elementor-element elementor-element-b25a26f jltma-glass-effect-no\" data-eae-slider=\"82740\" data-id=\"b25a26f\" data-element_type=\"column\" data-e-type=\"column\">\n\t\t\t<div class=\"elementor-widget-wrap\">\n\t\t\t\t\t\t\t<\/div>\n\t\t<\/div>\n\t\t\t\t<div class=\"has_eae_slider elementor-column elementor-col-50 elementor-inner-column elementor-element elementor-element-7525903 jltma-glass-effect-no\" data-eae-slider=\"92637\" data-id=\"7525903\" data-element_type=\"column\" data-e-type=\"column\">\n\t\t\t<div class=\"elementor-widget-wrap\">\n\t\t\t\t\t\t\t<\/div>\n\t\t<\/div>\n\t\t\t\t\t<\/div>\n\t\t<\/section>\n\t\t\t\t<section class=\"has_eae_slider elementor-section elementor-inner-section elementor-element elementor-element-250959b elementor-section-full_width not-transparent-inner elementor-section-height-default elementor-section-height-default jltma-glass-effect-no\" data-eae-slider=\"28987\" data-id=\"250959b\" data-element_type=\"section\" data-e-type=\"section\" data-settings=\"{&quot;background_background&quot;:&quot;classic&quot;,&quot;_ha_eqh_enable&quot;:false}\">\n\t\t\t\t\t\t<div class=\"elementor-container elementor-column-gap-default\">\n\t\t\t\t\t<div class=\"has_eae_slider elementor-column elementor-col-50 elementor-inner-column elementor-element elementor-element-87b8241 jltma-glass-effect-no\" data-eae-slider=\"16552\" data-id=\"87b8241\" data-element_type=\"column\" data-e-type=\"column\">\n\t\t\t<div class=\"elementor-widget-wrap\">\n\t\t\t\t\t\t\t<\/div>\n\t\t<\/div>\n\t\t\t\t<div class=\"has_eae_slider elementor-column elementor-col-50 elementor-inner-column elementor-element elementor-element-4040a56 jltma-glass-effect-no\" data-eae-slider=\"57222\" data-id=\"4040a56\" data-element_type=\"column\" data-e-type=\"column\">\n\t\t\t<div class=\"elementor-widget-wrap\">\n\t\t\t\t\t\t\t<\/div>\n\t\t<\/div>\n\t\t\t\t\t<\/div>\n\t\t<\/section>\n\t\t\t\t\t<\/div>\n\t\t<\/div>\n\t\t\t\t\t<\/div>\n\t\t<\/section>\n\t\t\t\t<section class=\"has_eae_slider elementor-section elementor-top-section elementor-element elementor-element-f1420d1 elementor-section-full_width elementor-section-height-default elementor-section-height-default jltma-glass-effect-no\" data-eae-slider=\"12546\" data-id=\"f1420d1\" data-element_type=\"section\" data-e-type=\"section\" data-settings=\"{&quot;_ha_eqh_enable&quot;:false}\">\n\t\t\t\t\t\t<div class=\"elementor-container elementor-column-gap-default\">\n\t\t\t\t\t<div class=\"has_eae_slider elementor-column elementor-col-50 elementor-top-column elementor-element elementor-element-233bce5 jltma-glass-effect-no\" data-eae-slider=\"84093\" data-id=\"233bce5\" data-element_type=\"column\" data-e-type=\"column\" data-settings=\"{&quot;background_background&quot;:&quot;classic&quot;}\">\n\t\t\t<div class=\"elementor-widget-wrap elementor-element-populated\">\n\t\t\t\t\t\t<div class=\"elementor-element elementor-element-909f402 jltma-glass-effect-no elementor-widget elementor-widget-text-editor\" data-id=\"909f402\" data-element_type=\"widget\" data-e-type=\"widget\" data-widget_type=\"text-editor.default\">\n\t\t\t\t<div class=\"elementor-widget-container\">\n\t\t\t\t\t\t\t\t\t<p>ADPetros cuenta con laboratorios m\u00f3viles de instrumentaci\u00f3n, equipos y calibraci\u00f3n certificados por RBC e Inmetro para operaciones en todo el mundo en las actividades que se enumeran a continuaci\u00f3n.<\/p>\t\t\t\t\t\t\t\t<\/div>\n\t\t\t\t<\/div>\n\t\t\t\t<div class=\"elementor-element elementor-element-5f7abda jltma-glass-effect-no elementor-widget elementor-widget-heading\" data-id=\"5f7abda\" data-element_type=\"widget\" data-e-type=\"widget\" data-widget_type=\"heading.default\">\n\t\t\t\t<div class=\"elementor-widget-container\">\n\t\t\t\t\t<h2 class=\"elementor-heading-title elementor-size-default\">Actividades desarrolladas<\/h2>\t\t\t\t<\/div>\n\t\t\t\t<\/div>\n\t\t\t\t<div class=\"elementor-element elementor-element-98d6a49 jltma-glass-effect-no elementor-widget elementor-widget-text-editor\" data-id=\"98d6a49\" data-element_type=\"widget\" data-e-type=\"widget\" data-widget_type=\"text-editor.default\">\n\t\t\t\t<div class=\"elementor-widget-container\">\n\t\t\t\t\t\t\t\t\t<ul><li>Inspecci\u00f3n y certificaci\u00f3n de instrumentos, componentes y materiales destinados al montaje;<\/li><li>Arranque, operaci\u00f3n CCM y calibraci\u00f3n de rel\u00e9s;<\/li><li>Elaboraci\u00f3n de planes de mantenimiento preventivo;<\/li><li>Instalaci\u00f3n, montaje, mantenimiento; preventivo y correctivo de los equipos de CCM;<\/li><li>Ensayos en cables y motores de media y alta tensi\u00f3n;<\/li><li>Consultor\u00eda para la implementaci\u00f3n del sistema de control de equipos de medici\u00f3n, inspecci\u00f3n y ensayo;<\/li><li>Pruebas y pruebas de equipos el\u00e9ctricos y de control de procesos;<\/li><li>Acondicionamiento de unidades de proceso y plataformas marinas;<\/li><li>Montaje y prueba en lazos de control de instrumentos en sinton\u00eda con el supervisor;<\/li><li>Puesta en marcha, pre-operaci\u00f3n y operaci\u00f3n de sistemas de control instrumentados;<\/li><li>Inspecciones y certificaci\u00f3n de calidad y conformidad de equipos, componentes y materiales destinados al montaje;<\/li><li>Estudios y elaboraci\u00f3n de procedimientos de acondicionamiento y conservaci\u00f3n de equipos y componentes en las fases de almacenamiento, montaje y posmontaje;<\/li><li>Mantenimiento preventivo, correctivo y predictivo en sistemas instrumentados;<\/li><li>Acondicionamiento de unidades de proceso y plataformas marinas;<\/li><li>Suministro de mano de obra t\u00e9cnica y equipamiento especializado.<\/li><\/ul>\t\t\t\t\t\t\t\t<\/div>\n\t\t\t\t<\/div>\n\t\t\t\t\t<\/div>\n\t\t<\/div>\n\t\t\t\t<div class=\"has_eae_slider elementor-column elementor-col-50 elementor-top-column elementor-element elementor-element-939fab9 elementor-hidden-phone jltma-glass-effect-no\" data-eae-slider=\"1096\" data-id=\"939fab9\" data-element_type=\"column\" data-e-type=\"column\" data-settings=\"{&quot;background_background&quot;:&quot;classic&quot;}\">\n\t\t\t<div class=\"elementor-widget-wrap elementor-element-populated\">\n\t\t\t\t\t\t<div class=\"elementor-element elementor-element-ec2d4f0 jltma-glass-effect-no elementor-widget elementor-widget-image\" data-id=\"ec2d4f0\" data-element_type=\"widget\" data-e-type=\"widget\" data-widget_type=\"image.default\">\n\t\t\t\t<div class=\"elementor-widget-container\">\n\t\t\t\t\t\t\t\t\t\t\t\t\t\t\t<img fetchpriority=\"high\" decoding=\"async\" width=\"1024\" height=\"539\" src=\"https:\/\/www.adpetros.com\/wp-content\/uploads\/2021\/04\/estruturas3-1024x539.jpg\" class=\"attachment-large size-large wp-image-3144\" alt=\"\" srcset=\"https:\/\/www.adpetros.com\/wp-content\/uploads\/2021\/04\/estruturas3-1024x539.jpg 1024w, https:\/\/www.adpetros.com\/wp-content\/uploads\/2021\/04\/estruturas3-300x158.jpg 300w, https:\/\/www.adpetros.com\/wp-content\/uploads\/2021\/04\/estruturas3-768x404.jpg 768w, https:\/\/www.adpetros.com\/wp-content\/uploads\/2021\/04\/estruturas3.jpg 1276w\" sizes=\"(max-width: 1024px) 100vw, 1024px\" \/>\t\t\t\t\t\t\t\t\t\t\t\t\t\t\t<\/div>\n\t\t\t\t<\/div>\n\t\t\t\t<div class=\"elementor-element elementor-element-a2ad497 jltma-glass-effect-no elementor-widget elementor-widget-image\" data-id=\"a2ad497\" data-element_type=\"widget\" data-e-type=\"widget\" data-widget_type=\"image.default\">\n\t\t\t\t<div class=\"elementor-widget-container\">\n\t\t\t\t\t\t\t\t\t\t\t\t\t\t\t<img decoding=\"async\" width=\"1024\" height=\"542\" src=\"https:\/\/www.adpetros.com\/wp-content\/uploads\/2021\/04\/estrtuturas1-1024x542.jpg\" class=\"attachment-large size-large wp-image-3146\" alt=\"\" srcset=\"https:\/\/www.adpetros.com\/wp-content\/uploads\/2021\/04\/estrtuturas1-1024x542.jpg 1024w, https:\/\/www.adpetros.com\/wp-content\/uploads\/2021\/04\/estrtuturas1-300x159.jpg 300w, https:\/\/www.adpetros.com\/wp-content\/uploads\/2021\/04\/estrtuturas1-768x407.jpg 768w, https:\/\/www.adpetros.com\/wp-content\/uploads\/2021\/04\/estrtuturas1.jpg 1275w\" sizes=\"(max-width: 1024px) 100vw, 1024px\" \/>\t\t\t\t\t\t\t\t\t\t\t\t\t\t\t<\/div>\n\t\t\t\t<\/div>\n\t\t\t\t<div class=\"elementor-element elementor-element-255ca72 jltma-glass-effect-no elementor-widget elementor-widget-image\" data-id=\"255ca72\" data-element_type=\"widget\" data-e-type=\"widget\" data-widget_type=\"image.default\">\n\t\t\t\t<div class=\"elementor-widget-container\">\n\t\t\t\t\t\t\t\t\t\t\t\t\t\t\t<img decoding=\"async\" width=\"1024\" height=\"538\" src=\"https:\/\/www.adpetros.com\/wp-content\/uploads\/2021\/04\/machines-1024x538.png\" class=\"attachment-large size-large wp-image-3257\" alt=\"\" srcset=\"https:\/\/www.adpetros.com\/wp-content\/uploads\/2021\/04\/machines-1024x538.png 1024w, https:\/\/www.adpetros.com\/wp-content\/uploads\/2021\/04\/machines-300x158.png 300w, https:\/\/www.adpetros.com\/wp-content\/uploads\/2021\/04\/machines-768x404.png 768w, https:\/\/www.adpetros.com\/wp-content\/uploads\/2021\/04\/machines.png 1277w\" sizes=\"(max-width: 1024px) 100vw, 1024px\" \/>\t\t\t\t\t\t\t\t\t\t\t\t\t\t\t<\/div>\n\t\t\t\t<\/div>\n\t\t\t\t<div class=\"elementor-element elementor-element-bec992d jltma-glass-effect-no elementor-widget elementor-widget-image\" data-id=\"bec992d\" data-element_type=\"widget\" data-e-type=\"widget\" data-widget_type=\"image.default\">\n\t\t\t\t<div class=\"elementor-widget-container\">\n\t\t\t\t\t\t\t\t\t\t\t\t\t\t\t<img loading=\"lazy\" decoding=\"async\" width=\"1024\" height=\"538\" src=\"https:\/\/www.adpetros.com\/wp-content\/uploads\/2021\/04\/machine-1024x538.jpg\" class=\"attachment-large size-large wp-image-3159\" alt=\"\" srcset=\"https:\/\/www.adpetros.com\/wp-content\/uploads\/2021\/04\/machine-1024x538.jpg 1024w, https:\/\/www.adpetros.com\/wp-content\/uploads\/2021\/04\/machine-300x158.jpg 300w, https:\/\/www.adpetros.com\/wp-content\/uploads\/2021\/04\/machine-768x404.jpg 768w, https:\/\/www.adpetros.com\/wp-content\/uploads\/2021\/04\/machine.jpg 1279w\" sizes=\"(max-width: 1024px) 100vw, 1024px\" \/>\t\t\t\t\t\t\t\t\t\t\t\t\t\t\t<\/div>\n\t\t\t\t<\/div>\n\t\t\t\t\t<\/div>\n\t\t<\/div>\n\t\t\t\t\t<\/div>\n\t\t<\/section>\n\t\t\t\t<\/div>\n\t\t","protected":false},"excerpt":{"rendered":"<p>ADPetros &#8211; Instrumentaci\u00f3n ADPetros cuenta con laboratorios m\u00f3viles de instrumentaci\u00f3n, equipos y calibraci\u00f3n certificados por RBC e Inmetro para operaciones en todo el mundo en las actividades que se enumeran a continuaci\u00f3n. Actividades desarrolladas Inspecci\u00f3n y certificaci\u00f3n de instrumentos, componentes y materiales destinados al montaje; Arranque, operaci\u00f3n CCM y calibraci\u00f3n de rel\u00e9s; Elaboraci\u00f3n de planes [&hellip;]<\/p>\n","protected":false},"author":11,"featured_media":0,"parent":0,"menu_order":0,"comment_status":"closed","ping_status":"closed","template":"","meta":{"site-sidebar-layout":"no-sidebar","site-content-layout":"page-builder","ast-site-content-layout":"default","site-content-style":"default","site-sidebar-style":"default","ast-global-header-display":"","ast-banner-title-visibility":"","ast-main-header-display":"","ast-hfb-above-header-display":"","ast-hfb-below-header-display":"","ast-hfb-mobile-header-display":"","site-post-title":"disabled","ast-breadcrumbs-content":"","ast-featured-img":"disabled","footer-sml-layout":"","ast-disable-related-posts":"","theme-transparent-header-meta":"enabled","adv-header-id-meta":"","stick-header-meta":"default","header-above-stick-meta":"","header-main-stick-meta":"","header-below-stick-meta":"","astra-migrate-meta-layouts":"default","ast-page-background-enabled":"default","ast-page-background-meta":{"desktop":{"background-color":"var(--ast-global-color-4)","background-image":"","background-repeat":"repeat","background-position":"center center","background-size":"auto","background-attachment":"scroll","background-type":"","background-media":"","overlay-type":"","overlay-color":"","overlay-opacity":"","overlay-gradient":""},"tablet":{"background-color":"","background-image":"","background-repeat":"repeat","background-position":"center center","background-size":"auto","background-attachment":"scroll","background-type":"","background-media":"","overlay-type":"","overlay-color":"","overlay-opacity":"","overlay-gradient":""},"mobile":{"background-color":"","background-image":"","background-repeat":"repeat","background-position":"center center","background-size":"auto","background-attachment":"scroll","background-type":"","background-media":"","overlay-type":"","overlay-color":"","overlay-opacity":"","overlay-gradient":""}},"ast-content-background-meta":{"desktop":{"background-color":"var(--ast-global-color-5)","background-image":"","background-repeat":"repeat","background-position":"center center","background-size":"auto","background-attachment":"scroll","background-type":"","background-media":"","overlay-type":"","overlay-color":"","overlay-opacity":"","overlay-gradient":""},"tablet":{"background-color":"var(--ast-global-color-5)","background-image":"","background-repeat":"repeat","background-position":"center center","background-size":"auto","background-attachment":"scroll","background-type":"","background-media":"","overlay-type":"","overlay-color":"","overlay-opacity":"","overlay-gradient":""},"mobile":{"background-color":"var(--ast-global-color-5)","background-image":"","background-repeat":"repeat","background-position":"center center","background-size":"auto","background-attachment":"scroll","background-type":"","background-media":"","overlay-type":"","overlay-color":"","overlay-opacity":"","overlay-gradient":""}},"footnotes":""},"class_list":["post-1336","page","type-page","status-publish","hentry"],"_links":{"self":[{"href":"https:\/\/www.adpetros.com\/es\/wp-json\/wp\/v2\/pages\/1336","targetHints":{"allow":["GET"]}}],"collection":[{"href":"https:\/\/www.adpetros.com\/es\/wp-json\/wp\/v2\/pages"}],"about":[{"href":"https:\/\/www.adpetros.com\/es\/wp-json\/wp\/v2\/types\/page"}],"author":[{"embeddable":true,"href":"https:\/\/www.adpetros.com\/es\/wp-json\/wp\/v2\/users\/11"}],"replies":[{"embeddable":true,"href":"https:\/\/www.adpetros.com\/es\/wp-json\/wp\/v2\/comments?post=1336"}],"version-history":[{"count":31,"href":"https:\/\/www.adpetros.com\/es\/wp-json\/wp\/v2\/pages\/1336\/revisions"}],"predecessor-version":[{"id":3475,"href":"https:\/\/www.adpetros.com\/es\/wp-json\/wp\/v2\/pages\/1336\/revisions\/3475"}],"wp:attachment":[{"href":"https:\/\/www.adpetros.com\/es\/wp-json\/wp\/v2\/media?parent=1336"}],"curies":[{"name":"wp","href":"https:\/\/api.w.org\/{rel}","templated":true}]}}