{"id":1331,"date":"2021-03-05T12:36:31","date_gmt":"2021-03-05T12:36:31","guid":{"rendered":"https:\/\/www.adpetros.com\/institucional-2\/"},"modified":"2021-05-03T23:07:08","modified_gmt":"2021-05-03T22:07:08","slug":"sobre-nosotros","status":"publish","type":"page","link":"https:\/\/www.adpetros.com\/es\/sobre-nosotros\/","title":{"rendered":"Sobre Nosotros"},"content":{"rendered":"\t\t<div data-elementor-type=\"wp-page\" data-elementor-id=\"1331\" class=\"elementor elementor-1331\" data-elementor-settings=\"{&quot;ha_cmc_init_switcher&quot;:&quot;no&quot;}\">\n\t\t\t\t\t\t<section class=\"has_eae_slider elementor-section elementor-top-section elementor-element elementor-element-161e505 elementor-section-full_width elementor-section-height-default elementor-section-height-default jltma-glass-effect-no\" data-eae-slider=\"10647\" data-id=\"161e505\" data-element_type=\"section\" data-e-type=\"section\" data-settings=\"{&quot;background_background&quot;:&quot;classic&quot;,&quot;_ha_eqh_enable&quot;:false}\">\n\t\t\t\t\t\t\t<div class=\"elementor-background-overlay\"><\/div>\n\t\t\t\t\t\t\t<div class=\"elementor-container elementor-column-gap-no\">\n\t\t\t\t\t<div class=\"has_eae_slider elementor-column elementor-col-100 elementor-top-column elementor-element elementor-element-d2eba0a jltma-glass-effect-no\" data-eae-slider=\"29921\" data-id=\"d2eba0a\" data-element_type=\"column\" data-e-type=\"column\">\n\t\t\t<div class=\"elementor-widget-wrap elementor-element-populated\">\n\t\t\t\t\t\t<div class=\"elementor-element elementor-element-a32ad4b jltma-glass-effect-no elementor-widget elementor-widget-heading\" data-id=\"a32ad4b\" data-element_type=\"widget\" data-e-type=\"widget\" data-widget_type=\"heading.default\">\n\t\t\t\t<div class=\"elementor-widget-container\">\n\t\t\t\t\t<h2 class=\"elementor-heading-title elementor-size-default\">Sobre Nosotros<\/h2>\t\t\t\t<\/div>\n\t\t\t\t<\/div>\n\t\t\t\t\t<\/div>\n\t\t<\/div>\n\t\t\t\t\t<\/div>\n\t\t<\/section>\n\t\t\t\t<section class=\"has_eae_slider elementor-section elementor-top-section elementor-element elementor-element-3a19652 elementor-section-full_width triangle-divider-container triangle-divider-container-2 elementor-hidden-phone elementor-section-height-default elementor-section-height-default jltma-glass-effect-no\" data-eae-slider=\"52076\" data-id=\"3a19652\" data-element_type=\"section\" data-e-type=\"section\" data-settings=\"{&quot;background_background&quot;:&quot;classic&quot;,&quot;shape_divider_bottom&quot;:&quot;triangle&quot;}\">\n\t\t\t\t\t<div class=\"elementor-shape elementor-shape-bottom\" aria-hidden=\"true\" data-negative=\"false\">\n\t\t\t<svg xmlns=\"http:\/\/www.w3.org\/2000\/svg\" viewBox=\"0 0 1000 100\" preserveAspectRatio=\"none\">\n\t<path class=\"elementor-shape-fill\" d=\"M500,98.9L0,6.1V0h1000v6.1L500,98.9z\"\/>\n<\/svg>\t\t<\/div>\n\t\t\t\t\t<div class=\"elementor-container elementor-column-gap-default\">\n\t\t\t\t\t<div class=\"has_eae_slider elementor-column elementor-col-50 elementor-top-column elementor-element elementor-element-45298dc jltma-glass-effect-no\" data-eae-slider=\"43075\" data-id=\"45298dc\" data-element_type=\"column\" data-e-type=\"column\" data-settings=\"{&quot;background_background&quot;:&quot;classic&quot;}\">\n\t\t\t<div class=\"elementor-widget-wrap\">\n\t\t\t\t\t\t\t<\/div>\n\t\t<\/div>\n\t\t\t\t<div class=\"has_eae_slider elementor-column elementor-col-50 elementor-top-column elementor-element elementor-element-e22b220 jltma-glass-effect-no\" data-eae-slider=\"12840\" data-id=\"e22b220\" data-element_type=\"column\" data-e-type=\"column\" data-settings=\"{&quot;background_background&quot;:&quot;classic&quot;}\">\n\t\t\t<div class=\"elementor-widget-wrap elementor-element-populated\">\n\t\t\t\t\t\t<section class=\"has_eae_slider elementor-section elementor-inner-section elementor-element elementor-element-7d26a41 elementor-section-full_width transparent-inner elementor-section-height-default elementor-section-height-default jltma-glass-effect-no\" data-eae-slider=\"50658\" data-id=\"7d26a41\" data-element_type=\"section\" data-e-type=\"section\" data-settings=\"{&quot;background_background&quot;:&quot;classic&quot;,&quot;_ha_eqh_enable&quot;:false}\">\n\t\t\t\t\t\t<div class=\"elementor-container elementor-column-gap-default\">\n\t\t\t\t\t<div class=\"has_eae_slider elementor-column elementor-col-50 elementor-inner-column elementor-element elementor-element-9927e35 jltma-glass-effect-no\" data-eae-slider=\"9504\" data-id=\"9927e35\" data-element_type=\"column\" data-e-type=\"column\">\n\t\t\t<div class=\"elementor-widget-wrap\">\n\t\t\t\t\t\t\t<\/div>\n\t\t<\/div>\n\t\t\t\t<div class=\"has_eae_slider elementor-column elementor-col-50 elementor-inner-column elementor-element elementor-element-3185a85 jltma-glass-effect-no\" data-eae-slider=\"54859\" data-id=\"3185a85\" data-element_type=\"column\" data-e-type=\"column\">\n\t\t\t<div class=\"elementor-widget-wrap\">\n\t\t\t\t\t\t\t<\/div>\n\t\t<\/div>\n\t\t\t\t\t<\/div>\n\t\t<\/section>\n\t\t\t\t<section class=\"has_eae_slider elementor-section elementor-inner-section elementor-element elementor-element-4d05185 elementor-section-full_width not-transparent-inner elementor-section-height-default elementor-section-height-default jltma-glass-effect-no\" data-eae-slider=\"20366\" data-id=\"4d05185\" data-element_type=\"section\" data-e-type=\"section\" data-settings=\"{&quot;background_background&quot;:&quot;classic&quot;,&quot;_ha_eqh_enable&quot;:false}\">\n\t\t\t\t\t\t<div class=\"elementor-container elementor-column-gap-default\">\n\t\t\t\t\t<div class=\"has_eae_slider elementor-column elementor-col-50 elementor-inner-column elementor-element elementor-element-4bc6902 jltma-glass-effect-no\" data-eae-slider=\"60681\" data-id=\"4bc6902\" data-element_type=\"column\" data-e-type=\"column\">\n\t\t\t<div class=\"elementor-widget-wrap\">\n\t\t\t\t\t\t\t<\/div>\n\t\t<\/div>\n\t\t\t\t<div class=\"has_eae_slider elementor-column elementor-col-50 elementor-inner-column elementor-element elementor-element-27b8cf1 jltma-glass-effect-no\" data-eae-slider=\"15633\" data-id=\"27b8cf1\" data-element_type=\"column\" data-e-type=\"column\">\n\t\t\t<div class=\"elementor-widget-wrap\">\n\t\t\t\t\t\t\t<\/div>\n\t\t<\/div>\n\t\t\t\t\t<\/div>\n\t\t<\/section>\n\t\t\t\t\t<\/div>\n\t\t<\/div>\n\t\t\t\t\t<\/div>\n\t\t<\/section>\n\t\t\t\t<section class=\"has_eae_slider elementor-section elementor-top-section elementor-element elementor-element-1e70c28 elementor-section-full_width elementor-section-height-default elementor-section-height-default jltma-glass-effect-no\" data-eae-slider=\"90264\" data-id=\"1e70c28\" data-element_type=\"section\" data-e-type=\"section\" data-settings=\"{&quot;_ha_eqh_enable&quot;:false}\">\n\t\t\t\t\t\t<div class=\"elementor-container elementor-column-gap-default\">\n\t\t\t\t\t<div class=\"has_eae_slider elementor-column elementor-col-50 elementor-top-column elementor-element elementor-element-5da6b34 jltma-glass-effect-no\" data-eae-slider=\"69261\" data-id=\"5da6b34\" data-element_type=\"column\" data-e-type=\"column\" data-settings=\"{&quot;background_background&quot;:&quot;classic&quot;}\">\n\t\t\t<div class=\"elementor-widget-wrap elementor-element-populated\">\n\t\t\t\t\t\t<div class=\"elementor-element elementor-element-beae632 jltma-glass-effect-no elementor-widget elementor-widget-text-editor\" data-id=\"beae632\" data-element_type=\"widget\" data-e-type=\"widget\" data-widget_type=\"text-editor.default\">\n\t\t\t\t<div class=\"elementor-widget-container\">\n\t\t\t\t\t\t\t\t\t<p><b><i>ADPETROS<\/i><\/b> fue fundada en Brasil hace dos d\u00e9cadas, habiendo terminado recientemente un desafiante proceso de internacionalizaci\u00f3n, con el cambio de su sede y operaciones para los Emiratos \u00c1rabes Unidos. Este posicionamiento busca una mejor prestaci\u00f3n de servicios y apoyo a sus clientes en cualquier punto del globo.<\/p>\n \n<p>A lo largo de los \u00faltimos 20 a\u00f1os de experiencia, nuestra empresa es referencia de excelencia en las \u00e1reas donde act\u00faa en los sectores de ingenier\u00eda y energ\u00eda, ofreciendo sus especializaciones y conocimientos tecnol\u00f3gicos a las empresas del sector, apoyando a clientes y socios en su desarrollo.<\/p>\n \n<p>En su recorrido de expansi\u00f3n y ascenso, ha venido a conquistar respeto en los mercados donde el grupo viene actuando, por los valores \u00e9ticos, de integridad y de competencia demostrados, lo que constituye una fuerte motivaci\u00f3n para su equipo multidisciplinario ser cada vez m\u00e1s profesional, eficaz y competitiva. De este modo, ADPETROS pretende consolidar su imagen moderna, din\u00e1mica y competitiva, con fuertes valores \u00e9ticos, sacando el m\u00e1ximo partido de la competencia y experiencia nacional e internacional de sus cuadros t\u00e9cnicos.<\/p>\n\t\t\t\t\t\t\t\t<\/div>\n\t\t\t\t<\/div>\n\t\t\t\t<div class=\"elementor-element elementor-element-061d74a jltma-glass-effect-no elementor-widget elementor-widget-heading\" data-id=\"061d74a\" data-element_type=\"widget\" data-e-type=\"widget\" data-widget_type=\"heading.default\">\n\t\t\t\t<div class=\"elementor-widget-container\">\n\t\t\t\t\t<h2 class=\"elementor-heading-title elementor-size-default\">Misi\u00f3n<\/h2>\t\t\t\t<\/div>\n\t\t\t\t<\/div>\n\t\t\t\t<div class=\"elementor-element elementor-element-15e14bc jltma-glass-effect-no elementor-widget elementor-widget-text-editor\" data-id=\"15e14bc\" data-element_type=\"widget\" data-e-type=\"widget\" data-widget_type=\"text-editor.default\">\n\t\t\t\t<div class=\"elementor-widget-container\">\n\t\t\t\t\t\t\t\t\t<p>Nuestra misi\u00f3n se basa en tres puntos fundamentales:<\/p>\n<ul style=\"text-align: left;\">\n <li>Proporcionamos servicios de ingenier\u00eda de excelencia, en cualquier punto del mundo, dotando a nuestros clientes de know-how y de experiencia t\u00e9cnica con los m\u00e1s altos est\u00e1ndares de calidad y de acuerdo con las m\u00e1s exigentes normas t\u00e9cnicas y de seguridad europeas.<\/li><br>\n<li>Ofrecer a nuestros clientes soluciones tecnol\u00f3gicas innovadoras que les permitan posicionarse como referentes mundiales de protecci\u00f3n ambiental en la producci\u00f3n y transformaci\u00f3n de productos petrol\u00edferos.<\/li><br>\n<li>Hacer de la seguridad de nuestros colaboradores, socios y de nuestros proyectos nuestra mayor prioridad.<\/li>\n<\/ul>\t\t\t\t\t\t\t\t<\/div>\n\t\t\t\t<\/div>\n\t\t\t\t<div class=\"elementor-element elementor-element-e805740 jltma-glass-effect-no elementor-widget elementor-widget-heading\" data-id=\"e805740\" data-element_type=\"widget\" data-e-type=\"widget\" data-widget_type=\"heading.default\">\n\t\t\t\t<div class=\"elementor-widget-container\">\n\t\t\t\t\t<h2 class=\"elementor-heading-title elementor-size-default\">Visi\u00f3n<\/h2>\t\t\t\t<\/div>\n\t\t\t\t<\/div>\n\t\t\t\t<div class=\"elementor-element elementor-element-bc1de65 jltma-glass-effect-no elementor-widget elementor-widget-text-editor\" data-id=\"bc1de65\" data-element_type=\"widget\" data-e-type=\"widget\" data-widget_type=\"text-editor.default\">\n\t\t\t\t<div class=\"elementor-widget-container\">\n\t\t\t\t\t\t\t\t\tHacemos una gran empresa de ingenier\u00eda con capacidad para gestionar y ejecutar cualquier proyecto onshore y offshore en cualquier punto del mundo y ser reconocidos por nuestros clientes como un socio imprescindible para su desarrollo y \u00e9xito t\u00e9cnico.\t\t\t\t\t\t\t\t<\/div>\n\t\t\t\t<\/div>\n\t\t\t\t<div class=\"elementor-element elementor-element-66a75fa jltma-glass-effect-no elementor-widget elementor-widget-heading\" data-id=\"66a75fa\" data-element_type=\"widget\" data-e-type=\"widget\" data-widget_type=\"heading.default\">\n\t\t\t\t<div class=\"elementor-widget-container\">\n\t\t\t\t\t<h2 class=\"elementor-heading-title elementor-size-default\">Valores<\/h2>\t\t\t\t<\/div>\n\t\t\t\t<\/div>\n\t\t\t\t<div class=\"elementor-element elementor-element-ed745df jltma-glass-effect-no elementor-widget elementor-widget-text-editor\" data-id=\"ed745df\" data-element_type=\"widget\" data-e-type=\"widget\" data-widget_type=\"text-editor.default\">\n\t\t\t\t<div class=\"elementor-widget-container\">\n\t\t\t\t\t\t\t\t\t<p>Guiamos nuestra conducta t\u00e9cnica y profesional por valores simples pero efectivos:<\/p>\n<ul style=\"text-align: left;\">\n<li>Profesionalismo, haciendo bien a la primera, de acuerdo con la calidad y plazos establecidos con el cliente.<\/li><br>\n<li>Rigor y \u00e9tica, cumpliendo con las propuestas presentadas y sin compromisos que perjudiquen la calidad final de nuestros trabajos.<\/li><br>\n<li>Responsabilidad, haciendo de los trabajos realizados nuestra mejor tarjeta de presentaci\u00f3n.<\/li>\n<\/ul>\t\t\t\t\t\t\t\t<\/div>\n\t\t\t\t<\/div>\n\t\t\t\t\t<\/div>\n\t\t<\/div>\n\t\t\t\t<div class=\"has_eae_slider elementor-column elementor-col-50 elementor-top-column elementor-element elementor-element-75e0bce elementor-hidden-phone jltma-glass-effect-no\" data-eae-slider=\"45817\" data-id=\"75e0bce\" data-element_type=\"column\" data-e-type=\"column\" data-settings=\"{&quot;background_background&quot;:&quot;classic&quot;}\">\n\t\t\t<div class=\"elementor-widget-wrap elementor-element-populated\">\n\t\t\t\t\t\t<div class=\"elementor-element elementor-element-c9c72a2 jltma-glass-effect-no elementor-widget elementor-widget-image\" data-id=\"c9c72a2\" data-element_type=\"widget\" data-e-type=\"widget\" data-widget_type=\"image.default\">\n\t\t\t\t<div class=\"elementor-widget-container\">\n\t\t\t\t\t\t\t\t\t\t\t\t\t\t\t<img fetchpriority=\"high\" decoding=\"async\" width=\"501\" height=\"501\" src=\"https:\/\/www.adpetros.com\/wp-content\/uploads\/2021\/03\/adpetros-flavicon.png\" class=\"attachment-large size-large wp-image-1746\" alt=\"\" srcset=\"https:\/\/www.adpetros.com\/wp-content\/uploads\/2021\/03\/adpetros-flavicon.png 501w, https:\/\/www.adpetros.com\/wp-content\/uploads\/2021\/03\/adpetros-flavicon-300x300.png 300w, https:\/\/www.adpetros.com\/wp-content\/uploads\/2021\/03\/adpetros-flavicon-150x150.png 150w\" sizes=\"(max-width: 501px) 100vw, 501px\" \/>\t\t\t\t\t\t\t\t\t\t\t\t\t\t\t<\/div>\n\t\t\t\t<\/div>\n\t\t\t\t<div class=\"elementor-element elementor-element-eb510cc jltma-glass-effect-no elementor-widget elementor-widget-image\" data-id=\"eb510cc\" data-element_type=\"widget\" data-e-type=\"widget\" data-widget_type=\"image.default\">\n\t\t\t\t<div class=\"elementor-widget-container\">\n\t\t\t\t\t\t\t\t\t\t\t\t\t\t\t<img decoding=\"async\" width=\"740\" height=\"660\" src=\"https:\/\/www.adpetros.com\/wp-content\/uploads\/2021\/05\/MR-20b.jpg\" class=\"attachment-large size-large wp-image-3491\" alt=\"\" srcset=\"https:\/\/www.adpetros.com\/wp-content\/uploads\/2021\/05\/MR-20b.jpg 740w, https:\/\/www.adpetros.com\/wp-content\/uploads\/2021\/05\/MR-20b-300x268.jpg 300w\" sizes=\"(max-width: 740px) 100vw, 740px\" \/>\t\t\t\t\t\t\t\t\t\t\t\t\t\t\t<\/div>\n\t\t\t\t<\/div>\n\t\t\t\t<div class=\"elementor-element elementor-element-d2502e4 jltma-glass-effect-no elementor-widget elementor-widget-image\" data-id=\"d2502e4\" data-element_type=\"widget\" data-e-type=\"widget\" data-widget_type=\"image.default\">\n\t\t\t\t<div class=\"elementor-widget-container\">\n\t\t\t\t\t\t\t\t\t\t\t\t\t\t\t<img decoding=\"async\" width=\"1024\" height=\"538\" src=\"https:\/\/www.adpetros.com\/wp-content\/uploads\/2021\/04\/gtl-1024x538.png\" class=\"attachment-large size-large wp-image-3308\" alt=\"\" srcset=\"https:\/\/www.adpetros.com\/wp-content\/uploads\/2021\/04\/gtl-1024x538.png 1024w, https:\/\/www.adpetros.com\/wp-content\/uploads\/2021\/04\/gtl-300x158.png 300w, https:\/\/www.adpetros.com\/wp-content\/uploads\/2021\/04\/gtl-768x404.png 768w, https:\/\/www.adpetros.com\/wp-content\/uploads\/2021\/04\/gtl.png 1277w\" sizes=\"(max-width: 1024px) 100vw, 1024px\" \/>\t\t\t\t\t\t\t\t\t\t\t\t\t\t\t<\/div>\n\t\t\t\t<\/div>\n\t\t\t\t<div class=\"elementor-element elementor-element-2d91753 jltma-glass-effect-no elementor-widget elementor-widget-image\" data-id=\"2d91753\" data-element_type=\"widget\" data-e-type=\"widget\" data-widget_type=\"image.default\">\n\t\t\t\t<div class=\"elementor-widget-container\">\n\t\t\t\t\t\t\t\t\t\t\t\t\t\t\t<img loading=\"lazy\" decoding=\"async\" width=\"331\" height=\"1024\" src=\"https:\/\/www.adpetros.com\/wp-content\/uploads\/2021\/04\/engenharia-side-img-331x1024.jpg\" class=\"attachment-large size-large wp-image-2703\" alt=\"\" srcset=\"https:\/\/www.adpetros.com\/wp-content\/uploads\/2021\/04\/engenharia-side-img-331x1024.jpg 331w, https:\/\/www.adpetros.com\/wp-content\/uploads\/2021\/04\/engenharia-side-img-97x300.jpg 97w, https:\/\/www.adpetros.com\/wp-content\/uploads\/2021\/04\/engenharia-side-img-496x1536.jpg 496w, https:\/\/www.adpetros.com\/wp-content\/uploads\/2021\/04\/engenharia-side-img-662x2048.jpg 662w, https:\/\/www.adpetros.com\/wp-content\/uploads\/2021\/04\/engenharia-side-img.jpg 688w\" sizes=\"(max-width: 331px) 100vw, 331px\" \/>\t\t\t\t\t\t\t\t\t\t\t\t\t\t\t<\/div>\n\t\t\t\t<\/div>\n\t\t\t\t<div class=\"elementor-element elementor-element-4d36d14 jltma-glass-effect-no elementor-widget elementor-widget-image\" data-id=\"4d36d14\" data-element_type=\"widget\" data-e-type=\"widget\" data-widget_type=\"image.default\">\n\t\t\t\t<div class=\"elementor-widget-container\">\n\t\t\t\t\t\t\t\t\t\t\t\t\t\t\t<img loading=\"lazy\" decoding=\"async\" width=\"1024\" height=\"576\" src=\"https:\/\/www.adpetros.com\/wp-content\/uploads\/2021\/05\/MR-16-1024x576.jpg\" class=\"attachment-large size-large wp-image-3496\" alt=\"\" srcset=\"https:\/\/www.adpetros.com\/wp-content\/uploads\/2021\/05\/MR-16-1024x576.jpg 1024w, https:\/\/www.adpetros.com\/wp-content\/uploads\/2021\/05\/MR-16-300x169.jpg 300w, https:\/\/www.adpetros.com\/wp-content\/uploads\/2021\/05\/MR-16-768x432.jpg 768w, https:\/\/www.adpetros.com\/wp-content\/uploads\/2021\/05\/MR-16.jpg 1366w\" sizes=\"(max-width: 1024px) 100vw, 1024px\" \/>\t\t\t\t\t\t\t\t\t\t\t\t\t\t\t<\/div>\n\t\t\t\t<\/div>\n\t\t\t\t\t<\/div>\n\t\t<\/div>\n\t\t\t\t\t<\/div>\n\t\t<\/section>\n\t\t\t\t<\/div>\n\t\t","protected":false},"excerpt":{"rendered":"<p>Sobre Nosotros ADPETROS fue fundada en Brasil hace dos d\u00e9cadas, habiendo terminado recientemente un desafiante proceso de internacionalizaci\u00f3n, con el cambio de su sede y operaciones para los Emiratos \u00c1rabes Unidos. Este posicionamiento busca una mejor prestaci\u00f3n de servicios y apoyo a sus clientes en cualquier punto del globo. A lo largo de los \u00faltimos [&hellip;]<\/p>\n","protected":false},"author":11,"featured_media":0,"parent":0,"menu_order":0,"comment_status":"closed","ping_status":"closed","template":"","meta":{"site-sidebar-layout":"no-sidebar","site-content-layout":"page-builder","ast-site-content-layout":"default","site-content-style":"default","site-sidebar-style":"default","ast-global-header-display":"","ast-banner-title-visibility":"","ast-main-header-display":"","ast-hfb-above-header-display":"","ast-hfb-below-header-display":"","ast-hfb-mobile-header-display":"","site-post-title":"disabled","ast-breadcrumbs-content":"","ast-featured-img":"disabled","footer-sml-layout":"","ast-disable-related-posts":"","theme-transparent-header-meta":"enabled","adv-header-id-meta":"","stick-header-meta":"default","header-above-stick-meta":"","header-main-stick-meta":"","header-below-stick-meta":"","astra-migrate-meta-layouts":"default","ast-page-background-enabled":"default","ast-page-background-meta":{"desktop":{"background-color":"var(--ast-global-color-4)","background-image":"","background-repeat":"repeat","background-position":"center center","background-size":"auto","background-attachment":"scroll","background-type":"","background-media":"","overlay-type":"","overlay-color":"","overlay-opacity":"","overlay-gradient":""},"tablet":{"background-color":"","background-image":"","background-repeat":"repeat","background-position":"center center","background-size":"auto","background-attachment":"scroll","background-type":"","background-media":"","overlay-type":"","overlay-color":"","overlay-opacity":"","overlay-gradient":""},"mobile":{"background-color":"","background-image":"","background-repeat":"repeat","background-position":"center center","background-size":"auto","background-attachment":"scroll","background-type":"","background-media":"","overlay-type":"","overlay-color":"","overlay-opacity":"","overlay-gradient":""}},"ast-content-background-meta":{"desktop":{"background-color":"var(--ast-global-color-5)","background-image":"","background-repeat":"repeat","background-position":"center center","background-size":"auto","background-attachment":"scroll","background-type":"","background-media":"","overlay-type":"","overlay-color":"","overlay-opacity":"","overlay-gradient":""},"tablet":{"background-color":"var(--ast-global-color-5)","background-image":"","background-repeat":"repeat","background-position":"center center","background-size":"auto","background-attachment":"scroll","background-type":"","background-media":"","overlay-type":"","overlay-color":"","overlay-opacity":"","overlay-gradient":""},"mobile":{"background-color":"var(--ast-global-color-5)","background-image":"","background-repeat":"repeat","background-position":"center center","background-size":"auto","background-attachment":"scroll","background-type":"","background-media":"","overlay-type":"","overlay-color":"","overlay-opacity":"","overlay-gradient":""}},"footnotes":""},"class_list":["post-1331","page","type-page","status-publish","hentry"],"_links":{"self":[{"href":"https:\/\/www.adpetros.com\/es\/wp-json\/wp\/v2\/pages\/1331","targetHints":{"allow":["GET"]}}],"collection":[{"href":"https:\/\/www.adpetros.com\/es\/wp-json\/wp\/v2\/pages"}],"about":[{"href":"https:\/\/www.adpetros.com\/es\/wp-json\/wp\/v2\/types\/page"}],"author":[{"embeddable":true,"href":"https:\/\/www.adpetros.com\/es\/wp-json\/wp\/v2\/users\/11"}],"replies":[{"embeddable":true,"href":"https:\/\/www.adpetros.com\/es\/wp-json\/wp\/v2\/comments?post=1331"}],"version-history":[{"count":41,"href":"https:\/\/www.adpetros.com\/es\/wp-json\/wp\/v2\/pages\/1331\/revisions"}],"predecessor-version":[{"id":3506,"href":"https:\/\/www.adpetros.com\/es\/wp-json\/wp\/v2\/pages\/1331\/revisions\/3506"}],"wp:attachment":[{"href":"https:\/\/www.adpetros.com\/es\/wp-json\/wp\/v2\/media?parent=1331"}],"curies":[{"name":"wp","href":"https:\/\/api.w.org\/{rel}","templated":true}]}}