{"id":1205,"date":"2021-03-10T10:06:12","date_gmt":"2021-03-10T10:06:12","guid":{"rendered":"https:\/\/www.adpetros.com\/comissionamento-2\/"},"modified":"2021-05-03T22:51:01","modified_gmt":"2021-05-03T21:51:01","slug":"comissionamento","status":"publish","type":"page","link":"https:\/\/www.adpetros.com\/es\/comissionamento\/","title":{"rendered":"Comissionamento"},"content":{"rendered":"\t\t<div data-elementor-type=\"wp-page\" data-elementor-id=\"1205\" class=\"elementor elementor-1205\" data-elementor-settings=\"{&quot;ha_cmc_init_switcher&quot;:&quot;no&quot;}\">\n\t\t\t\t\t\t<section class=\"has_eae_slider elementor-section elementor-top-section elementor-element elementor-element-161e505 elementor-section-full_width elementor-section-height-default elementor-section-height-default jltma-glass-effect-no\" data-eae-slider=\"54891\" data-id=\"161e505\" data-element_type=\"section\" data-e-type=\"section\" data-settings=\"{&quot;background_background&quot;:&quot;classic&quot;,&quot;_ha_eqh_enable&quot;:false}\">\n\t\t\t\t\t\t\t<div class=\"elementor-background-overlay\"><\/div>\n\t\t\t\t\t\t\t<div class=\"elementor-container elementor-column-gap-no\">\n\t\t\t\t\t<div class=\"has_eae_slider elementor-column elementor-col-100 elementor-top-column elementor-element elementor-element-d2eba0a jltma-glass-effect-no\" data-eae-slider=\"40551\" data-id=\"d2eba0a\" data-element_type=\"column\" data-e-type=\"column\">\n\t\t\t<div class=\"elementor-widget-wrap elementor-element-populated\">\n\t\t\t\t\t\t<div class=\"elementor-element elementor-element-4ecc643 jltma-glass-effect-no elementor-widget elementor-widget-heading\" data-id=\"4ecc643\" data-element_type=\"widget\" data-e-type=\"widget\" data-widget_type=\"heading.default\">\n\t\t\t\t<div class=\"elementor-widget-container\">\n\t\t\t\t\t<h2 class=\"elementor-heading-title elementor-size-default\">ADPetros - Puesta en Servicio<\/h2>\t\t\t\t<\/div>\n\t\t\t\t<\/div>\n\t\t\t\t\t<\/div>\n\t\t<\/div>\n\t\t\t\t\t<\/div>\n\t\t<\/section>\n\t\t\t\t<section class=\"has_eae_slider elementor-section elementor-top-section elementor-element elementor-element-6a007d3 elementor-section-full_width elementor-section-height-default elementor-section-height-default jltma-glass-effect-no\" data-eae-slider=\"90311\" data-id=\"6a007d3\" data-element_type=\"section\" data-e-type=\"section\" data-settings=\"{&quot;_ha_eqh_enable&quot;:false}\">\n\t\t\t\t\t\t<div class=\"elementor-container elementor-column-gap-default\">\n\t\t\t\t\t<div class=\"has_eae_slider elementor-column elementor-col-100 elementor-top-column elementor-element elementor-element-cf8f3e1 jltma-glass-effect-no\" data-eae-slider=\"15488\" data-id=\"cf8f3e1\" data-element_type=\"column\" data-e-type=\"column\">\n\t\t\t<div class=\"elementor-widget-wrap elementor-element-populated\">\n\t\t\t\t\t\t<div class=\"elementor-element elementor-element-4448c78 jltma-glass-effect-no ha-has-bg-overlay elementor-widget elementor-widget-spacer\" data-id=\"4448c78\" data-element_type=\"widget\" data-e-type=\"widget\" data-widget_type=\"spacer.default\">\n\t\t\t\t<div class=\"elementor-widget-container\">\n\t\t\t\t\t\t\t<div class=\"elementor-spacer\">\n\t\t\t<div class=\"elementor-spacer-inner\"><\/div>\n\t\t<\/div>\n\t\t\t\t\t\t<\/div>\n\t\t\t\t<\/div>\n\t\t\t\t\t<\/div>\n\t\t<\/div>\n\t\t\t\t\t<\/div>\n\t\t<\/section>\n\t\t\t\t<section class=\"has_eae_slider elementor-section elementor-top-section elementor-element elementor-element-efe8c6d elementor-hidden-desktop elementor-hidden-tablet elementor-section-boxed elementor-section-height-default elementor-section-height-default jltma-glass-effect-no\" data-eae-slider=\"46161\" data-id=\"efe8c6d\" data-element_type=\"section\" data-e-type=\"section\" data-settings=\"{&quot;background_background&quot;:&quot;classic&quot;,&quot;_ha_eqh_enable&quot;:false}\">\n\t\t\t\t\t\t<div class=\"elementor-container elementor-column-gap-default\">\n\t\t\t\t\t<div class=\"has_eae_slider elementor-column elementor-col-100 elementor-top-column elementor-element elementor-element-dca2ed4 jltma-glass-effect-no\" data-eae-slider=\"87139\" data-id=\"dca2ed4\" data-element_type=\"column\" data-e-type=\"column\" data-settings=\"{&quot;background_background&quot;:&quot;classic&quot;}\">\n\t\t\t<div class=\"elementor-widget-wrap elementor-element-populated\">\n\t\t\t\t\t\t<div class=\"elementor-element elementor-element-099ae57 jltma-glass-effect-no elementor-widget elementor-widget-text-editor\" data-id=\"099ae57\" data-element_type=\"widget\" data-e-type=\"widget\" data-widget_type=\"text-editor.default\">\n\t\t\t\t<div class=\"elementor-widget-container\">\n\t\t\t\t\t\t\t\t\tAdpetros adopta procedimientos de puesta en servicio preparados de acuerdo con las especificaciones t\u00e9cnicas recomendadas por Petrobras, asegurando que la instalaci\u00f3n operar\u00e1 seg\u00fan lo programado.\t\t\t\t\t\t\t\t<\/div>\n\t\t\t\t<\/div>\n\t\t\t\t\t<\/div>\n\t\t<\/div>\n\t\t\t\t\t<\/div>\n\t\t<\/section>\n\t\t\t\t<section class=\"has_eae_slider elementor-section elementor-top-section elementor-element elementor-element-9eb77b6 elementor-section-full_width triangle-divider-container elementor-hidden-phone elementor-section-height-default elementor-section-height-default jltma-glass-effect-no\" data-eae-slider=\"18886\" data-id=\"9eb77b6\" data-element_type=\"section\" data-e-type=\"section\" data-settings=\"{&quot;background_background&quot;:&quot;classic&quot;,&quot;shape_divider_bottom&quot;:&quot;triangle&quot;}\">\n\t\t\t\t\t<div class=\"elementor-shape elementor-shape-bottom\" aria-hidden=\"true\" data-negative=\"false\">\n\t\t\t<svg xmlns=\"http:\/\/www.w3.org\/2000\/svg\" viewBox=\"0 0 1000 100\" preserveAspectRatio=\"none\">\n\t<path class=\"elementor-shape-fill\" d=\"M500,98.9L0,6.1V0h1000v6.1L500,98.9z\"\/>\n<\/svg>\t\t<\/div>\n\t\t\t\t\t<div class=\"elementor-container elementor-column-gap-default\">\n\t\t\t\t\t<div class=\"has_eae_slider elementor-column elementor-col-50 elementor-top-column elementor-element elementor-element-ff1be08 jltma-glass-effect-no\" data-eae-slider=\"69299\" data-id=\"ff1be08\" data-element_type=\"column\" data-e-type=\"column\" data-settings=\"{&quot;background_background&quot;:&quot;classic&quot;}\">\n\t\t\t<div class=\"elementor-widget-wrap\">\n\t\t\t\t\t\t\t<\/div>\n\t\t<\/div>\n\t\t\t\t<div class=\"has_eae_slider elementor-column elementor-col-50 elementor-top-column elementor-element elementor-element-56cabfd jltma-glass-effect-no\" data-eae-slider=\"92059\" data-id=\"56cabfd\" data-element_type=\"column\" data-e-type=\"column\" data-settings=\"{&quot;background_background&quot;:&quot;classic&quot;}\">\n\t\t\t<div class=\"elementor-widget-wrap elementor-element-populated\">\n\t\t\t\t\t\t<div class=\"elementor-element elementor-element-3a899c2 ha-css-transform-yes jltma-glass-effect-no elementor-widget elementor-widget-text-editor\" data-id=\"3a899c2\" data-element_type=\"widget\" data-e-type=\"widget\" data-widget_type=\"text-editor.default\">\n\t\t\t\t<div class=\"elementor-widget-container\">\n\t\t\t\t\t\t\t\t\t<p>ADPetros adopta procedimientos de puesta en servicio preparados de acuerdo con las especificaciones t\u00e9cnicas recomendadas por grandes empresas petroleras internacionales, asegurando que la instalaci\u00f3n operar\u00e1 seg\u00fan lo programado.<\/p>\t\t\t\t\t\t\t\t<\/div>\n\t\t\t\t<\/div>\n\t\t\t\t\t<\/div>\n\t\t<\/div>\n\t\t\t\t\t<\/div>\n\t\t<\/section>\n\t\t\t\t<section class=\"has_eae_slider elementor-section elementor-top-section elementor-element elementor-element-1e70c28 elementor-section-full_width elementor-section-height-default elementor-section-height-default jltma-glass-effect-no\" data-eae-slider=\"32107\" data-id=\"1e70c28\" data-element_type=\"section\" data-e-type=\"section\" data-settings=\"{&quot;_ha_eqh_enable&quot;:false}\">\n\t\t\t\t\t\t<div class=\"elementor-container elementor-column-gap-default\">\n\t\t\t\t\t<div class=\"has_eae_slider elementor-column elementor-col-50 elementor-top-column elementor-element elementor-element-5da6b34 jltma-glass-effect-no\" data-eae-slider=\"69572\" data-id=\"5da6b34\" data-element_type=\"column\" data-e-type=\"column\" data-settings=\"{&quot;background_background&quot;:&quot;classic&quot;}\">\n\t\t\t<div class=\"elementor-widget-wrap elementor-element-populated\">\n\t\t\t\t\t\t<div class=\"elementor-element elementor-element-beae632 jltma-glass-effect-no elementor-widget elementor-widget-text-editor\" data-id=\"beae632\" data-element_type=\"widget\" data-e-type=\"widget\" data-widget_type=\"text-editor.default\">\n\t\t\t\t<div class=\"elementor-widget-container\">\n\t\t\t\t\t\t\t\t\tLa puesta en servicio se divide en dos fases:\t\t\t\t\t\t\t\t<\/div>\n\t\t\t\t<\/div>\n\t\t\t\t<div class=\"elementor-element elementor-element-061d74a jltma-glass-effect-no elementor-widget elementor-widget-heading\" data-id=\"061d74a\" data-element_type=\"widget\" data-e-type=\"widget\" data-widget_type=\"heading.default\">\n\t\t\t\t<div class=\"elementor-widget-container\">\n\t\t\t\t\t<h2 class=\"elementor-heading-title elementor-size-default\">Planificaci\u00f3n de la puesta en servicio<\/h2>\t\t\t\t<\/div>\n\t\t\t\t<\/div>\n\t\t\t\t<div class=\"elementor-element elementor-element-15e14bc jltma-glass-effect-no elementor-widget elementor-widget-text-editor\" data-id=\"15e14bc\" data-element_type=\"widget\" data-e-type=\"widget\" data-widget_type=\"text-editor.default\">\n\t\t\t\t<div class=\"elementor-widget-container\">\n\t\t\t\t\t\t\t\t\t<ul><li>Elaboraci\u00f3n del plan de puesta en servicio;<\/li><li>Elaboraci\u00f3n de procedimientos;<\/li><li>Planificaci\u00f3n de las actividades de puesta en marcha;<\/li><li>Aire acondicionado del software de puesta en marcha.<\/li><\/ul>\t\t\t\t\t\t\t\t<\/div>\n\t\t\t\t<\/div>\n\t\t\t\t<div class=\"elementor-element elementor-element-59f834d jltma-glass-effect-no elementor-widget elementor-widget-image\" data-id=\"59f834d\" data-element_type=\"widget\" data-e-type=\"widget\" data-widget_type=\"image.default\">\n\t\t\t\t<div class=\"elementor-widget-container\">\n\t\t\t\t\t\t\t\t\t\t\t\t\t\t\t<img fetchpriority=\"high\" decoding=\"async\" width=\"1024\" height=\"964\" src=\"https:\/\/www.adpetros.com\/wp-content\/uploads\/2021\/04\/esquema-comissionamento-ES-1024x964.png\" class=\"attachment-large size-large wp-image-3136\" alt=\"\" srcset=\"https:\/\/www.adpetros.com\/wp-content\/uploads\/2021\/04\/esquema-comissionamento-ES-1024x964.png 1024w, https:\/\/www.adpetros.com\/wp-content\/uploads\/2021\/04\/esquema-comissionamento-ES-300x282.png 300w, https:\/\/www.adpetros.com\/wp-content\/uploads\/2021\/04\/esquema-comissionamento-ES-768x723.png 768w, https:\/\/www.adpetros.com\/wp-content\/uploads\/2021\/04\/esquema-comissionamento-ES-1536x1446.png 1536w, https:\/\/www.adpetros.com\/wp-content\/uploads\/2021\/04\/esquema-comissionamento-ES.png 2034w\" sizes=\"(max-width: 1024px) 100vw, 1024px\" \/>\t\t\t\t\t\t\t\t\t\t\t\t\t\t\t<\/div>\n\t\t\t\t<\/div>\n\t\t\t\t<div class=\"elementor-element elementor-element-e805740 jltma-glass-effect-no elementor-widget elementor-widget-heading\" data-id=\"e805740\" data-element_type=\"widget\" data-e-type=\"widget\" data-widget_type=\"heading.default\">\n\t\t\t\t<div class=\"elementor-widget-container\">\n\t\t\t\t\t<h2 class=\"elementor-heading-title elementor-size-default\">Campo<\/h2>\t\t\t\t<\/div>\n\t\t\t\t<\/div>\n\t\t\t\t<div class=\"elementor-element elementor-element-bc1de65 jltma-glass-effect-no elementor-widget elementor-widget-text-editor\" data-id=\"bc1de65\" data-element_type=\"widget\" data-e-type=\"widget\" data-widget_type=\"text-editor.default\">\n\t\t\t\t<div class=\"elementor-widget-container\">\n\t\t\t\t\t\t\t\t\t<ul><li>Seguimiento de la planificaci\u00f3n;<\/li><li>Supervisi\u00f3n y ejecuci\u00f3n:<ul><li>Recepci\u00f3n y conservaci\u00f3n;<\/li><li>Puesta en servicio previa;<\/li><li>Acondicionamiento;<\/li><li>Pruebas funcionales;<\/li><li>Pruebas de rutina;<\/li><li>Integraci\u00f3n de sistemas;<\/li><li>Puesta en marcha y operaci\u00f3n asistida;<\/li><li>Aceptaci\u00f3n y documentaci\u00f3n final;<\/li><\/ul><\/li><li>Entrega por subsistemas al cliente final, permitiendo que los EPC no tengan un gasto adicional con mantenimiento. Si el EPC no tiene software de control de documentaci\u00f3n, Adpetros lo pondr\u00e1 a disposici\u00f3n.<\/li><\/ul>\t\t\t\t\t\t\t\t<\/div>\n\t\t\t\t<\/div>\n\t\t\t\t\t<\/div>\n\t\t<\/div>\n\t\t\t\t<div class=\"has_eae_slider elementor-column elementor-col-50 elementor-top-column elementor-element elementor-element-75e0bce elementor-hidden-phone jltma-glass-effect-no\" data-eae-slider=\"48945\" data-id=\"75e0bce\" data-element_type=\"column\" data-e-type=\"column\" data-settings=\"{&quot;background_background&quot;:&quot;classic&quot;}\">\n\t\t\t<div class=\"elementor-widget-wrap elementor-element-populated\">\n\t\t\t\t\t\t<div class=\"elementor-element elementor-element-aa0db9c jltma-glass-effect-no elementor-widget elementor-widget-image\" data-id=\"aa0db9c\" data-element_type=\"widget\" data-e-type=\"widget\" data-widget_type=\"image.default\">\n\t\t\t\t<div class=\"elementor-widget-container\">\n\t\t\t\t\t\t\t\t\t\t\t\t\t\t\t<img decoding=\"async\" width=\"1024\" height=\"540\" src=\"https:\/\/www.adpetros.com\/wp-content\/uploads\/2021\/04\/switches-1024x540.jpg\" class=\"attachment-large size-large wp-image-3195\" alt=\"\" srcset=\"https:\/\/www.adpetros.com\/wp-content\/uploads\/2021\/04\/switches-1024x540.jpg 1024w, https:\/\/www.adpetros.com\/wp-content\/uploads\/2021\/04\/switches-300x158.jpg 300w, https:\/\/www.adpetros.com\/wp-content\/uploads\/2021\/04\/switches-768x405.jpg 768w, https:\/\/www.adpetros.com\/wp-content\/uploads\/2021\/04\/switches.jpg 1280w\" sizes=\"(max-width: 1024px) 100vw, 1024px\" \/>\t\t\t\t\t\t\t\t\t\t\t\t\t\t\t<\/div>\n\t\t\t\t<\/div>\n\t\t\t\t<div class=\"elementor-element elementor-element-4647e39 jltma-glass-effect-no elementor-widget elementor-widget-image\" data-id=\"4647e39\" data-element_type=\"widget\" data-e-type=\"widget\" data-widget_type=\"image.default\">\n\t\t\t\t<div class=\"elementor-widget-container\">\n\t\t\t\t\t\t\t\t\t\t\t\t\t\t\t<img decoding=\"async\" width=\"299\" height=\"260\" src=\"https:\/\/www.adpetros.com\/wp-content\/uploads\/2021\/05\/Untitled-6.jpg\" class=\"attachment-large size-large wp-image-3477\" alt=\"\" \/>\t\t\t\t\t\t\t\t\t\t\t\t\t\t\t<\/div>\n\t\t\t\t<\/div>\n\t\t\t\t<div class=\"elementor-element elementor-element-9166315 jltma-glass-effect-no elementor-widget elementor-widget-image\" data-id=\"9166315\" data-element_type=\"widget\" data-e-type=\"widget\" data-widget_type=\"image.default\">\n\t\t\t\t<div class=\"elementor-widget-container\">\n\t\t\t\t\t\t\t\t\t\t\t\t\t\t\t<img loading=\"lazy\" decoding=\"async\" width=\"1024\" height=\"539\" src=\"https:\/\/www.adpetros.com\/wp-content\/uploads\/2021\/04\/stage2-1024x539.jpg\" class=\"attachment-large size-large wp-image-3213\" alt=\"\" srcset=\"https:\/\/www.adpetros.com\/wp-content\/uploads\/2021\/04\/stage2-1024x539.jpg 1024w, https:\/\/www.adpetros.com\/wp-content\/uploads\/2021\/04\/stage2-300x158.jpg 300w, https:\/\/www.adpetros.com\/wp-content\/uploads\/2021\/04\/stage2-768x404.jpg 768w, https:\/\/www.adpetros.com\/wp-content\/uploads\/2021\/04\/stage2.jpg 1279w\" sizes=\"(max-width: 1024px) 100vw, 1024px\" \/>\t\t\t\t\t\t\t\t\t\t\t\t\t\t\t<\/div>\n\t\t\t\t<\/div>\n\t\t\t\t<div class=\"elementor-element elementor-element-83b3d87 jltma-glass-effect-no elementor-widget elementor-widget-image\" data-id=\"83b3d87\" data-element_type=\"widget\" data-e-type=\"widget\" data-widget_type=\"image.default\">\n\t\t\t\t<div class=\"elementor-widget-container\">\n\t\t\t\t\t\t\t\t\t\t\t\t\t\t\t<img loading=\"lazy\" decoding=\"async\" width=\"331\" height=\"1024\" src=\"https:\/\/www.adpetros.com\/wp-content\/uploads\/2021\/04\/engenharia-side-img-331x1024.jpg\" class=\"attachment-large size-large wp-image-2703\" alt=\"\" srcset=\"https:\/\/www.adpetros.com\/wp-content\/uploads\/2021\/04\/engenharia-side-img-331x1024.jpg 331w, https:\/\/www.adpetros.com\/wp-content\/uploads\/2021\/04\/engenharia-side-img-97x300.jpg 97w, https:\/\/www.adpetros.com\/wp-content\/uploads\/2021\/04\/engenharia-side-img-496x1536.jpg 496w, https:\/\/www.adpetros.com\/wp-content\/uploads\/2021\/04\/engenharia-side-img-662x2048.jpg 662w, https:\/\/www.adpetros.com\/wp-content\/uploads\/2021\/04\/engenharia-side-img.jpg 688w\" sizes=\"(max-width: 331px) 100vw, 331px\" \/>\t\t\t\t\t\t\t\t\t\t\t\t\t\t\t<\/div>\n\t\t\t\t<\/div>\n\t\t\t\t<div class=\"elementor-element elementor-element-fd96869 jltma-glass-effect-no elementor-widget elementor-widget-image\" data-id=\"fd96869\" data-element_type=\"widget\" data-e-type=\"widget\" data-widget_type=\"image.default\">\n\t\t\t\t<div class=\"elementor-widget-container\">\n\t\t\t\t\t\t\t\t\t\t\t\t\t\t\t<img loading=\"lazy\" decoding=\"async\" width=\"1024\" height=\"538\" src=\"https:\/\/www.adpetros.com\/wp-content\/uploads\/2021\/04\/refinery-1024x538.jpg\" class=\"attachment-large size-large wp-image-3223\" alt=\"\" srcset=\"https:\/\/www.adpetros.com\/wp-content\/uploads\/2021\/04\/refinery-1024x538.jpg 1024w, https:\/\/www.adpetros.com\/wp-content\/uploads\/2021\/04\/refinery-300x158.jpg 300w, https:\/\/www.adpetros.com\/wp-content\/uploads\/2021\/04\/refinery-768x404.jpg 768w, https:\/\/www.adpetros.com\/wp-content\/uploads\/2021\/04\/refinery.jpg 1277w\" sizes=\"(max-width: 1024px) 100vw, 1024px\" \/>\t\t\t\t\t\t\t\t\t\t\t\t\t\t\t<\/div>\n\t\t\t\t<\/div>\n\t\t\t\t<div class=\"elementor-element elementor-element-ec361ae jltma-glass-effect-no elementor-widget elementor-widget-image\" data-id=\"ec361ae\" data-element_type=\"widget\" data-e-type=\"widget\" data-widget_type=\"image.default\">\n\t\t\t\t<div class=\"elementor-widget-container\">\n\t\t\t\t\t\t\t\t\t\t\t\t\t\t\t<img loading=\"lazy\" decoding=\"async\" width=\"1024\" height=\"683\" src=\"https:\/\/www.adpetros.com\/wp-content\/uploads\/2021\/03\/engenharia-1024x683.jpg\" class=\"attachment-large size-large wp-image-2326\" alt=\"\" srcset=\"https:\/\/www.adpetros.com\/wp-content\/uploads\/2021\/03\/engenharia-1024x683.jpg 1024w, https:\/\/www.adpetros.com\/wp-content\/uploads\/2021\/03\/engenharia-300x200.jpg 300w, https:\/\/www.adpetros.com\/wp-content\/uploads\/2021\/03\/engenharia-768x512.jpg 768w, https:\/\/www.adpetros.com\/wp-content\/uploads\/2021\/03\/engenharia.jpg 1440w\" sizes=\"(max-width: 1024px) 100vw, 1024px\" \/>\t\t\t\t\t\t\t\t\t\t\t\t\t\t\t<\/div>\n\t\t\t\t<\/div>\n\t\t\t\t\t<\/div>\n\t\t<\/div>\n\t\t\t\t\t<\/div>\n\t\t<\/section>\n\t\t\t\t<\/div>\n\t\t","protected":false},"excerpt":{"rendered":"<p>ADPetros &#8211; Puesta en Servicio Adpetros adopta procedimientos de puesta en servicio preparados de acuerdo con las especificaciones t\u00e9cnicas recomendadas por Petrobras, asegurando que la instalaci\u00f3n operar\u00e1 seg\u00fan lo programado. ADPetros adopta procedimientos de puesta en servicio preparados de acuerdo con las especificaciones t\u00e9cnicas recomendadas por grandes empresas petroleras internacionales, asegurando que la instalaci\u00f3n operar\u00e1 [&hellip;]<\/p>\n","protected":false},"author":11,"featured_media":0,"parent":0,"menu_order":0,"comment_status":"closed","ping_status":"closed","template":"","meta":{"site-sidebar-layout":"no-sidebar","site-content-layout":"page-builder","ast-site-content-layout":"default","site-content-style":"default","site-sidebar-style":"default","ast-global-header-display":"","ast-banner-title-visibility":"","ast-main-header-display":"","ast-hfb-above-header-display":"","ast-hfb-below-header-display":"","ast-hfb-mobile-header-display":"","site-post-title":"disabled","ast-breadcrumbs-content":"","ast-featured-img":"disabled","footer-sml-layout":"","ast-disable-related-posts":"","theme-transparent-header-meta":"enabled","adv-header-id-meta":"","stick-header-meta":"default","header-above-stick-meta":"","header-main-stick-meta":"","header-below-stick-meta":"","astra-migrate-meta-layouts":"default","ast-page-background-enabled":"default","ast-page-background-meta":{"desktop":{"background-color":"var(--ast-global-color-4)","background-image":"","background-repeat":"repeat","background-position":"center center","background-size":"auto","background-attachment":"scroll","background-type":"","background-media":"","overlay-type":"","overlay-color":"","overlay-opacity":"","overlay-gradient":""},"tablet":{"background-color":"","background-image":"","background-repeat":"repeat","background-position":"center center","background-size":"auto","background-attachment":"scroll","background-type":"","background-media":"","overlay-type":"","overlay-color":"","overlay-opacity":"","overlay-gradient":""},"mobile":{"background-color":"","background-image":"","background-repeat":"repeat","background-position":"center center","background-size":"auto","background-attachment":"scroll","background-type":"","background-media":"","overlay-type":"","overlay-color":"","overlay-opacity":"","overlay-gradient":""}},"ast-content-background-meta":{"desktop":{"background-color":"var(--ast-global-color-5)","background-image":"","background-repeat":"repeat","background-position":"center center","background-size":"auto","background-attachment":"scroll","background-type":"","background-media":"","overlay-type":"","overlay-color":"","overlay-opacity":"","overlay-gradient":""},"tablet":{"background-color":"var(--ast-global-color-5)","background-image":"","background-repeat":"repeat","background-position":"center center","background-size":"auto","background-attachment":"scroll","background-type":"","background-media":"","overlay-type":"","overlay-color":"","overlay-opacity":"","overlay-gradient":""},"mobile":{"background-color":"var(--ast-global-color-5)","background-image":"","background-repeat":"repeat","background-position":"center center","background-size":"auto","background-attachment":"scroll","background-type":"","background-media":"","overlay-type":"","overlay-color":"","overlay-opacity":"","overlay-gradient":""}},"footnotes":""},"class_list":["post-1205","page","type-page","status-publish","hentry"],"_links":{"self":[{"href":"https:\/\/www.adpetros.com\/es\/wp-json\/wp\/v2\/pages\/1205","targetHints":{"allow":["GET"]}}],"collection":[{"href":"https:\/\/www.adpetros.com\/es\/wp-json\/wp\/v2\/pages"}],"about":[{"href":"https:\/\/www.adpetros.com\/es\/wp-json\/wp\/v2\/types\/page"}],"author":[{"embeddable":true,"href":"https:\/\/www.adpetros.com\/es\/wp-json\/wp\/v2\/users\/11"}],"replies":[{"embeddable":true,"href":"https:\/\/www.adpetros.com\/es\/wp-json\/wp\/v2\/comments?post=1205"}],"version-history":[{"count":65,"href":"https:\/\/www.adpetros.com\/es\/wp-json\/wp\/v2\/pages\/1205\/revisions"}],"predecessor-version":[{"id":3481,"href":"https:\/\/www.adpetros.com\/es\/wp-json\/wp\/v2\/pages\/1205\/revisions\/3481"}],"wp:attachment":[{"href":"https:\/\/www.adpetros.com\/es\/wp-json\/wp\/v2\/media?parent=1205"}],"curies":[{"name":"wp","href":"https:\/\/api.w.org\/{rel}","templated":true}]}}